{"id":1575,"date":"2023-04-26T14:25:12","date_gmt":"2023-04-26T06:25:12","guid":{"rendered":"https:\/\/fsportsnet.com\/?post_type=product&#038;p=1575"},"modified":"2023-04-27T10:10:00","modified_gmt":"2023-04-27T02:10:00","slug":"professional-soccer-rebound-net-7x7ft-angle-adjustable","status":"publish","type":"product","link":"https:\/\/fsportsnet.com\/de\/product\/professional-soccer-rebound-net-7x7ft-angle-adjustable\/","title":{"rendered":"Professionelle Fu\u00dfball Rebound Net 7x7ft Winkel einstellbar"},"content":{"rendered":"<div id=\"featurebullets_feature_div\" class=\"celwidget\" data-feature-name=\"featurebullets\" data-csa-c-type=\"widget\" data-csa-c-content-id=\"featurebullets\" data-csa-c-slot-id=\"featurebullets_feature_div\" data-csa-c-asin=\"B00VUMGYLQ\" data-csa-c-is-in-initial-active-row=\"false\" data-csa-c-id=\"r02nsd-ek31ro-15bazj-k71de6\" data-cel-widget=\"featurebullets_feature_div\">\n<div id=\"feature-bullets\" class=\"a-section a-spacing-medium a-spacing-top-small\">\n<ul class=\"a-unordered-list a-vertical a-spacing-mini\">\n<li>1. Gr\u00f6\u00dfe: 7x7ft<br \/>\n2. Stahlrohr: \u03a625 x 1,0mm<br \/>\n3. Fiberglas: 12,7 mm massive Stangen<br \/>\n4. Netz: 3lagig x 2,5cm<\/li>\n<li>\n<h1 class=\"a-size-base-plus a-text-bold\">\u00dcber diesen Artikel<\/h1>\n<ul class=\"a-unordered-list a-vertical a-spacing-mini\">\n<li><span class=\"a-list-item\">WINKELVERSTELLBARES DESIGN- Mit dem einzigartigen Design der Winkelverstellung k\u00f6nnen Sie das Abprallnetz in 2 Winkeln anheben, um eine realistischere \u00dcbungsumgebung zu schaffen als mit jedem anderen Rebounder auf dem Markt. Bringen Sie Ihr Fu\u00dfballspiel auf die n\u00e4chste Stufe, um jede Art von Pass zu empfangen. Passt die Winkel an, um Boden-, Knie-, Brust- und Hitzeschutzf\u00e4higkeiten zu \u00fcben.<\/span><\/li>\n<li><span class=\"a-list-item\">PROFESSIONELLES TRAININGSWERKZEUG - Der Rebounder verf\u00fcgt \u00fcber ein hochgespanntes R\u00fcckprallnetz. Entwickelt f\u00fcr Spieler, die gemeinsam oder alleine trainieren, um sowohl Pr\u00e4zision als auch Geschicklichkeit in allen Aspekten des Spiels zu verbessern. Genie\u00dfen Sie jede Minute, in der Sie B\u00e4lle aus jedem Winkel schie\u00dfen k\u00f6nnen, dank der gro\u00dfen Fl\u00e4che von 7 Fu\u00df mal 7 Fu\u00df, ohne \u201ctote\u201d Bereiche, die nicht zur\u00fcckspringen. Mit High-End-Bungees, einer R\u00fccklauffl\u00e4che von fast 72 Quadratmetern und einer aufgemalten Zielscheibe, damit Sie genau zielen k\u00f6nnen, wird Ihr Fu\u00dfballspiel auf dem Weg zur Legende sein.<\/span><\/li>\n<li><span class=\"a-list-item\">ROBUSTE KONSTRUKTION - Das aus pulverbeschichtetem Stahl und hochwertigem Netzmaterial gefertigte Netz h\u00e4lt unz\u00e4hligen Schl\u00e4gen stand und ist kippsicher. Dank des knotenlosen Polyesternetzes mit 420D-PU-Beschichtung \u00fcbersteht unser Golfschl\u00e4gernetz den Missbrauch der h\u00e4rtesten Schl\u00e4ge Saison f\u00fcr Saison.<\/span><\/li>\n<li><span class=\"a-list-item\">MULTIFUNKTION - Unser Netz kann bedenkenlos im Innen- und Au\u00dfenbereich verwendet werden. Der Rahmen hat extralange St\u00fctzbeine f\u00fcr zus\u00e4tzliche Stabilit\u00e4t auf dem Boden, w\u00e4hrend weitere 4 Bodenheringe f\u00fcr Ultra-Stabilit\u00e4t. Perfekt f\u00fcr Lacrosse, Baseball, Softball, Fu\u00dfball, Football, Basketball, Volleyball, Tennis und Schl\u00e4gersportarten. Kann f\u00fcr als tragbare Backstop f\u00fcr jede Sportart und perfekt f\u00fcr Trainingseinheiten oder scrimmages in jedem Hinterhof, Garage oder auf dem Feld verwendet werden.<\/span><\/li>\n<li><span class=\"a-list-item\">EINFACHER AUFBAU - Dank des Designs muss unser Trampolinnetz nicht kompliziert zusammengebaut werden, sondern l\u00e4sst sich in wenigen Minuten aufbauen und ben\u00f6tigt keinerlei St\u00fctzseile. Kann auf Gras, Sand, Turnhallenb\u00f6den, Beton und mehr verwendet werden.<\/span><\/li>\n<\/ul>\n<\/li>\n<\/ul>\n<\/div>\n<\/div>\n<div id=\"serviceCapabilities_feature_div\" class=\"celwidget\" data-feature-name=\"serviceCapabilities\" data-csa-c-type=\"widget\" data-csa-c-content-id=\"serviceCapabilities\" data-csa-c-slot-id=\"serviceCapabilities_feature_div\" data-csa-c-asin=\"B00VUMGYLQ\" data-csa-c-is-in-initial-active-row=\"false\" data-csa-c-id=\"cdqbcs-cqt9yd-frehzg-ddrb62\" data-cel-widget=\"serviceCapabilities_feature_div\"><\/div>","protected":false},"excerpt":{"rendered":"<p>Das Fsports Soccer Trainer Rebounder Netz muss nicht kompliziert zusammengebaut werden, sondern ist in wenigen Minuten aufgebaut und ben\u00f6tigt keine St\u00fctzseile. Kann auf Rasen, Sand, Turnhallenb\u00f6den, Beton und mehr verwendet werden.<\/p>","protected":false},"featured_media":1582,"template":"","meta":{"_gspb_post_css":""},"product_brand":[],"product_cat":[32],"product_tag":[],"class_list":{"0":"post-1575","1":"product","2":"type-product","3":"status-publish","4":"has-post-thumbnail","6":"product_cat-rebounder","8":"first","9":"instock","10":"shipping-taxable","11":"product-type-simple"},"_links":{"self":[{"href":"https:\/\/fsportsnet.com\/de\/wp-json\/wp\/v2\/product\/1575","targetHints":{"allow":["GET"]}}],"collection":[{"href":"https:\/\/fsportsnet.com\/de\/wp-json\/wp\/v2\/product"}],"about":[{"href":"https:\/\/fsportsnet.com\/de\/wp-json\/wp\/v2\/types\/product"}],"wp:featuredmedia":[{"embeddable":true,"href":"https:\/\/fsportsnet.com\/de\/wp-json\/wp\/v2\/media\/1582"}],"wp:attachment":[{"href":"https:\/\/fsportsnet.com\/de\/wp-json\/wp\/v2\/media?parent=1575"}],"wp:term":[{"taxonomy":"product_brand","embeddable":true,"href":"https:\/\/fsportsnet.com\/de\/wp-json\/wp\/v2\/product_brand?post=1575"},{"taxonomy":"product_cat","embeddable":true,"href":"https:\/\/fsportsnet.com\/de\/wp-json\/wp\/v2\/product_cat?post=1575"},{"taxonomy":"product_tag","embeddable":true,"href":"https:\/\/fsportsnet.com\/de\/wp-json\/wp\/v2\/product_tag?post=1575"}],"curies":[{"name":"wp","href":"https:\/\/api.w.org\/{rel}","templated":true}]}}