{"id":1600,"date":"2023-04-27T10:10:37","date_gmt":"2023-04-27T02:10:37","guid":{"rendered":"https:\/\/fsportsnet.com\/?post_type=product&#038;p=1600"},"modified":"2023-04-27T10:18:52","modified_gmt":"2023-04-27T02:18:52","slug":"solo-soccer-net-trainer-and-rebounder-with-carry-bag","status":"publish","type":"product","link":"https:\/\/fsportsnet.com\/de\/product\/solo-soccer-net-trainer-and-rebounder-with-carry-bag\/","title":{"rendered":"Solo Soccer Net Trainer und Rebounder mit Tragetasche"},"content":{"rendered":"<div id=\"featurebullets_feature_div\" class=\"celwidget\" data-feature-name=\"featurebullets\" data-csa-c-type=\"widget\" data-csa-c-content-id=\"featurebullets\" data-csa-c-slot-id=\"featurebullets_feature_div\" data-csa-c-asin=\"B00VUMGYLQ\" data-csa-c-is-in-initial-active-row=\"false\" data-csa-c-id=\"r02nsd-ek31ro-15bazj-k71de6\" data-cel-widget=\"featurebullets_feature_div\">\n<div id=\"feature-bullets\" class=\"a-section a-spacing-medium a-spacing-top-small\">\n<ul class=\"a-unordered-list a-vertical a-spacing-mini\">\n<li>1. Gr\u00f6\u00dfe: 1X1.5m<br \/>\n2. Netz: Polyester<br \/>\n3. Rahmen: Dia \u03a625*1.0mm<br \/>\n4. Stange: 12,7 mm solides Fiberglas<br \/>\n5. Tasche: 600D Oxford<\/li>\n<li>\n<h1 class=\"a-size-base-plus a-text-bold\">\u00dcber diesen Artikel<\/h1>\n<ul class=\"a-unordered-list a-vertical a-spacing-mini\">\n<li><span class=\"a-list-item\">Arbeit an Volleys und Halbvolleys mit Spann und Schn\u00fcrsenkeln<\/span><\/li>\n<li><span class=\"a-list-item\">Den Ball mit den F\u00fc\u00dfen, den Oberschenkeln und der Brust aus der Luft bef\u00f6rdern und dabei die Wiederholungen maximieren<\/span><\/li>\n<li><span class=\"a-list-item\">Tragbar, leicht und einfach zu verstauen<\/span><\/li>\n<li><span class=\"a-list-item\">Befestigte Spikes zur Sicherung des Netzes am Boden<\/span><\/li>\n<li><span class=\"a-list-item\">Netz misst 5\u2019x 3\u2019, inklusive Tragetasche<\/span><\/li>\n<li><span class=\"a-list-item\">MULTIFUNKTION - Unser Netz kann bedenkenlos im Innen- und Au\u00dfenbereich verwendet werden. Der Rahmen hat extralange St\u00fctzbeine f\u00fcr zus\u00e4tzliche Stabilit\u00e4t auf dem Boden, w\u00e4hrend weitere 4 Bodenheringe f\u00fcr Ultra-Stabilit\u00e4t. Perfekt f\u00fcr Lacrosse, Baseball, Softball, Fu\u00dfball, Football, Basketball, Volleyball, Tennis und Schl\u00e4gersportarten. Kann f\u00fcr als tragbare Backstop f\u00fcr jede Sportart und perfekt f\u00fcr Trainingseinheiten oder scrimmages in jedem Hinterhof, Garage oder auf dem Feld verwendet werden.<\/span><\/li>\n<li><span class=\"a-list-item\">EINFACHER AUFBAU - Dank des Designs muss unser Trampolinnetz nicht kompliziert zusammengebaut werden, sondern l\u00e4sst sich in wenigen Minuten aufbauen und ben\u00f6tigt keinerlei St\u00fctzseile. Kann auf Gras, Sand, Turnhallenb\u00f6den, Beton und mehr verwendet werden.<\/span><\/li>\n<\/ul>\n<\/li>\n<\/ul>\n<\/div>\n<\/div>\n<div id=\"serviceCapabilities_feature_div\" class=\"celwidget\" data-feature-name=\"serviceCapabilities\" data-csa-c-type=\"widget\" data-csa-c-content-id=\"serviceCapabilities\" data-csa-c-slot-id=\"serviceCapabilities_feature_div\" data-csa-c-asin=\"B00VUMGYLQ\" data-csa-c-is-in-initial-active-row=\"false\" data-csa-c-id=\"cdqbcs-cqt9yd-frehzg-ddrb62\" data-cel-widget=\"serviceCapabilities_feature_div\"><\/div>","protected":false},"excerpt":{"rendered":"<p>Hilft den Sportlern, den Ball mit den F\u00fc\u00dfen, den Oberschenkeln und der Brust aus der Luft zu bef\u00f6rdern, w\u00e4hrend sie sich auf die Maximierung der Wiederholungen konzentrieren. Der Soccer Trainer Solo ist ideal f\u00fcr die Arbeit an Volleys und Halbvolleys mit Spann und Schn\u00fcrsenkeln, wodurch eine bessere Ballkontrolle und Genauigkeit erreicht wird. Die Athleten sind in der Lage, diese ge\u00fcbten F\u00e4higkeiten auf spiel\u00e4hnliche Situationen zu \u00fcbertragen. Der Soccer Trainer Solo wurde mit einem Netz mit optimalem R\u00fcckprallverhalten entwickelt, das f\u00fcr eine lange Lebensdauer ausgelegt ist. Verwenden Sie den Soccer Trainer Solo, um im Hinterhof zu \u00fcben und die Technik durch Solotraining zu verbessern, damit Sie auf dem Spielfeld besser sind. Unglaublich tragbar, leicht und mit der mitgelieferten Tragetasche leicht zu verstauen. Eingebaute Spikes sichern das Netz im Boden.<\/p>","protected":false},"featured_media":1599,"template":"","meta":{"_gspb_post_css":""},"product_brand":[],"product_cat":[32],"product_tag":[],"class_list":{"0":"post-1600","1":"product","2":"type-product","3":"status-publish","4":"has-post-thumbnail","6":"product_cat-rebounder","8":"first","9":"instock","10":"shipping-taxable","11":"product-type-simple"},"_links":{"self":[{"href":"https:\/\/fsportsnet.com\/de\/wp-json\/wp\/v2\/product\/1600","targetHints":{"allow":["GET"]}}],"collection":[{"href":"https:\/\/fsportsnet.com\/de\/wp-json\/wp\/v2\/product"}],"about":[{"href":"https:\/\/fsportsnet.com\/de\/wp-json\/wp\/v2\/types\/product"}],"wp:featuredmedia":[{"embeddable":true,"href":"https:\/\/fsportsnet.com\/de\/wp-json\/wp\/v2\/media\/1599"}],"wp:attachment":[{"href":"https:\/\/fsportsnet.com\/de\/wp-json\/wp\/v2\/media?parent=1600"}],"wp:term":[{"taxonomy":"product_brand","embeddable":true,"href":"https:\/\/fsportsnet.com\/de\/wp-json\/wp\/v2\/product_brand?post=1600"},{"taxonomy":"product_cat","embeddable":true,"href":"https:\/\/fsportsnet.com\/de\/wp-json\/wp\/v2\/product_cat?post=1600"},{"taxonomy":"product_tag","embeddable":true,"href":"https:\/\/fsportsnet.com\/de\/wp-json\/wp\/v2\/product_tag?post=1600"}],"curies":[{"name":"wp","href":"https:\/\/api.w.org\/{rel}","templated":true}]}}