{"id":1601,"date":"2023-04-27T10:19:08","date_gmt":"2023-04-27T02:19:08","guid":{"rendered":"https:\/\/fsportsnet.com\/?post_type=product&#038;p=1601"},"modified":"2023-04-27T10:29:21","modified_gmt":"2023-04-27T02:29:21","slug":"pitchback-baseball-and-softball-pitching-net-and-rebounder","status":"publish","type":"product","link":"https:\/\/fsportsnet.com\/de\/product\/pitchback-baseball-and-softball-pitching-net-and-rebounder\/","title":{"rendered":"PitchBack Baseball und Softball Pitching Netz und Rebounder"},"content":{"rendered":"<div id=\"featurebullets_feature_div\" class=\"celwidget\" data-feature-name=\"featurebullets\" data-csa-c-type=\"widget\" data-csa-c-content-id=\"featurebullets\" data-csa-c-slot-id=\"featurebullets_feature_div\" data-csa-c-asin=\"B00VUMGYLQ\" data-csa-c-is-in-initial-active-row=\"false\" data-csa-c-id=\"r02nsd-ek31ro-15bazj-k71de6\" data-cel-widget=\"featurebullets_feature_div\">\n<div id=\"feature-bullets\" class=\"a-section a-spacing-medium a-spacing-top-small\">\n<ul class=\"a-unordered-list a-vertical a-spacing-mini\">\n<li>1. die Gr\u00f6\u00dfe: 60\u00d744 \u201dx42\u201d<br \/>\n2. Netz: PE 30 ply1.75\u2033\/5ply polyster<br \/>\n3. Rahmen: Dia25.4*0.8mm<\/li>\n<li>\n<h1 class=\"a-size-base-plus a-text-bold\">\u00dcber diesen Artikel<\/h1>\n<ul class=\"a-unordered-list a-vertical a-spacing-mini\">\n<li><span class=\"a-list-item\">Tragbar, leicht und einfach zu verstauen<\/span><\/li>\n<li><span class=\"a-list-item\">Befestigte Spikes zur Sicherung des Netzes am Boden<\/span><\/li>\n<li><span class=\"a-list-item\">Schie\u00dft B\u00e4lle in verschiedenen Winkeln zur\u00fcck, um das Werfen, Werfen und Fangen zu \u00fcben<\/span><\/li>\n<li><span class=\"a-list-item\">Langlebige Konstruktion mit stabilem Metallrahmen und robustem Netzmaterial<\/span><\/li>\n<li><span class=\"a-list-item\">Schnell und einfach zu montieren<\/span><\/li>\n<\/ul>\n<\/li>\n<li>Der Fsports PitchBack Baseball-Trainer ist das perfekte Werkzeug f\u00fcr Baseball-Teams, Softball-Teams oder Einzelspieler. Bauen Sie Vertrauen jedes Mal, wenn Sie bis zu den H\u00fcgeln Schritt. Erhalten Sie automatisches Feedback und \u00fcben Sie simulierte Groundballs, Line Drives oder Pop Flies je nach dem einstellbaren Winkel des Rahmens. Das mitgelieferte Strike-Zone-Zielband ist einstellbar und erm\u00f6glicht es dem Pitcher, sein Ziel zu perfektionieren und seine gesamte Technik zu verbessern.\n<p>Der Fsports PitchBack ist bequem aufzustellen und leicht zu transportieren und eignet sich f\u00fcr alle Diamantspieler und Teams. Stellen Sie einfach Ihre Trainingshilfe im Park, Feld oder sogar in Ihrem Hinterhof f\u00fcr stundenlangen Spa\u00df auf. Die robuste Rebound-Netz Ausbildung verbessert das Werfen und Fielding als die einstellbaren Pitchback Winkel erm\u00f6glichen f\u00fcr Pop Fliegen, Line Drives und Grounders.<\/p>\n<p>Dieses robuste Pitchback-R\u00fcckprallnetz mit mehreren Positionen simuliert Groundballs, Line Drives und Pop Flies durch Verstellen des Winkels. Gibt B\u00e4lle aus einer Vielzahl von Winkeln zur\u00fcck und enth\u00e4lt Strike Zone Zielband f\u00fcr Pitches. Ideal f\u00fcr alle Baseball- und Softballspieler, mit robuster Konstruktion, faltbarem Design und abgewinkeltem Rahmen, der die Lagerung und den Transport erleichtert. F\u00fcr die Stabilit\u00e4t sind Erdn\u00e4gel im Lieferumfang enthalten.<\/li>\n<\/ul>\n<\/div>\n<\/div>","protected":false},"excerpt":{"rendered":"<p>Merkmale und Spezifikationen:<\/p>\n<p>Stabiler Rebound-Netztrainer verbessert Wurf und Feldarbeit<br \/>\nEinstellbare Pitchback-Winkel f\u00fcr Pop Fies, Line Drives und Grounders<br \/>\nStrapazierf\u00e4hige, langlebige Konstruktion mit stabilem Metallrahmen und 21-lagigem Allwetter-Netz<br \/>\nZusammenklappbares Design f\u00fcr einfache Lagerung und Transport<br \/>\nInklusive Erdspie\u00dfe<br \/>\nR\u00fcckgabe von B\u00e4llen in verschiedenen Winkeln f\u00fcr Wurf-, Wurf- und Feldspiel\u00fcbungen<br \/>\nAbgewinkelter Rahmen l\u00e4sst sich schnell und einfach montieren<\/p>","protected":false},"featured_media":1589,"template":"","meta":{"_gspb_post_css":""},"product_brand":[],"product_cat":[32],"product_tag":[],"class_list":{"0":"post-1601","1":"product","2":"type-product","3":"status-publish","4":"has-post-thumbnail","6":"product_cat-rebounder","8":"first","9":"instock","10":"shipping-taxable","11":"product-type-simple"},"_links":{"self":[{"href":"https:\/\/fsportsnet.com\/de\/wp-json\/wp\/v2\/product\/1601","targetHints":{"allow":["GET"]}}],"collection":[{"href":"https:\/\/fsportsnet.com\/de\/wp-json\/wp\/v2\/product"}],"about":[{"href":"https:\/\/fsportsnet.com\/de\/wp-json\/wp\/v2\/types\/product"}],"wp:featuredmedia":[{"embeddable":true,"href":"https:\/\/fsportsnet.com\/de\/wp-json\/wp\/v2\/media\/1589"}],"wp:attachment":[{"href":"https:\/\/fsportsnet.com\/de\/wp-json\/wp\/v2\/media?parent=1601"}],"wp:term":[{"taxonomy":"product_brand","embeddable":true,"href":"https:\/\/fsportsnet.com\/de\/wp-json\/wp\/v2\/product_brand?post=1601"},{"taxonomy":"product_cat","embeddable":true,"href":"https:\/\/fsportsnet.com\/de\/wp-json\/wp\/v2\/product_cat?post=1601"},{"taxonomy":"product_tag","embeddable":true,"href":"https:\/\/fsportsnet.com\/de\/wp-json\/wp\/v2\/product_tag?post=1601"}],"curies":[{"name":"wp","href":"https:\/\/api.w.org\/{rel}","templated":true}]}}