{"id":1603,"date":"2023-04-27T10:29:50","date_gmt":"2023-04-27T02:29:50","guid":{"rendered":"https:\/\/fsportsnet.com\/?post_type=product&#038;p=1603"},"modified":"2023-04-27T10:55:14","modified_gmt":"2023-04-27T02:55:14","slug":"pitch-back-baseball-rebounder-net-softball-baseball-bounce-back-net","status":"publish","type":"product","link":"https:\/\/fsportsnet.com\/de\/product\/pitch-back-baseball-rebounder-net-softball-baseball-bounce-back-net\/","title":{"rendered":"Pitch Back Baseball Rebounder Netz Softball\/Baseball Bounce Back Netz"},"content":{"rendered":"<div id=\"featurebullets_feature_div\" class=\"celwidget\" data-feature-name=\"featurebullets\" data-csa-c-type=\"widget\" data-csa-c-content-id=\"featurebullets\" data-csa-c-slot-id=\"featurebullets_feature_div\" data-csa-c-asin=\"B00VUMGYLQ\" data-csa-c-is-in-initial-active-row=\"false\" data-csa-c-id=\"r02nsd-ek31ro-15bazj-k71de6\" data-cel-widget=\"featurebullets_feature_div\">\n<div id=\"feature-bullets\" class=\"a-section a-spacing-medium a-spacing-top-small\">\n<ul class=\"a-unordered-list a-vertical a-spacing-mini\">\n<li>Gr\u00f6\u00dfe: 6\u00d74\u2032<br \/>\nEinstellbare H\u00f6he: 113\/136\/157\/172cm<br \/>\nRahmen: 1 \u201ddia 1.0mm Dicke quadratisches Metallrohr<br \/>\nNetz: PE 30 Lagen 1,75\u2033 geknotetes Netz<br \/>\nElastischer Seilhaken: 28 St\u00fcck<br \/>\nVerpacken: Jedes Set in einem K=K-Karton, 94x24x10cm, NW 7kg<\/li>\n<li>\n<h1 class=\"a-size-base-plus a-text-bold\">\u00dcber diesen Artikel<\/h1>\n<ul class=\"a-unordered-list a-vertical a-spacing-mini\">\n<li>\n<div id=\"featurebullets_feature_div\" class=\"celwidget\" data-feature-name=\"featurebullets\" data-csa-c-type=\"widget\" data-csa-c-content-id=\"featurebullets\" data-csa-c-slot-id=\"featurebullets_feature_div\" data-csa-c-asin=\"B0B2J8KKZ2\" data-csa-c-is-in-initial-active-row=\"false\" data-csa-c-id=\"qda9rz-af8e7w-31fb81-8p0mr8\" data-cel-widget=\"featurebullets_feature_div\">\n<div id=\"feature-bullets\" class=\"a-section a-spacing-medium a-spacing-top-small\">\n<ul class=\"a-unordered-list a-vertical a-spacing-mini\">\n<li><span class=\"a-list-item\">\ud83c\udfc6TRAININGSHILFE ESSENTIAL\uff1aSehr robust, langlebig, perfekt zum Werfen und Fangen! Entwickelt, um ein eins zu eins Praxis Partner f\u00fcr Baseball und Softball Pitching sein.<\/span><\/li>\n<li><span class=\"a-list-item\">\u2705ADJUSTABLE ANGLES EASY TO PUT\uff1aEasy push-button self-aligning adjustment makes setup hassle-free.Features quick net adjustment, Innovative pull handle allows you to easily switch between four pitching angles; Great for fielding ground balls, simulating pop flies and live drives, pitching, catching and more!<\/span><\/li>\n<li><span class=\"a-list-item\">\ud83d\udc8eDURABLE STEEL FRAME REBOUNDER:Gebaut mit robustem Stahl und Mesh-Netz, das den Ball nach jedem Wurf zur\u00fcckprallen l\u00e4sst, eliminiert die hochbelastbare Schlittenbolzen-Montage Vibrationen und netzgesch\u00fctzte Bungies sorgen f\u00fcr einen langfristigen Einsatz im Freien.<\/span><\/li>\n<li><span class=\"a-list-item\">\ud83c\udf81MAKES A GREAT GIFT FOR BASEBALL LOVERS: Jedes Geschlecht, jedes Alter von 6 Jahren 20+ Sie k\u00f6nnen mit ihrem eigenen Skill-Level, Pitch hart oder weich, \u00e4ndern Sie die Richtung wie in Fly Ball oder Grounder, Es ist nur v\u00f6llig entspricht unseren Bed\u00fcrfnissen und bekommt sie drau\u00dfen in einer relativ kleinen Menge von Raum und erm\u00f6glicht ihnen sowohl k\u00f6rperliche excersize und Skill Building Aktivit\u00e4ten.<\/span><\/li>\n<li><span class=\"a-list-item\">\ud83d\ude0aEasy to FOLDABLE AND STORAGE:Leichtes und tragbares Pitch-Back-Frame-Design macht es einfach, auf dem Sprung zu nehmen. Falten Sie flach f\u00fcr schnelle und einfache Lagerung.<\/span><\/li>\n<\/ul>\n<\/div>\n<\/div>\n<div id=\"provenanceCertifications_feature_div\" class=\"celwidget\" data-feature-name=\"provenanceCertifications\" data-csa-c-type=\"widget\" data-csa-c-content-id=\"provenanceCertifications\" data-csa-c-slot-id=\"provenanceCertifications_feature_div\" data-csa-c-asin=\"B0B2J8KKZ2\" data-csa-c-is-in-initial-active-row=\"false\" data-csa-c-id=\"b7t4e5-ojg1lt-tufzka-eqicxf\" data-cel-widget=\"provenanceCertifications_feature_div\"><\/div>\n<div id=\"serviceCapabilities_feature_div\" class=\"celwidget\" data-feature-name=\"serviceCapabilities\" data-csa-c-type=\"widget\" data-csa-c-content-id=\"serviceCapabilities\" data-csa-c-slot-id=\"serviceCapabilities_feature_div\" data-csa-c-asin=\"B0B2J8KKZ2\" data-csa-c-is-in-initial-active-row=\"false\" data-csa-c-id=\"alaz1v-tu9j3l-cr60xr-o2fhur\" data-cel-widget=\"serviceCapabilities_feature_div\"><\/div>\n<\/li>\n<\/ul>\n<\/li>\n<li><\/li>\n<\/ul>\n<\/div>\n<\/div>","protected":false},"excerpt":{"rendered":"<p>Merkmale und Spezifikationen:<\/p>\n<p>Stabiler Rebound-Netztrainer verbessert Wurf und Feldarbeit<br \/>\nEinstellbare Pitchback-Winkel f\u00fcr Pop Fies, Line Drives und Grounders<br \/>\nStrapazierf\u00e4hige, langlebige Konstruktion mit stabilem Metallrahmen und Allwetter-Netz<br \/>\nZusammenklappbares Design f\u00fcr einfache Lagerung und Transport<br \/>\nInklusive Erdspie\u00dfe<br \/>\nR\u00fcckgabe von B\u00e4llen in verschiedenen Winkeln f\u00fcr Wurf-, Wurf- und Feldspiel\u00fcbungen<br \/>\nAbgewinkelter Rahmen l\u00e4sst sich schnell und einfach montieren<\/p>","protected":false},"featured_media":1604,"template":"","meta":{"_gspb_post_css":""},"product_brand":[],"product_cat":[32],"product_tag":[],"class_list":{"0":"post-1603","1":"product","2":"type-product","3":"status-publish","4":"has-post-thumbnail","6":"product_cat-rebounder","8":"first","9":"instock","10":"shipping-taxable","11":"product-type-simple"},"_links":{"self":[{"href":"https:\/\/fsportsnet.com\/de\/wp-json\/wp\/v2\/product\/1603","targetHints":{"allow":["GET"]}}],"collection":[{"href":"https:\/\/fsportsnet.com\/de\/wp-json\/wp\/v2\/product"}],"about":[{"href":"https:\/\/fsportsnet.com\/de\/wp-json\/wp\/v2\/types\/product"}],"wp:featuredmedia":[{"embeddable":true,"href":"https:\/\/fsportsnet.com\/de\/wp-json\/wp\/v2\/media\/1604"}],"wp:attachment":[{"href":"https:\/\/fsportsnet.com\/de\/wp-json\/wp\/v2\/media?parent=1603"}],"wp:term":[{"taxonomy":"product_brand","embeddable":true,"href":"https:\/\/fsportsnet.com\/de\/wp-json\/wp\/v2\/product_brand?post=1603"},{"taxonomy":"product_cat","embeddable":true,"href":"https:\/\/fsportsnet.com\/de\/wp-json\/wp\/v2\/product_cat?post=1603"},{"taxonomy":"product_tag","embeddable":true,"href":"https:\/\/fsportsnet.com\/de\/wp-json\/wp\/v2\/product_tag?post=1603"}],"curies":[{"name":"wp","href":"https:\/\/api.w.org\/{rel}","templated":true}]}}