{"id":1612,"date":"2023-04-27T10:55:26","date_gmt":"2023-04-27T02:55:26","guid":{"rendered":"https:\/\/fsportsnet.com\/?post_type=product&#038;p=1612"},"modified":"2023-04-27T11:17:57","modified_gmt":"2023-04-27T03:17:57","slug":"sports-baseball-rebounder-net-3-way-baseball-softball-pitchback-net","status":"publish","type":"product","link":"https:\/\/fsportsnet.com\/de\/product\/sports-baseball-rebounder-net-3-way-baseball-softball-pitchback-net\/","title":{"rendered":"Sport Baseball Rebounder Net 3-Way Baseball Softball Pitchback Net"},"content":{"rendered":"<div id=\"featurebullets_feature_div\" class=\"celwidget\" data-feature-name=\"featurebullets\" data-csa-c-type=\"widget\" data-csa-c-content-id=\"featurebullets\" data-csa-c-slot-id=\"featurebullets_feature_div\" data-csa-c-asin=\"B00VUMGYLQ\" data-csa-c-is-in-initial-active-row=\"false\" data-csa-c-id=\"r02nsd-ek31ro-15bazj-k71de6\" data-cel-widget=\"featurebullets_feature_div\">\n<div id=\"feature-bullets\" class=\"a-section a-spacing-medium a-spacing-top-small\">\n<ul class=\"a-unordered-list a-vertical a-spacing-mini\">\n<li>1. Gr\u00f6\u00dfe: 55Zoll<br \/>\n2. Stahlrohr: \u03a619\u00d70,6mm<br \/>\n3. Netz: 24-lagiges PE-Netz<br \/>\n4. N.W. 2.72kg, G.W. 2.95kg<br \/>\n5. Packma\u00df: 21.54\u00d712.8\u00d73.35\u201d<\/li>\n<li>\n<h1 class=\"a-size-base-plus a-text-bold\">\u00dcber diesen Artikel<\/h1>\n<ul class=\"a-unordered-list a-vertical a-spacing-mini\">\n<li>\n<div id=\"featurebullets_feature_div\" class=\"celwidget\" data-feature-name=\"featurebullets\" data-csa-c-type=\"widget\" data-csa-c-content-id=\"featurebullets\" data-csa-c-slot-id=\"featurebullets_feature_div\" data-csa-c-asin=\"B0B2J8KKZ2\" data-csa-c-is-in-initial-active-row=\"false\" data-csa-c-id=\"qda9rz-af8e7w-31fb81-8p0mr8\" data-cel-widget=\"featurebullets_feature_div\">\n<div id=\"feature-bullets\" class=\"a-section a-spacing-medium a-spacing-top-small\">\n<ul class=\"a-unordered-list a-vertical a-spacing-mini\">\n<li><span class=\"a-list-item\">MULTI ANGLE RETURN: Dieser Pitchback ist mit einem Mehrwinkelrahmen konstruiert, um Pop Fies, Grounders und Line Drives zu produzieren.<\/span><\/li>\n<li><span class=\"a-list-item\">EINFACHE BEFESTIGUNG DER STRIKE ZONE: Arbeiten Sie an der Beherrschung der Genauigkeit und Pitching-F\u00e4higkeiten durch die Befestigung der Selbst-Stick Streik z1 in der gew\u00fcnschten H\u00f6he. Kein F\u00e4nger ben\u00f6tigt, nur zur\u00fcck und traf Ihr Ziel<\/span><\/li>\n<li><span class=\"a-list-item\">ALLWETTERSTAHLKONSTRUKTION: Konstruiert mit 3\/4 Zoll wetterfesten Stahlrohren, um sicherzustellen, dass es Jahr f\u00fcr Jahr einer starken Beanspruchung standh\u00e4lt<\/span><\/li>\n<li><span class=\"a-list-item\">STRAPAZIERF\u00c4HIGES NETZ: Das 24-lagige PE-Netz ist so konstruiert, dass es dicht bleibt und einen zuverl\u00e4ssigen, gleichm\u00e4\u00dfigen R\u00fcckprall bei jeder Sitzung gew\u00e4hrleistet.<\/span><\/li>\n<li><span class=\"a-list-item\">PERFEKT F\u00dcR JUGEND BASEBALL: Dieser Rebounder ist das perfekte Trainingsger\u00e4t f\u00fcr jeden Little Leaguer, um das Werfen, Werfen, Fangen und mehr zu \u00fcben.<\/span><\/li>\n<li><\/li>\n<\/ul>\n<\/div>\n<\/div>\n<div id=\"provenanceCertifications_feature_div\" class=\"celwidget\" data-feature-name=\"provenanceCertifications\" data-csa-c-type=\"widget\" data-csa-c-content-id=\"provenanceCertifications\" data-csa-c-slot-id=\"provenanceCertifications_feature_div\" data-csa-c-asin=\"B0B2J8KKZ2\" data-csa-c-is-in-initial-active-row=\"false\" data-csa-c-id=\"b7t4e5-ojg1lt-tufzka-eqicxf\" data-cel-widget=\"provenanceCertifications_feature_div\"><\/div>\n<div id=\"serviceCapabilities_feature_div\" class=\"celwidget\" data-feature-name=\"serviceCapabilities\" data-csa-c-type=\"widget\" data-csa-c-content-id=\"serviceCapabilities\" data-csa-c-slot-id=\"serviceCapabilities_feature_div\" data-csa-c-asin=\"B0B2J8KKZ2\" data-csa-c-is-in-initial-active-row=\"false\" data-csa-c-id=\"alaz1v-tu9j3l-cr60xr-o2fhur\" data-cel-widget=\"serviceCapabilities_feature_div\"><\/div>\n<\/li>\n<\/ul>\n<\/li>\n<li><\/li>\n<\/ul>\n<\/div>\n<\/div>","protected":false},"excerpt":{"rendered":"<ul class=\"a-unordered-list a-vertical\">\n<li><span class=\"a-list-item\"><span class=\"a-size-base\">Es ist ein perfektes Eins-zu-Eins-\u00dcbungsger\u00e4t f\u00fcr alle, die Baseball, Softball usw. lieben.<\/span><\/span><\/li>\n<li><span class=\"a-list-item\"><span class=\"a-size-base\">Wenn er nicht gebraucht wird, kann er zusammengeklappt und in der Garage untergebracht werden, ohne dass er Platz wegnimmt.<\/span><\/span><\/li>\n<li><span class=\"a-list-item\"><span class=\"a-size-base\">Die einfache Struktur macht die Installation dieses R\u00fcckprallnetzes sehr einfach, ohne zu viel Zeit und Arbeitskraft zu investieren.<\/span><\/span><\/li>\n<li><span class=\"a-list-item\"><span class=\"a-size-base\">Dieses Pitchback-Rebound-Netz ist f\u00fcr Menschen unterschiedlichen Alters geeignet.<\/span><\/span><\/li>\n<li><span class=\"a-list-item\"><span class=\"a-size-base\">Der rote Typ kann das Vergn\u00fcgen bringen, im Spiel zu sein.<\/span><\/span><\/li>\n<\/ul>","protected":false},"featured_media":1617,"template":"","meta":{"_gspb_post_css":""},"product_brand":[],"product_cat":[32],"product_tag":[],"class_list":{"0":"post-1612","1":"product","2":"type-product","3":"status-publish","4":"has-post-thumbnail","6":"product_cat-rebounder","8":"first","9":"instock","10":"shipping-taxable","11":"product-type-simple"},"_links":{"self":[{"href":"https:\/\/fsportsnet.com\/de\/wp-json\/wp\/v2\/product\/1612","targetHints":{"allow":["GET"]}}],"collection":[{"href":"https:\/\/fsportsnet.com\/de\/wp-json\/wp\/v2\/product"}],"about":[{"href":"https:\/\/fsportsnet.com\/de\/wp-json\/wp\/v2\/types\/product"}],"wp:featuredmedia":[{"embeddable":true,"href":"https:\/\/fsportsnet.com\/de\/wp-json\/wp\/v2\/media\/1617"}],"wp:attachment":[{"href":"https:\/\/fsportsnet.com\/de\/wp-json\/wp\/v2\/media?parent=1612"}],"wp:term":[{"taxonomy":"product_brand","embeddable":true,"href":"https:\/\/fsportsnet.com\/de\/wp-json\/wp\/v2\/product_brand?post=1612"},{"taxonomy":"product_cat","embeddable":true,"href":"https:\/\/fsportsnet.com\/de\/wp-json\/wp\/v2\/product_cat?post=1612"},{"taxonomy":"product_tag","embeddable":true,"href":"https:\/\/fsportsnet.com\/de\/wp-json\/wp\/v2\/product_tag?post=1612"}],"curies":[{"name":"wp","href":"https:\/\/api.w.org\/{rel}","templated":true}]}}