{"id":1619,"date":"2023-04-27T11:18:11","date_gmt":"2023-04-27T03:18:11","guid":{"rendered":"https:\/\/fsportsnet.com\/?post_type=product&#038;p=1619"},"modified":"2023-04-27T11:41:14","modified_gmt":"2023-04-27T03:41:14","slug":"baseball-softball-pitchback-net-fielding-trainer-bounce-back-net","status":"publish","type":"product","link":"https:\/\/fsportsnet.com\/de\/product\/baseball-softball-pitchback-net-fielding-trainer-bounce-back-net\/","title":{"rendered":"Baseball Softball Pitchback Net Fielding Trainer Bounce Back Net"},"content":{"rendered":"<div id=\"featurebullets_feature_div\" class=\"celwidget\" data-feature-name=\"featurebullets\" data-csa-c-type=\"widget\" data-csa-c-content-id=\"featurebullets\" data-csa-c-slot-id=\"featurebullets_feature_div\" data-csa-c-asin=\"B00VUMGYLQ\" data-csa-c-is-in-initial-active-row=\"false\" data-csa-c-id=\"r02nsd-ek31ro-15bazj-k71de6\" data-cel-widget=\"featurebullets_feature_div\">\n<div id=\"feature-bullets\" class=\"a-section a-spacing-medium a-spacing-top-small\">\n<ul class=\"a-unordered-list a-vertical a-spacing-mini\">\n<li>1. Gr\u00f6\u00dfe: 55.5\u00d742.5\u00d732.7\u201d<br \/>\n2. Netz: 30ply*1.75\u201d PE-Netz<br \/>\n2. Stahlrohr: \uffe032*0.8mm<\/li>\n<li>\n<h1 class=\"a-size-base-plus a-text-bold\">\u00dcber diesen Artikel<\/h1>\n<ul class=\"a-unordered-list a-vertical a-spacing-mini\">\n<li>\n<div id=\"featurebullets_feature_div\" class=\"celwidget\" data-feature-name=\"featurebullets\" data-csa-c-type=\"widget\" data-csa-c-content-id=\"featurebullets\" data-csa-c-slot-id=\"featurebullets_feature_div\" data-csa-c-asin=\"B0B2J8KKZ2\" data-csa-c-is-in-initial-active-row=\"false\" data-csa-c-id=\"qda9rz-af8e7w-31fb81-8p0mr8\" data-cel-widget=\"featurebullets_feature_div\">\n<div id=\"feature-bullets\" class=\"a-section a-spacing-medium a-spacing-top-small\">\n<ul class=\"a-unordered-list a-vertical a-spacing-mini\">\n<li><span class=\"a-list-item\">MULTI ANGLE RETURN: Dieser Pitchback ist mit einem Mehrwinkelrahmen konstruiert, um Pop Fies, Grounders und Line Drives zu produzieren.<\/span><\/li>\n<li><span class=\"a-list-item\">EINFACHE BEFESTIGUNG DER STRIKE ZONE: Arbeiten Sie an der Beherrschung der Genauigkeit und Pitching-F\u00e4higkeiten durch die Befestigung der Selbst-Stick Streik z1 in der gew\u00fcnschten H\u00f6he. Kein F\u00e4nger ben\u00f6tigt, nur zur\u00fcck und traf Ihr Ziel<\/span><\/li>\n<li><span class=\"a-list-item\">Stahl<\/span><\/li>\n<li><span class=\"a-list-item\">Eingef\u00fchrt<\/span><\/li>\n<li><span class=\"a-list-item\">1,25-Zoll-Stahlrahmenkonstruktion<\/span><\/li>\n<li><span class=\"a-list-item\">Einstellbar f\u00fcr die Verwendung aus mehreren Winkeln<\/span><\/li>\n<li><span class=\"a-list-item\">30-lagiges, allwettertaugliches PE-Netz mit Strike-Zone-Band<\/span><\/li>\n<li><span class=\"a-list-item\">Flach zusammenlegbar f\u00fcr praktische Aufbewahrung<\/span><\/li>\n<li><span class=\"a-list-item\">Konzipiert f\u00fcr das Training von Feldspiel und Pitching<\/span><\/li>\n<li><span class=\"a-list-item\">PERFEKT F\u00dcR JUGEND BASEBALL: Dieser Rebounder ist das perfekte Trainingsger\u00e4t f\u00fcr jeden Little Leaguer, um das Werfen, Werfen, Fangen und mehr zu \u00fcben.<\/span><\/li>\n<\/ul>\n<\/div>\n<\/div>\n<div id=\"provenanceCertifications_feature_div\" class=\"celwidget\" data-feature-name=\"provenanceCertifications\" data-csa-c-type=\"widget\" data-csa-c-content-id=\"provenanceCertifications\" data-csa-c-slot-id=\"provenanceCertifications_feature_div\" data-csa-c-asin=\"B0B2J8KKZ2\" data-csa-c-is-in-initial-active-row=\"false\" data-csa-c-id=\"b7t4e5-ojg1lt-tufzka-eqicxf\" data-cel-widget=\"provenanceCertifications_feature_div\"><\/div>\n<div id=\"serviceCapabilities_feature_div\" class=\"celwidget\" data-feature-name=\"serviceCapabilities\" data-csa-c-type=\"widget\" data-csa-c-content-id=\"serviceCapabilities\" data-csa-c-slot-id=\"serviceCapabilities_feature_div\" data-csa-c-asin=\"B0B2J8KKZ2\" data-csa-c-is-in-initial-active-row=\"false\" data-csa-c-id=\"alaz1v-tu9j3l-cr60xr-o2fhur\" data-cel-widget=\"serviceCapabilities_feature_div\"><\/div>\n<\/li>\n<\/ul>\n<\/li>\n<li><\/li>\n<\/ul>\n<\/div>\n<\/div>","protected":false},"excerpt":{"rendered":"<ul class=\"a-unordered-list a-vertical\">\n<li><span class=\"a-list-item\"><span class=\"a-size-base\">Es ist ein perfektes Eins-zu-Eins-\u00dcbungsger\u00e4t f\u00fcr alle, die Baseball, Softball usw. lieben.<\/span><\/span><\/li>\n<li><span class=\"a-list-item\"><span class=\"a-size-base\">Wenn er nicht gebraucht wird, kann er zusammengeklappt und in der Garage untergebracht werden, ohne dass er Platz wegnimmt.<\/span><\/span><\/li>\n<li><span class=\"a-list-item\"><span class=\"a-size-base\">Die einfache Struktur macht die Installation dieses R\u00fcckprallnetzes sehr einfach, ohne zu viel Zeit und Arbeitskraft zu investieren.<\/span><\/span><\/li>\n<li><span class=\"a-list-item\"><span class=\"a-size-base\">Dieses Pitchback-Rebound-Netz ist f\u00fcr Menschen unterschiedlichen Alters geeignet.<\/span><\/span><\/li>\n<li><span class=\"a-list-item\"><span class=\"a-size-base\">Der rote Typ kann das Vergn\u00fcgen bringen, im Spiel zu sein.<\/span><\/span><\/li>\n<\/ul>","protected":false},"featured_media":1624,"template":"","meta":{"_gspb_post_css":""},"product_brand":[],"product_cat":[32],"product_tag":[],"class_list":{"0":"post-1619","1":"product","2":"type-product","3":"status-publish","4":"has-post-thumbnail","6":"product_cat-rebounder","8":"first","9":"instock","10":"shipping-taxable","11":"product-type-simple"},"_links":{"self":[{"href":"https:\/\/fsportsnet.com\/de\/wp-json\/wp\/v2\/product\/1619","targetHints":{"allow":["GET"]}}],"collection":[{"href":"https:\/\/fsportsnet.com\/de\/wp-json\/wp\/v2\/product"}],"about":[{"href":"https:\/\/fsportsnet.com\/de\/wp-json\/wp\/v2\/types\/product"}],"wp:featuredmedia":[{"embeddable":true,"href":"https:\/\/fsportsnet.com\/de\/wp-json\/wp\/v2\/media\/1624"}],"wp:attachment":[{"href":"https:\/\/fsportsnet.com\/de\/wp-json\/wp\/v2\/media?parent=1619"}],"wp:term":[{"taxonomy":"product_brand","embeddable":true,"href":"https:\/\/fsportsnet.com\/de\/wp-json\/wp\/v2\/product_brand?post=1619"},{"taxonomy":"product_cat","embeddable":true,"href":"https:\/\/fsportsnet.com\/de\/wp-json\/wp\/v2\/product_cat?post=1619"},{"taxonomy":"product_tag","embeddable":true,"href":"https:\/\/fsportsnet.com\/de\/wp-json\/wp\/v2\/product_tag?post=1619"}],"curies":[{"name":"wp","href":"https:\/\/api.w.org\/{rel}","templated":true}]}}