{"id":1649,"date":"2023-04-27T16:33:10","date_gmt":"2023-04-27T08:33:10","guid":{"rendered":"https:\/\/fsportsnet.com\/?post_type=product&#038;p=1649"},"modified":"2023-04-27T21:22:08","modified_gmt":"2023-04-27T13:22:08","slug":"football-training-rebounder-net-double","status":"publish","type":"product","link":"https:\/\/fsportsnet.com\/de\/product\/football-training-rebounder-net-double\/","title":{"rendered":"Fu\u00dfballtraining Rebounder Netz Double"},"content":{"rendered":"<div id=\"featurebullets_feature_div\" class=\"celwidget\" data-feature-name=\"featurebullets\" data-csa-c-type=\"widget\" data-csa-c-content-id=\"featurebullets\" data-csa-c-slot-id=\"featurebullets_feature_div\" data-csa-c-asin=\"B00VUMGYLQ\" data-csa-c-is-in-initial-active-row=\"false\" data-csa-c-id=\"r02nsd-ek31ro-15bazj-k71de6\" data-cel-widget=\"featurebullets_feature_div\">\n<div id=\"feature-bullets\" class=\"a-section a-spacing-medium a-spacing-top-small\">\n<ul class=\"a-unordered-list a-vertical a-spacing-mini\">\n<li>1. Gesamt Rebounder Gr\u00f6\u00dfe - 2.5ftx2.5ft, 3ft x 3ft<br \/>\n2) R\u00fcckprallnetz: 7lagiges 1,75\u201d-Polyesternetz<br \/>\n3.rebounder Rahmen: \u00f825.4x 1.0mm schwarz gl\u00e4nzend pulverbeschichteter Stahl<\/li>\n<\/ul>\n<h1 class=\"a-size-base-plus a-text-bold\">\u00dcber diesen Artikel<\/h1>\n<ul class=\"a-unordered-list a-vertical a-spacing-mini\">\n<li><span class=\"a-list-item\">Neu UPGRADED! DICKER EISEN-RAHMEN und DICKES NETZ, um sicherzustellen, dass dieses Element nicht auseinander fallen nach schweren Kicks \/ Hits. Kann f\u00fcr Fu\u00dfball, Baseball, Basketball verwendet werden, es ist sehr robust und langlebig.<\/span><\/li>\n<li><span class=\"a-list-item\">Perfekt f\u00fcr die Verbesserung der Multiple Skill-It tr\u00e4gt zu den Reaktions\u00fcbungen, schnelle und enge responsiveness.ideal f\u00fcr Solo Praxis.<\/span><\/li>\n<li><span class=\"a-list-item\">PROFESSIONELLES TRAININGSWERKZEUG - Der Rebounder verf\u00fcgt \u00fcber ein hochgespanntes R\u00fcckprallnetz. Entwickelt f\u00fcr Spieler, die gemeinsam oder alleine trainieren, um sowohl Pr\u00e4zision als auch Geschicklichkeit in allen Aspekten des Spiels zu verbessern.<\/span><\/li>\n<li><span class=\"a-list-item\">INNOVATIVE MULTI-ANGLE ADJUSTABLE PANEL - Schaffen Sie eine \u00dcbungsumgebung, die realistischer ist als alle anderen Rebounder auf dem Markt.<\/span><\/li>\n<li><span class=\"a-list-item\">\u3010Beide f\u00fcr kleine Kinder und Teenager\u3011Es ist ein ausgezeichnetes Geschenk f\u00fcr Kinder. Das Rebound-Netz kann von gro\u00dfen Alter rang verwendet werden. Netzgr\u00f6\u00dfe in 2.5ftx2.5ft oder 3ft x 3ft<\/span><\/li>\n<\/ul>\n<\/div>\n<\/div>","protected":false},"excerpt":{"rendered":"<ul class=\"a-unordered-list a-vertical\">\n<li>Beschreibung des Produkts<br \/>\nIdeale Gr\u00f6\u00dfe f\u00fcr den Innen- und Au\u00dfenbereich und bequem zum Mitnehmen an den Strand oder in den Park. Verf\u00fcgt \u00fcber denselben robusten Rahmen und dieselben Komponenten wie der Professional. Die tragbare Indoor-\/Outdoor-Option f\u00fcr die Entwicklung und ernsthafte Sportler hat mehr Rebound-Bereich.Features sowohl gesund (vorhersehbare Rebound) auf der einen Seite und verr\u00fcckt (unberechenbar Rebound) auf der anderen.<br \/>\nPraktische kleinere Gr\u00f6\u00dfe f\u00fcr den Innen- und Au\u00dfenbereich - nehmen Sie es mit an den Strand oder in den Park, um viel Spa\u00df zu haben. Perfektes Modell, um den Kleinen den Weg zu einem lebenslangen, gesunden und aktiven Spa\u00df zu ebnen.<br \/>\nLANGLEBIGER REBOUNDER: Der Rebounder verf\u00fcgt \u00fcber ein hochgespanntes, ultraschweres Rebound-Netz und einen stabilen Stahlrahmen, der f\u00fcr den Einsatz in Schulen, Colleges und Fu\u00dfballcamps entwickelt wurde.<\/li>\n<\/ul>","protected":false},"featured_media":1643,"template":"","meta":{"_gspb_post_css":""},"product_brand":[],"product_cat":[32],"product_tag":[],"class_list":{"0":"post-1649","1":"product","2":"type-product","3":"status-publish","4":"has-post-thumbnail","6":"product_cat-rebounder","8":"first","9":"instock","10":"shipping-taxable","11":"product-type-simple"},"_links":{"self":[{"href":"https:\/\/fsportsnet.com\/de\/wp-json\/wp\/v2\/product\/1649","targetHints":{"allow":["GET"]}}],"collection":[{"href":"https:\/\/fsportsnet.com\/de\/wp-json\/wp\/v2\/product"}],"about":[{"href":"https:\/\/fsportsnet.com\/de\/wp-json\/wp\/v2\/types\/product"}],"wp:featuredmedia":[{"embeddable":true,"href":"https:\/\/fsportsnet.com\/de\/wp-json\/wp\/v2\/media\/1643"}],"wp:attachment":[{"href":"https:\/\/fsportsnet.com\/de\/wp-json\/wp\/v2\/media?parent=1649"}],"wp:term":[{"taxonomy":"product_brand","embeddable":true,"href":"https:\/\/fsportsnet.com\/de\/wp-json\/wp\/v2\/product_brand?post=1649"},{"taxonomy":"product_cat","embeddable":true,"href":"https:\/\/fsportsnet.com\/de\/wp-json\/wp\/v2\/product_cat?post=1649"},{"taxonomy":"product_tag","embeddable":true,"href":"https:\/\/fsportsnet.com\/de\/wp-json\/wp\/v2\/product_tag?post=1649"}],"curies":[{"name":"wp","href":"https:\/\/api.w.org\/{rel}","templated":true}]}}