{"id":1651,"date":"2023-04-27T21:36:26","date_gmt":"2023-04-27T13:36:26","guid":{"rendered":"https:\/\/fsportsnet.com\/?post_type=product&#038;p=1651"},"modified":"2023-04-27T21:44:17","modified_gmt":"2023-04-27T13:44:17","slug":"sports-baseball-rebounders-pitchback-nest-pitch-return-trainer","status":"publish","type":"product","link":"https:\/\/fsportsnet.com\/de\/product\/sports-baseball-rebounders-pitchback-nest-pitch-return-trainer\/","title":{"rendered":"Sport Baseball Rebounders Pitchback Nest Pitch Return Trainer"},"content":{"rendered":"<h4 class=\"a-size-base-plus a-text-bold\">\u00dcber diesen Artikel<\/h4>\n<ul class=\"a-unordered-list a-vertical a-spacing-mini\">\n<li><span class=\"a-list-item\">ALL-WETTER-NETZ: Weder Fr\u00fchlingsregen noch Sommerhitze k\u00f6nnen das strapazierf\u00e4hige Allwetter-Netz dieses Baseball-Trainers zerfetzen oder zerrei\u00dfen. \u00dcben Sie die R\u00fcckkehr Baseball F\u00e4higkeiten mit Leichtigkeit und gr\u00f6\u00dfere Genauigkeit mit einem Pitchback Netz, das dauert<\/span><\/li>\n<li><span class=\"a-list-item\">EINZIGARTIGES GEW\u00d6LBTES DESIGN: Helfen Sie Ihrem Kind, Feldtechniken zu \u00fcben, ohne dass es jemanden braucht, der Pop-ups oder Grounders schl\u00e4gt. Helfen Sie den Kindern, schnell das richtige Feldspiel zu erlernen, w\u00e4hrend Sie ihnen die Freiheit geben, mit diesem Baseballtrainer stundenlang drau\u00dfen zu spielen.<\/span><\/li>\n<li><span class=\"a-list-item\">EINSTELLBARE WINKEL: Die gebogenen, einstellbaren Beine erm\u00f6glichen maximale R\u00fccklaufwinkel f\u00fcr eine verbesserte Leistung im Training und auf dem Feld. Warum Hunderte in eine Pitching-Maschine investieren, wenn Sie mit dem Franklin Return-Trainer mehr Wert erhalten k\u00f6nnen?<\/span><\/li>\n<li><span class=\"a-list-item\">ROBUSTER STAHLRAHMEN: Obwohl dieses Baseball-Trainingsnetz f\u00fcr jedes Wetter geeignet ist, k\u00f6nnen Sie den robusten Stahlrahmen zusammenklappen, um ihn bei Nichtgebrauch einfach zu verstauen. Genie\u00dfen Sie jahrelanges, zuverl\u00e4ssiges Training mit diesem Pitching-Netz<\/span><\/li>\n<li><span class=\"a-list-item\">\u00dcBEN SIE FANGTECHNIKEN: Kinder und Erwachsene haben gleicherma\u00dfen Spa\u00df an diesem robusten, soliden und zuverl\u00e4ssigen R\u00fcckschlagnetz. Zus\u00e4tzlich zu seinem Stahlrahmen ist es auch mit Heringen ausgestattet, die f\u00fcr mehr Stabilit\u00e4t sorgen.<\/span><\/li>\n<\/ul>","protected":false},"excerpt":{"rendered":"<ul class=\"a-unordered-list a-vertical\">\n<li>\n<h4 class=\"default\">Beschreibung des Produkts<\/h4>\n<div id=\"productDescription\" class=\"a-section a-spacing-small\">\n<p>Dieses Baseball-Trainingsnetz eignet sich perfekt f\u00fcr Fielding-\u00dcbungen und erm\u00f6glicht es Kindern und Erwachsenen, schwierige Pop Flies, Ground Balls und alles dazwischen in den richtigen Winkeln zu schlagen. Vom Baseball- bis zum Softballtraining bietet kein anderer Baseballtrainer ein so zuverl\u00e4ssiges Pitching-Netz und einen Stahlrahmen f\u00fcr h\u00f6chste Zuverl\u00e4ssigkeit und robusten Einsatz, Tag f\u00fcr Tag.<\/p>\n<p>Jetzt k\u00f6nnen Kinder mit einem Baseball-R\u00fcckschlagnetz \u00fcben, mit dem sie ihre F\u00e4higkeiten unabh\u00e4ngig voneinander verbessern k\u00f6nnen. Dieses allwettertaugliche Baseball-R\u00fcckspielnetz bietet ein effektiveres Feldtraining als eine Pitching-Maschine und erm\u00f6glicht dennoch ein kontinuierliches \u00dcben und Verbessern. Erh\u00e4ltlich in zwei Gr\u00f6\u00dfen, 68 x 48 und 68 x 44, passt dieser Baseball-Return-Trainer problemlos in einen Hinterhof, auf eine Terrasse oder in jeden offenen Raum.<\/p>\n<p>Verbessern Sie Ihre Fangf\u00e4higkeiten mit einem Baseball-Wurfnetz, das Pitch-Back-\u00dcbungen erm\u00f6glicht. Verschwenden Sie keine Zeit mit einem minderwertigen Baseball-Trainingsnetz, das sich verzieht oder rei\u00dft. Sehen Sie, warum der Franklin Return-Trainer den besten Wert und die h\u00f6chste Qualit\u00e4t bietet!<\/p>\n<\/div>\n<\/li>\n<\/ul>","protected":false},"featured_media":1635,"template":"","meta":{"_gspb_post_css":""},"product_brand":[],"product_cat":[32],"product_tag":[],"class_list":{"0":"post-1651","1":"product","2":"type-product","3":"status-publish","4":"has-post-thumbnail","6":"product_cat-rebounder","8":"first","9":"instock","10":"shipping-taxable","11":"product-type-simple"},"_links":{"self":[{"href":"https:\/\/fsportsnet.com\/de\/wp-json\/wp\/v2\/product\/1651","targetHints":{"allow":["GET"]}}],"collection":[{"href":"https:\/\/fsportsnet.com\/de\/wp-json\/wp\/v2\/product"}],"about":[{"href":"https:\/\/fsportsnet.com\/de\/wp-json\/wp\/v2\/types\/product"}],"wp:featuredmedia":[{"embeddable":true,"href":"https:\/\/fsportsnet.com\/de\/wp-json\/wp\/v2\/media\/1635"}],"wp:attachment":[{"href":"https:\/\/fsportsnet.com\/de\/wp-json\/wp\/v2\/media?parent=1651"}],"wp:term":[{"taxonomy":"product_brand","embeddable":true,"href":"https:\/\/fsportsnet.com\/de\/wp-json\/wp\/v2\/product_brand?post=1651"},{"taxonomy":"product_cat","embeddable":true,"href":"https:\/\/fsportsnet.com\/de\/wp-json\/wp\/v2\/product_cat?post=1651"},{"taxonomy":"product_tag","embeddable":true,"href":"https:\/\/fsportsnet.com\/de\/wp-json\/wp\/v2\/product_tag?post=1651"}],"curies":[{"name":"wp","href":"https:\/\/api.w.org\/{rel}","templated":true}]}}