{"id":1652,"date":"2023-04-27T21:44:28","date_gmt":"2023-04-27T13:44:28","guid":{"rendered":"https:\/\/fsportsnet.com\/?post_type=product&#038;p=1652"},"modified":"2023-04-27T21:52:23","modified_gmt":"2023-04-27T13:52:23","slug":"infinity-pitchback-screen-rebound-net-for-baseball-softball-training","status":"publish","type":"product","link":"https:\/\/fsportsnet.com\/de\/product\/infinity-pitchback-screen-rebound-net-for-baseball-softball-training\/","title":{"rendered":"Infinity Pitchback Screen Rebound Netz f\u00fcr Baseball Softball Training"},"content":{"rendered":"<div id=\"featurebullets_feature_div\" class=\"celwidget\" data-feature-name=\"featurebullets\" data-csa-c-type=\"widget\" data-csa-c-content-id=\"featurebullets\" data-csa-c-slot-id=\"featurebullets_feature_div\" data-csa-c-asin=\"B00K4XH0EM\" data-csa-c-is-in-initial-active-row=\"false\" data-csa-c-id=\"76qs42-vg6emc-jbfs85-a0hjc1\" data-cel-widget=\"featurebullets_feature_div\">\n<div id=\"feature-bullets\" class=\"a-section a-spacing-medium a-spacing-top-small\">\n<h4 class=\"a-size-base-plus a-text-bold\">\u00dcber diesen Artikel<\/h4>\n<ul class=\"a-unordered-list a-vertical a-spacing-mini\">\n<li><span class=\"a-list-item\">KEINE EINSTELLUNG ERFORDERLICH: Der Infinity Pitchback Screen wurde mit einer einzigartigen Kurve entworfen und l\u00e4sst B\u00e4lle in einer unendlichen Anzahl von Winkeln abprallen, ohne dass eine Anpassung erforderlich ist. Bleiben Sie konzentriert und \u00fcben Sie l\u00e4nger, anstatt anzuhalten, um die Ausrichtung des Netzes zu \u00e4ndern.<\/span><\/li>\n<li><span class=\"a-list-item\">DAS ULTIMATIVE TRAININGSWERKZEUG: Verwenden Sie den Infinity Pitchback Screen f\u00fcr eine Vielzahl von Trainingszwecken. \u00dcben Sie mit der einstellbaren Strike Zone Pitches rund um die Platte. Fangen Sie Pop-ups, Grounders und Line Drives allein oder mit Teamkollegen.<\/span><\/li>\n<li><span class=\"a-list-item\">AGILIT\u00c4TSERH\u00d6HUNG: Die Richtung des Abpralls \u00e4ndert sich, je nachdem, wo der Ball auftrifft, wodurch sich dieser Pitchback-Screen hervorragend f\u00fcr Trainings\u00fcbungen eignet. Steigern Sie die Beweglichkeit der Spieler, indem Sie auf B\u00e4lle reagieren, die in ungeraden und unerwarteten Winkeln geworfen werden.<\/span><\/li>\n<li><span class=\"a-list-item\">HALTBARER STAHLRAHMEN: Die 54 x 36-Zoll (4. 5 x 3 Fu\u00df) Rahmen ist aus Stahlrohren 1-Zoll-Durchmesser, mit Pulverbeschichtung f\u00fcr eine h\u00e4rtere, widerstandsf\u00e4higere Oberfl\u00e4che, die durch Jahreszeiten der Nutzung dauert gemacht.<\/span><\/li>\n<li><span class=\"a-list-item\">WETTERFESTES NETZ: Das witterungsbest\u00e4ndige 30-lagige Polyethylen (PE)-Netz wird durch 28 Stahlfedern gesichert, so dass es B\u00e4lle mit Schwung zur\u00fcckprallen lassen kann und selbst bei schwierigen Wetterverh\u00e4ltnissen jahrzehntelang h\u00e4lt.<\/span><\/li>\n<\/ul>\n<\/div>\n<\/div>\n<div id=\"provenanceCertifications_feature_div\" class=\"celwidget\" data-feature-name=\"provenanceCertifications\" data-csa-c-type=\"widget\" data-csa-c-content-id=\"provenanceCertifications\" data-csa-c-slot-id=\"provenanceCertifications_feature_div\" data-csa-c-asin=\"B00K4XH0EM\" data-csa-c-is-in-initial-active-row=\"false\" data-csa-c-id=\"9ycc5i-pj91ze-7iqs3v-3s236e\" data-cel-widget=\"provenanceCertifications_feature_div\"><\/div>\n<div id=\"serviceCapabilities_feature_div\" class=\"celwidget\" data-feature-name=\"serviceCapabilities\" data-csa-c-type=\"widget\" data-csa-c-content-id=\"serviceCapabilities\" data-csa-c-slot-id=\"serviceCapabilities_feature_div\" data-csa-c-asin=\"B00K4XH0EM\" data-csa-c-is-in-initial-active-row=\"false\" data-csa-c-id=\"q37kwg-bbuz9n-xifnc5-5dab9k\" data-cel-widget=\"serviceCapabilities_feature_div\"><\/div>","protected":false},"excerpt":{"rendered":"<ul class=\"a-unordered-list a-vertical\">\n<li>\n<h4 class=\"default\">Beschreibung des Produkts<\/h4>\n<div id=\"productDescription\" class=\"a-section a-spacing-small\">\n<p>Dieses Baseball-Trainingsnetz eignet sich perfekt f\u00fcr Fielding-\u00dcbungen und erm\u00f6glicht es Kindern und Erwachsenen, schwierige Pop Flies, Ground Balls und alles dazwischen in den richtigen Winkeln zu schlagen. Vom Baseball- bis zum Softballtraining bietet kein anderer Baseballtrainer ein so zuverl\u00e4ssiges Pitching-Netz und einen Stahlrahmen f\u00fcr h\u00f6chste Zuverl\u00e4ssigkeit und robusten Einsatz, Tag f\u00fcr Tag.<\/p>\n<h3 class=\"a-spacing-mini\">Unendliche R\u00fcckprallwinkel ohne Anpassung<\/h3>\n<p>Die einzigartige Form der Infinity Rebound Screen bringt Groundballs, Line Drives und Pop-Flys ohne jegliche Anpassung zur\u00fcck. Werfen Sie den Ball am oberen Rand des Bildschirms f\u00fcr Groundballs, in der Mitte f\u00fcr Line Drives und am unteren Rand f\u00fcr Pop-Flys.<\/p>\n<\/div>\n<\/li>\n<\/ul>","protected":false},"featured_media":1639,"template":"","meta":{"_gspb_post_css":""},"product_brand":[],"product_cat":[32],"product_tag":[],"class_list":{"0":"post-1652","1":"product","2":"type-product","3":"status-publish","4":"has-post-thumbnail","6":"product_cat-rebounder","8":"first","9":"instock","10":"shipping-taxable","11":"product-type-simple"},"_links":{"self":[{"href":"https:\/\/fsportsnet.com\/de\/wp-json\/wp\/v2\/product\/1652","targetHints":{"allow":["GET"]}}],"collection":[{"href":"https:\/\/fsportsnet.com\/de\/wp-json\/wp\/v2\/product"}],"about":[{"href":"https:\/\/fsportsnet.com\/de\/wp-json\/wp\/v2\/types\/product"}],"wp:featuredmedia":[{"embeddable":true,"href":"https:\/\/fsportsnet.com\/de\/wp-json\/wp\/v2\/media\/1639"}],"wp:attachment":[{"href":"https:\/\/fsportsnet.com\/de\/wp-json\/wp\/v2\/media?parent=1652"}],"wp:term":[{"taxonomy":"product_brand","embeddable":true,"href":"https:\/\/fsportsnet.com\/de\/wp-json\/wp\/v2\/product_brand?post=1652"},{"taxonomy":"product_cat","embeddable":true,"href":"https:\/\/fsportsnet.com\/de\/wp-json\/wp\/v2\/product_cat?post=1652"},{"taxonomy":"product_tag","embeddable":true,"href":"https:\/\/fsportsnet.com\/de\/wp-json\/wp\/v2\/product_tag?post=1652"}],"curies":[{"name":"wp","href":"https:\/\/api.w.org\/{rel}","templated":true}]}}