{"id":1666,"date":"2023-04-29T13:48:26","date_gmt":"2023-04-29T05:48:26","guid":{"rendered":"https:\/\/fsportsnet.com\/?post_type=product&#038;p=1666"},"modified":"2023-04-29T13:48:57","modified_gmt":"2023-04-29T05:48:57","slug":"switch-ball-game-set-with-2-launch-mesh-nets-and-2-balls","status":"publish","type":"product","link":"https:\/\/fsportsnet.com\/de\/product\/switch-ball-game-set-with-2-launch-mesh-nets-and-2-balls\/","title":{"rendered":"Switch-Ballspiel-Set mit 2 Startmaschen-Netzen und 2 B\u00e4llen"},"content":{"rendered":"<h4 class=\"a-size-base-plus a-text-bold\">\u00dcber diesen Artikel<\/h4>\n<ul class=\"a-unordered-list a-vertical a-spacing-mini\">\n<li class=\"a-spacing-mini\"><span class=\"a-list-item\">FUN TOY: mono fling set f\u00fcr Kinder, Jugendliche, Familien und perfekt f\u00fcr drinnen und drau\u00dfen, Hinterhof, Strand und Heckklappe Spiel oder Aufenthaltsr\u00e4ume.<\/span><\/li>\n<li class=\"a-spacing-mini\"><span class=\"a-list-item\">GROSSARTIGE ENTWICKLUNG: Dieses Ballwurfspiel bietet eine gro\u00dfartige M\u00f6glichkeit, die Hand-Augen-Koordination zu entwickeln, es st\u00e4rkt die Hand- und Armmuskulatur und ist einzigartig und macht Spa\u00df zu spielen.<\/span><\/li>\n<li class=\"a-spacing-mini\"><span class=\"a-list-item\">OUTDOOR GAMES KEEP KIDS ACTIVE: hilft Kindern, aktiver und sozial geschickter zu werden: Kinder verbessern nicht nur ihre zwischenmenschlichen F\u00e4higkeiten, sondern lernen auch wertvolle Lektionen \u00fcber Teamgeist und gesunden Wettbewerb: ein Kind kann lernen, dass ein gesunder Wettbewerb und nicht das Gewinnen das Wichtigste ist.<\/span><\/li>\n<li class=\"a-spacing-mini\"><span class=\"a-list-item\">SPIELE F\u00dcR KINDER: k\u00f6nnen dazu beitragen, die k\u00f6rperlichen und geistigen Energien eines Kindes positiv zu kanalisieren. Kinderspiele k\u00f6nnen auch dazu beitragen, die Konzentrationsf\u00e4higkeit eines Kindes zu verbessern und ihm die Bedeutung der Erledigung von Aufgaben beizubringen: Sie k\u00f6nnen sein Selbstwertgef\u00fchl verbessern.<\/span><\/li>\n<li class=\"a-spacing-mini\"><span class=\"a-list-item\">INHALT: 2 Startnetze, 1 Tennisball, 1 Pickle-Ball<\/span><\/li>\n<li>Jeder Spieler hat ein Netz, und es wird nur ein Ball ben\u00f6tigt. Du beginnst, indem du den Ball an den anderen Spieler weitergibst, indem du das Netz nach au\u00dfen schnippst und den Ball in der Luft in Richtung des anderen Spielers wirfst, der den Ball dann entweder in seinem Netz f\u00e4ngt oder ihn perfekt timt und von seinem eigenen Netz zur\u00fcck zu dir abprallen l\u00e4sst. Du kannst im Wettbewerb oder als Team spielen und versuchen, einen neuen Highscore aufzustellen.Junge spielt Mono Fling Switch Ball am Strand in der Sommersonne mit Freunden<br \/>\nNeues Spiel - neue Fertigkeiten!<br \/>\nDies ist ein gro\u00dfartiges Spiel, wenn Sie wirklich auf der Suche nach etwas ganz Neuem als Outdoor-Spielzeug sind. Am Anfang ist es ein bisschen gew\u00f6hnungsbed\u00fcrftig, aber nach etwa 10 Minuten wirst du feststellen, dass es ziemlich intuitiv ist und extrem viel Spa\u00df macht! Normale Ballspiele, bei denen man einfach nur etwas hin- und herschiebt, k\u00f6nnen zu einfach sein und nach 10 Minuten wirklich langweilig und anstrengend werden. Switch Ball ist jedoch gro\u00dfartig, denn es geht um mehr als nur einen Ball. Timing und Auge-Hand-Koordination sowie Feinmotorik sind bei diesem Spiel wirklich gefragt!<\/p>\n<p>Switch Ball Inklusive, zwei B\u00e4lle, 2 Netze<br \/>\nDas Set enth\u00e4lt<br \/>\nSwitch Ball Mono Fling, enth\u00e4lt einen Tennisball, einen Pickle-Ball, zwei Netze f\u00fcr 2 Spieler und eine Tragetasche f\u00fcr alles, damit Sie es \u00fcberallhin mitnehmen k\u00f6nnen.<\/p>\n<p>Spielen Sie praktisch \u00fcberall, z. B. am Strand, im Park, in Ihrem Garten und mehr!<\/p>\n<p>M\u00e4dchen spielt Mono-Fling Switch Ball im Park am Wasser und am\u00fcsiert sich mit ihren Freunden<br \/>\nDer Beginn eines neuen Wahnsinns<br \/>\nDer Mono Fling Switch Ball ist brandneu auf dem Markt und hat in den vergangenen Monaten f\u00fcr viel Aufregung gesorgt, als dieses einzigartige Produkt entwickelt wurde! Verschwenden Sie nicht Ihre Zeit und probieren Sie unser brandneues Set aus!<\/li>\n<\/ul>","protected":false},"excerpt":{"rendered":"<p>Switch Ball ist eine v\u00f6llig neue Art von Ballspielen, \u00e4hnlich wie Badminton, Tennis und Paddle Ball in einem!<\/p>","protected":false},"featured_media":1669,"template":"","meta":{"_gspb_post_css":""},"product_brand":[],"product_cat":[35,40],"product_tag":[],"class_list":{"0":"post-1666","1":"product","2":"type-product","3":"status-publish","4":"has-post-thumbnail","6":"product_cat-multi-sports-net","7":"product_cat-outdoor-net","9":"first","10":"instock","11":"shipping-taxable","12":"product-type-simple"},"_links":{"self":[{"href":"https:\/\/fsportsnet.com\/de\/wp-json\/wp\/v2\/product\/1666","targetHints":{"allow":["GET"]}}],"collection":[{"href":"https:\/\/fsportsnet.com\/de\/wp-json\/wp\/v2\/product"}],"about":[{"href":"https:\/\/fsportsnet.com\/de\/wp-json\/wp\/v2\/types\/product"}],"wp:featuredmedia":[{"embeddable":true,"href":"https:\/\/fsportsnet.com\/de\/wp-json\/wp\/v2\/media\/1669"}],"wp:attachment":[{"href":"https:\/\/fsportsnet.com\/de\/wp-json\/wp\/v2\/media?parent=1666"}],"wp:term":[{"taxonomy":"product_brand","embeddable":true,"href":"https:\/\/fsportsnet.com\/de\/wp-json\/wp\/v2\/product_brand?post=1666"},{"taxonomy":"product_cat","embeddable":true,"href":"https:\/\/fsportsnet.com\/de\/wp-json\/wp\/v2\/product_cat?post=1666"},{"taxonomy":"product_tag","embeddable":true,"href":"https:\/\/fsportsnet.com\/de\/wp-json\/wp\/v2\/product_tag?post=1666"}],"curies":[{"name":"wp","href":"https:\/\/api.w.org\/{rel}","templated":true}]}}