{"id":1676,"date":"2023-04-29T14:52:22","date_gmt":"2023-04-29T06:52:22","guid":{"rendered":"https:\/\/fsportsnet.com\/?post_type=product&#038;p=1676"},"modified":"2024-01-18T17:07:53","modified_gmt":"2024-01-18T09:07:53","slug":"mini-portable-pickleball-net-for-driveway-kids-soccer-tennis-net","status":"publish","type":"product","link":"https:\/\/fsportsnet.com\/de\/product\/mini-portable-pickleball-net-for-driveway-kids-soccer-tennis-net\/","title":{"rendered":"Mini Portable Pickleball Netz f\u00fcr Auffahrt Kinder Fu\u00dfball Tennis Netz"},"content":{"rendered":"<p>1. Gr\u00f6\u00dfe: 3,0 m<br \/>\n2. Netz: 5 Lagen 1,75\u201d PE knotenloses Netz<br \/>\n3. Stahlrohr: \u03c619*0,6mm<br \/>\n4. Stoff\uff1a420D<br \/>\n5. Tasche: 210D Oxford-Gewebe mit 1pcs LOGO<br \/>\n6. Verpacken: Jedes St\u00fcck in einem K=K-Karton, 88,5x21x12cm<br \/>\n7.G.W 4.2kg, N.W 3.3kg<\/p>","protected":false},"excerpt":{"rendered":"<ul class=\"a-unordered-list a-vertical a-spacing-mini\">\n<li class=\"a-spacing-mini\"><span class=\"a-list-item\">10ft verwendet f\u00fcr Tennisnetz, Fu\u00dfballtennisnetz, Pickleballnetz<\/span><\/li>\n<li class=\"a-spacing-mini\"><span class=\"a-list-item\">18ft verwendet f\u00fcr Tennisnetz, Fu\u00dfball-Tennisnetz, Pickleball-Netz, Pool-Volleyball-Netz<\/span><\/li>\n<\/ul>","protected":false},"featured_media":1121,"template":"","meta":{"_gspb_post_css":""},"product_brand":[],"product_cat":[27],"product_tag":[],"class_list":{"0":"post-1676","1":"product","2":"type-product","3":"status-publish","4":"has-post-thumbnail","6":"product_cat-pickleball-net","8":"first","9":"instock","10":"shipping-taxable","11":"purchasable","12":"product-type-simple"},"_links":{"self":[{"href":"https:\/\/fsportsnet.com\/de\/wp-json\/wp\/v2\/product\/1676","targetHints":{"allow":["GET"]}}],"collection":[{"href":"https:\/\/fsportsnet.com\/de\/wp-json\/wp\/v2\/product"}],"about":[{"href":"https:\/\/fsportsnet.com\/de\/wp-json\/wp\/v2\/types\/product"}],"wp:featuredmedia":[{"embeddable":true,"href":"https:\/\/fsportsnet.com\/de\/wp-json\/wp\/v2\/media\/1121"}],"wp:attachment":[{"href":"https:\/\/fsportsnet.com\/de\/wp-json\/wp\/v2\/media?parent=1676"}],"wp:term":[{"taxonomy":"product_brand","embeddable":true,"href":"https:\/\/fsportsnet.com\/de\/wp-json\/wp\/v2\/product_brand?post=1676"},{"taxonomy":"product_cat","embeddable":true,"href":"https:\/\/fsportsnet.com\/de\/wp-json\/wp\/v2\/product_cat?post=1676"},{"taxonomy":"product_tag","embeddable":true,"href":"https:\/\/fsportsnet.com\/de\/wp-json\/wp\/v2\/product_tag?post=1676"}],"curies":[{"name":"wp","href":"https:\/\/api.w.org\/{rel}","templated":true}]}}