{"id":45591,"date":"2025-03-01T07:45:53","date_gmt":"2025-03-01T07:45:53","guid":{"rendered":"https:\/\/fsportsnet.com\/?post_type=product&#038;p=45591"},"modified":"2025-03-01T07:50:00","modified_gmt":"2025-03-01T07:50:00","slug":"softball-baseball-batting-cage-netting-heavy-duty-pe-pitching-batting-net-one-piece-square-practice-portable-pitching-cage-net-w-bag-net-only","status":"publish","type":"product","link":"https:\/\/fsportsnet.com\/de\/product\/softball-baseball-batting-cage-netting-heavy-duty-pe-pitching-batting-net-one-piece-square-practice-portable-pitching-cage-net-w-bag-net-only\/","title":{"rendered":"Softball Baseball Batting Cage Netting Heavy Duty PE Pitching Batting Net, One-piece Square Practice Portable Pitching Cage Net w\/Bag (Net Only)"},"content":{"rendered":"<p>\u00dcber diesen Artikel<br \/>\nLanglebiger, gro\u00dfer Schlagk\u00e4fig: Dieses hochwertige Baseball-Schlagk\u00e4fignetz ist eine ausgezeichnete Wahl f\u00fcr Baseball- und Softball-Trainingsger\u00e4te. Mit den Ma\u00dfen 35x10x10FT ist er perfekt f\u00fcr jeden Sportbegeisterten, Sporttrainer und professionellen Coach und bietet einen exklusiven Trainingsplatz. Das vollst\u00e4ndig geschlossene Design sorgt daf\u00fcr, dass die B\u00e4lle w\u00e4hrend des Trainings nicht weit wegfliegen. Sowohl f\u00fcr den Innen- als auch f\u00fcr den Au\u00dfeneinsatz geeignet. Hinweis: Stangen und Rahmen sind nicht im Lieferumfang enthalten.<br \/>\nNetz mit integriertem Design: Dieses einteilige Netz wurde speziell f\u00fcr Baseball-Schlagk\u00e4fige entwickelt und dient als Ersatz f\u00fcr quadratische Baseballk\u00e4fige. Sein vollst\u00e4ndig geschlossenes Design erspart Ihnen die l\u00e4stige Suche nach verirrten B\u00e4llen und macht es ideal f\u00fcr das \u00dcben von Schlag- und Pitching-F\u00e4higkeiten, was zu erheblichen Verbesserungen der Schlag- oder Pitching-F\u00e4higkeiten f\u00fchrt.<br \/>\nHochwertiges Mesh: Aus PE-Material hergestellt, bietet dieses Netz f\u00fcr Schlagk\u00e4fige eine hervorragende Wetterbest\u00e4ndigkeit und ist unter allen Bedingungen einsetzbar. Es ist verschlei\u00df- und korrosionsbest\u00e4ndig, wind- und regendicht und sch\u00fctzt effektiv vor Sonnensch\u00e4den. Das Netz besteht aus 30-fach geknotetem Maschenmaterial und ist sehr haltbar, was eine l\u00e4ngere Lebensdauer garantiert. Das Netz ist dick und rei\u00dffest und h\u00e4lt dem Aufprall der geschlagenen B\u00e4lle effektiv stand.<br \/>\nHumanisiertes Design: Verf\u00fcgt \u00fcber eine neu hinzugef\u00fcgte K\u00e4figt\u00fcr, die sich mit Haken und Schlaufen \u00f6ffnen und schlie\u00dfen l\u00e4sst, was den Athleten einen einfachen Ein- und Ausstieg auf dem Trainingsfeld erm\u00f6glicht. Dieses Design verbessert Ihre Trainingserfahrung und das Schlagk\u00e4fignetz ist f\u00fcr Sportler aller Altersgruppen geeignet.<br \/>\nEinfach zu installieren: Diese Baseball-Softball-Trainingsk\u00e4fig-Ausr\u00fcstung kann dank ihrer einfachen Struktur und klaren Anweisungen von nur zwei Personen erfolgreich installiert werden. Einfacher Aufbau in einem Rutsch. Kommt mit einer Aufbewahrungstasche, so dass es leicht zu bewegen und ideal f\u00fcr den Transport zu Indoor-oder Outdoor-Sportpl\u00e4tze.<\/p>","protected":false},"excerpt":{"rendered":"<p>Grenzenlose Trainingsm\u00f6glichkeiten<br \/>\nErleben Sie die Vielseitigkeit des Baseball- und Softball-Schlagk\u00e4figs. Dieses Netz ist mit einer breiten Palette von B\u00e4llen kompatibel, darunter Baseb\u00e4lle, Golfb\u00e4lle, Tennisb\u00e4lle und Federb\u00e4lle, und erf\u00fcllt alle Ihre Trainingsanforderungen. Ganz gleich, ob Sie in der Halle oder im Freien trainieren, mit diesem Netz sind Sie bestens ger\u00fcstet. Verabschieden Sie sich von Einschr\u00e4nkungen und entfalten Sie Ihr volles Potenzial mit diesem au\u00dfergew\u00f6hnlichen Trainingsger\u00e4t.<\/p>","protected":false},"featured_media":45598,"template":"","meta":{"_gspb_post_css":""},"product_brand":[],"product_cat":[25],"product_tag":[28],"class_list":{"0":"post-45591","1":"product","2":"type-product","3":"status-publish","4":"has-post-thumbnail","6":"product_cat-baseball-net","7":"product_tag-baseball-net","9":"first","10":"instock","11":"shipping-taxable","12":"product-type-simple"},"_links":{"self":[{"href":"https:\/\/fsportsnet.com\/de\/wp-json\/wp\/v2\/product\/45591","targetHints":{"allow":["GET"]}}],"collection":[{"href":"https:\/\/fsportsnet.com\/de\/wp-json\/wp\/v2\/product"}],"about":[{"href":"https:\/\/fsportsnet.com\/de\/wp-json\/wp\/v2\/types\/product"}],"wp:featuredmedia":[{"embeddable":true,"href":"https:\/\/fsportsnet.com\/de\/wp-json\/wp\/v2\/media\/45598"}],"wp:attachment":[{"href":"https:\/\/fsportsnet.com\/de\/wp-json\/wp\/v2\/media?parent=45591"}],"wp:term":[{"taxonomy":"product_brand","embeddable":true,"href":"https:\/\/fsportsnet.com\/de\/wp-json\/wp\/v2\/product_brand?post=45591"},{"taxonomy":"product_cat","embeddable":true,"href":"https:\/\/fsportsnet.com\/de\/wp-json\/wp\/v2\/product_cat?post=45591"},{"taxonomy":"product_tag","embeddable":true,"href":"https:\/\/fsportsnet.com\/de\/wp-json\/wp\/v2\/product_tag?post=45591"}],"curies":[{"name":"wp","href":"https:\/\/api.w.org\/{rel}","templated":true}]}}