{"id":45626,"date":"2025-09-11T17:00:58","date_gmt":"2025-09-11T17:00:58","guid":{"rendered":"https:\/\/fsportsnet.com\/?post_type=product&#038;p=45626"},"modified":"2025-10-07T08:41:47","modified_gmt":"2025-10-07T08:41:47","slug":"10-x-8-ft-golf-practice-hitting-net","status":"publish","type":"product","link":"https:\/\/fsportsnet.com\/de\/product\/10-x-8-ft-golf-practice-hitting-net\/","title":{"rendered":"Fangsheng 10 x 8 ft Golf Praxis Hitting Net"},"content":{"rendered":"<p>PN: GN016<br \/>\nRANGE CAGE: \u00dcben Sie mit Vertrauen mit echten Golfb\u00e4llen; Cage Design bietet eingebaute Schaft Netze auf jeder Seite &amp; Schutznetz auf der Oberseite; verf\u00fcgt \u00fcber eine hohe Dichte gewebt Polyester Auswirkungen Bildschirm f\u00fcr den Einsatz mit Golf-Simulatoren und Projektoren (nicht enthalten)<br \/>\nSIM SCREEN: Beinhaltet eine 88 x 80 Zoll gro\u00dfe Leinwand aus hochdichtem, gewebtem Polyester, die einen dauerhaften Projektorhintergrund bietet; Startmonitor und Projektor sind nicht enthalten<br \/>\nPREMIUM KONSTRUKTION: Gebaut f\u00fcr alle Schwunggeschwindigkeiten; Hergestellt aus starkem Fiberglas mit ultra-haltbarem Netz und verst\u00e4rktem Aufprallschutz; Schaumgef\u00fctterte Stahlrahmenbasis minimiert das Zur\u00fcckprallen und verhindert, dass B\u00e4lle unter den Rahmen rutschen<br \/>\nTOP CAGE: Erm\u00f6glicht das \u00dcben von Schl\u00e4gern mit hohem Loft, wie Wedges, Chips und sogar Flop Shots; Sch\u00fctzt Ihre Decke beim Indoor-Training<br \/>\nRIESIGE GR\u00d6SSE: 10\u2032 x 8\u2032 x 5,5\u2032 Gr\u00f6\u00dfe eignet sich f\u00fcr Golfer aller Spielst\u00e4rken, ob Rechts- oder Linksh\u00e4nder; Aufbau in ca. 5 Minuten &amp; inklusive Tragetasche zur Aufbewahrung; Empfohlene Raumgr\u00f6\u00dfe: 9 Fu\u00df hohe Decke mit ausreichend Platz f\u00fcr die gew\u00fcnschte Schlagdistanz<\/p>","protected":false},"excerpt":{"rendered":"<p>Golf Range Cage 10 x 8 ft Golf Practice Hitting Net - W\u00e4hlen Sie zwischen gedruckten Grafiken Impact Screen, Blank Simulator Bildschirm, oder Classic Net<\/p>","protected":false},"featured_media":45629,"template":"","meta":{"_gspb_post_css":""},"product_brand":[],"product_cat":[26],"product_tag":[],"class_list":{"0":"post-45626","1":"product","2":"type-product","3":"status-publish","4":"has-post-thumbnail","6":"product_cat-golf-net","8":"first","9":"instock","10":"shipping-taxable","11":"product-type-simple"},"_links":{"self":[{"href":"https:\/\/fsportsnet.com\/de\/wp-json\/wp\/v2\/product\/45626","targetHints":{"allow":["GET"]}}],"collection":[{"href":"https:\/\/fsportsnet.com\/de\/wp-json\/wp\/v2\/product"}],"about":[{"href":"https:\/\/fsportsnet.com\/de\/wp-json\/wp\/v2\/types\/product"}],"wp:featuredmedia":[{"embeddable":true,"href":"https:\/\/fsportsnet.com\/de\/wp-json\/wp\/v2\/media\/45629"}],"wp:attachment":[{"href":"https:\/\/fsportsnet.com\/de\/wp-json\/wp\/v2\/media?parent=45626"}],"wp:term":[{"taxonomy":"product_brand","embeddable":true,"href":"https:\/\/fsportsnet.com\/de\/wp-json\/wp\/v2\/product_brand?post=45626"},{"taxonomy":"product_cat","embeddable":true,"href":"https:\/\/fsportsnet.com\/de\/wp-json\/wp\/v2\/product_cat?post=45626"},{"taxonomy":"product_tag","embeddable":true,"href":"https:\/\/fsportsnet.com\/de\/wp-json\/wp\/v2\/product_tag?post=45626"}],"curies":[{"name":"wp","href":"https:\/\/api.w.org\/{rel}","templated":true}]}}