{"id":46406,"date":"2025-11-10T06:10:07","date_gmt":"2025-11-10T06:10:07","guid":{"rendered":"https:\/\/fsportsnet.com\/?post_type=product&#038;p=46406"},"modified":"2025-11-10T06:14:09","modified_gmt":"2025-11-10T06:14:09","slug":"height-adjustable-portable-badminton-net-set-with-carry-bag","status":"publish","type":"product","link":"https:\/\/fsportsnet.com\/de\/product\/height-adjustable-portable-badminton-net-set-with-carry-bag\/","title":{"rendered":"H\u00f6henverstellbares, tragbares Badminton-Netz-Set mit Tragetasche"},"content":{"rendered":"<p>das h\u00f6henverstellbare, tragbare badmintonnetzset mit tragetasche verwandelt jede freie fl\u00e4che in ein schnelles spielfeld. die werkzeugfreien stangen lassen sich zusammenstecken, die spannung bleibt gleichm\u00e4\u00dfig, und der boden h\u00e4lt das netz auf rasen oder pflaster stabil. die h\u00f6he l\u00e4sst sich f\u00fcr kinder\u00fcbungen, pickleball-\u00dcbungen oder komplette badmintonspiele einstellen. das netz ist strapazierf\u00e4hig und dennoch leicht, und alles l\u00e4sst sich in einer kompakten tasche verstauen, die in den kofferraum eines autos passt. der aufbau ist in wenigen minuten erledigt, sei es f\u00fcr das familienspiel, den schulsport oder auf reisen. einfach, robust und macht spa\u00df, wo immer du bist.<\/p>","protected":false},"excerpt":{"rendered":"<p>Erh\u00f6hen Sie die Qualit\u00e4t von Geschenken mit einer luxuri\u00f6sen Geschenkbox, die aus hochwertigen Materialien und einer stabilen Konstruktion gefertigt ist. Der individuelle Druck, die eleganten Oberfl\u00e4chen und das wiederverwendbare Design machen sie perfekt f\u00fcr Schmuck, Kerzen oder VIP-Sets.<\/p>","protected":false},"featured_media":46409,"template":"","meta":{"_gspb_post_css":""},"product_brand":[],"product_cat":[34],"product_tag":[50,47,45,48,49,46],"class_list":{"0":"post-46406","1":"product","2":"type-product","3":"status-publish","4":"has-post-thumbnail","6":"product_cat-badminton-net","7":"product_tag-brand-presentation","8":"product_tag-custom-packaging","9":"product_tag-luxury-gift-box","10":"product_tag-premium-gift-packaging","11":"product_tag-reusable-box","12":"product_tag-rigid-boxes","14":"first","15":"instock","16":"shipping-taxable","17":"product-type-simple"},"_links":{"self":[{"href":"https:\/\/fsportsnet.com\/de\/wp-json\/wp\/v2\/product\/46406","targetHints":{"allow":["GET"]}}],"collection":[{"href":"https:\/\/fsportsnet.com\/de\/wp-json\/wp\/v2\/product"}],"about":[{"href":"https:\/\/fsportsnet.com\/de\/wp-json\/wp\/v2\/types\/product"}],"wp:featuredmedia":[{"embeddable":true,"href":"https:\/\/fsportsnet.com\/de\/wp-json\/wp\/v2\/media\/46409"}],"wp:attachment":[{"href":"https:\/\/fsportsnet.com\/de\/wp-json\/wp\/v2\/media?parent=46406"}],"wp:term":[{"taxonomy":"product_brand","embeddable":true,"href":"https:\/\/fsportsnet.com\/de\/wp-json\/wp\/v2\/product_brand?post=46406"},{"taxonomy":"product_cat","embeddable":true,"href":"https:\/\/fsportsnet.com\/de\/wp-json\/wp\/v2\/product_cat?post=46406"},{"taxonomy":"product_tag","embeddable":true,"href":"https:\/\/fsportsnet.com\/de\/wp-json\/wp\/v2\/product_tag?post=46406"}],"curies":[{"name":"wp","href":"https:\/\/api.w.org\/{rel}","templated":true}]}}