{"id":46424,"date":"2025-11-10T07:36:24","date_gmt":"2025-11-10T07:36:24","guid":{"rendered":"https:\/\/fsportsnet.com\/?post_type=product&#038;p=46424"},"modified":"2025-11-10T07:36:24","modified_gmt":"2025-11-10T07:36:24","slug":"five-target-football-practice-net-with-carry-bag-and-frame","status":"publish","type":"product","link":"https:\/\/fsportsnet.com\/de\/product\/five-target-football-practice-net-with-carry-bag-and-frame\/","title":{"rendered":"F\u00fcnf-Ziel-Fu\u00dfball-\u00dcbungsnetz mit Tragetasche und Rahmen"},"content":{"rendered":"<p>Dieses Trainingsnetz mit f\u00fcnf Zielen hilft den Spielern, ihre Genauigkeit zu verbessern, ohne den B\u00e4llen hinterherlaufen zu m\u00fcssen. Die nummerierten Taschen schaffen klare Ziele f\u00fcr Aufw\u00e4rm\u00fcbungen, Passb\u00e4ume und Wettbewerbsspiele. Flexible Stangen und ein verst\u00e4rkter Rahmen halten das Netz bei Wind stabil, w\u00e4hrend die Bodenpf\u00e4hle es auf Gras oder Rasen fixieren. Der gro\u00dfe Fangbereich f\u00e4ngt W\u00fcrfe auf und leitet sie in die Taschen, um schnelle R\u00fcckschl\u00e4ge zu erm\u00f6glichen. Wenn das Training beendet ist, l\u00e4sst sich alles in eine kompakte Tragetasche zusammenfalten, die in einen Kofferraum oder Schrank passt.<\/p>","protected":false},"excerpt":{"rendered":"<p>tragbares fu\u00dfball-\u00dcbungsnetz mit f\u00fcnf toren, nummerierten taschen und einem stabilen rahmen. schneller aufbau, stabiler stand im freien und eine einfache tragetasche. ideal f\u00fcr die genauigkeit des quarterbacks, team-\u00dcbungen, sportunterricht und spa\u00df im hinterhof.<\/p>","protected":false},"featured_media":46425,"template":"","meta":{"_gspb_post_css":""},"product_brand":[],"product_cat":[30],"product_tag":[50,47,45,48,49,46],"class_list":{"0":"post-46424","1":"product","2":"type-product","3":"status-publish","4":"has-post-thumbnail","6":"product_cat-football-goal","7":"product_tag-brand-presentation","8":"product_tag-custom-packaging","9":"product_tag-luxury-gift-box","10":"product_tag-premium-gift-packaging","11":"product_tag-reusable-box","12":"product_tag-rigid-boxes","14":"first","15":"instock","16":"shipping-taxable","17":"product-type-simple"},"_links":{"self":[{"href":"https:\/\/fsportsnet.com\/de\/wp-json\/wp\/v2\/product\/46424","targetHints":{"allow":["GET"]}}],"collection":[{"href":"https:\/\/fsportsnet.com\/de\/wp-json\/wp\/v2\/product"}],"about":[{"href":"https:\/\/fsportsnet.com\/de\/wp-json\/wp\/v2\/types\/product"}],"wp:featuredmedia":[{"embeddable":true,"href":"https:\/\/fsportsnet.com\/de\/wp-json\/wp\/v2\/media\/46425"}],"wp:attachment":[{"href":"https:\/\/fsportsnet.com\/de\/wp-json\/wp\/v2\/media?parent=46424"}],"wp:term":[{"taxonomy":"product_brand","embeddable":true,"href":"https:\/\/fsportsnet.com\/de\/wp-json\/wp\/v2\/product_brand?post=46424"},{"taxonomy":"product_cat","embeddable":true,"href":"https:\/\/fsportsnet.com\/de\/wp-json\/wp\/v2\/product_cat?post=46424"},{"taxonomy":"product_tag","embeddable":true,"href":"https:\/\/fsportsnet.com\/de\/wp-json\/wp\/v2\/product_tag?post=46424"}],"curies":[{"name":"wp","href":"https:\/\/api.w.org\/{rel}","templated":true}]}}