{"id":46442,"date":"2025-11-10T07:47:57","date_gmt":"2025-11-10T07:47:57","guid":{"rendered":"https:\/\/fsportsnet.com\/?post_type=product&#038;p=46442"},"modified":"2025-11-10T07:47:57","modified_gmt":"2025-11-10T07:47:57","slug":"portable-golf-practice-net-with-frame-and-carry-bag-set","status":"publish","type":"product","link":"https:\/\/fsportsnet.com\/de\/product\/portable-golf-practice-net-with-frame-and-carry-bag-set\/","title":{"rendered":"Tragbares Golf-\u00dcbungsnetz mit Rahmen und Tragetasche Set"},"content":{"rendered":"<p>das tragbare golf-\u00dcbungsnetz mit rahmen und tragetasche hilft ihnen, einen konstanten schwung zu entwickeln, ohne auf den schie\u00dfstand zu m\u00fcssen. ein leichter, aber dennoch stabiler rahmen h\u00e4lt ein haltbares netz, das schl\u00e4ge absorbiert und b\u00e4lle sicher in den boden fallen l\u00e4sst. die weite \u00f6ffnung gibt ihnen vertrauen bei drivern, eisen und chips, w\u00e4hrend die abgewinkelten seiten abpraller reduzieren. in wenigen minuten aufgebaut, l\u00e4sst es sich zusammenklappen und in die mitgelieferte tasche packen, um es im hinterhof, in der garage, im park oder auf reisen zu verwenden. es ist ein sauberer, kompakter trainingsgef\u00e4hrte, mit dem anf\u00e4nger die grundlagen erlernen und erfahrene spieler ihr tempo jederzeit und \u00fcberall steigern k\u00f6nnen.<\/p>","protected":false},"excerpt":{"rendered":"<p>Mit diesem tragbaren Golf-\u00dcbungsnetz k\u00f6nnen Sie \u00fcberall trainieren. Der stabile Rahmen, das tiefe Fangnetz und das schnell faltbare Design machen den Aufbau einfach und sicher. Eine rote Tragetasche sorgt f\u00fcr Ordnung bei der Aufbewahrung und auf Reisen.<\/p>","protected":false},"featured_media":46450,"template":"","meta":{"_gspb_post_css":""},"product_brand":[],"product_cat":[26],"product_tag":[53,56,51,55,54,52],"class_list":{"0":"post-46442","1":"product","2":"type-product","3":"status-publish","4":"has-post-thumbnail","6":"product_cat-golf-net","7":"product_tag-backyard-golf-training","8":"product_tag-carry-bag-set","9":"product_tag-golf-practice-net","10":"product_tag-hitting-practice-net","11":"product_tag-indoor-outdoor-sports-net","12":"product_tag-portable-golf-net","14":"first","15":"instock","16":"shipping-taxable","17":"product-type-simple"},"_links":{"self":[{"href":"https:\/\/fsportsnet.com\/de\/wp-json\/wp\/v2\/product\/46442","targetHints":{"allow":["GET"]}}],"collection":[{"href":"https:\/\/fsportsnet.com\/de\/wp-json\/wp\/v2\/product"}],"about":[{"href":"https:\/\/fsportsnet.com\/de\/wp-json\/wp\/v2\/types\/product"}],"wp:featuredmedia":[{"embeddable":true,"href":"https:\/\/fsportsnet.com\/de\/wp-json\/wp\/v2\/media\/46450"}],"wp:attachment":[{"href":"https:\/\/fsportsnet.com\/de\/wp-json\/wp\/v2\/media?parent=46442"}],"wp:term":[{"taxonomy":"product_brand","embeddable":true,"href":"https:\/\/fsportsnet.com\/de\/wp-json\/wp\/v2\/product_brand?post=46442"},{"taxonomy":"product_cat","embeddable":true,"href":"https:\/\/fsportsnet.com\/de\/wp-json\/wp\/v2\/product_cat?post=46442"},{"taxonomy":"product_tag","embeddable":true,"href":"https:\/\/fsportsnet.com\/de\/wp-json\/wp\/v2\/product_tag?post=46442"}],"curies":[{"name":"wp","href":"https:\/\/api.w.org\/{rel}","templated":true}]}}