{"id":46464,"date":"2025-11-10T07:56:03","date_gmt":"2025-11-10T07:56:03","guid":{"rendered":"https:\/\/fsportsnet.com\/?post_type=product&#038;p=46464"},"modified":"2025-11-10T07:56:03","modified_gmt":"2025-11-10T07:56:03","slug":"heavy-duty-hay-bale-net-cover-for-weatherproof-farm-storage","status":"publish","type":"product","link":"https:\/\/fsportsnet.com\/de\/product\/heavy-duty-hay-bale-net-cover-for-weatherproof-farm-storage\/","title":{"rendered":"Hochbelastbare Heuballen-Netzabdeckung f\u00fcr wetterfeste Lagerung in der Landwirtschaft"},"content":{"rendered":"<p>diese hochbelastbare netzabdeckung f\u00fcr heuballen sch\u00fctzt rundballen im jahreszeitlichen wechsel. das dichte, uv-best\u00e4ndige netz h\u00e4lt v\u00f6gel und schmutz ab und erm\u00f6glicht gleichzeitig eine luftstr\u00f6mung, um feuchtigkeit und schimmel zu vermeiden. die robuste einfassung und die verst\u00e4rkten verankerungspunkte halten auch bei wind stand und lassen sich schnell \u00f6ffnen, wenn sie Zugriff ben\u00f6tigen. das flexible netz passt sich verschiedenen ballengr\u00f6\u00dfen an, l\u00e4sst sich bei nichtgebrauch ordentlich stapeln und kann saisonal wiederverwendet werden. da es das heu sauberer und trockener h\u00e4lt, verringert es die schrumpfung und spart futterkosten. es ist eine praktische, wartungsarme m\u00f6glichkeit, ihre investition zu sch\u00fctzen und die t\u00e4gliche arbeit auf dem bauernhof zu erleichtern.<\/p>","protected":false},"excerpt":{"rendered":"<p>halten sie die ballen mit dieser strapazierf\u00e4higen netzabdeckung trocken und nutzbar. das uv-stabile netz ist atmungsaktiv, um schimmel zu bek\u00e4mpfen, h\u00e4lt regen ab und schreckt v\u00f6gel ab. die schnellverschl\u00fcsse erleichtern die t\u00e4gliche arbeit und verringern die futterverschwendung.<\/p>","protected":false},"featured_media":46470,"template":"","meta":{"_gspb_post_css":""},"product_brand":[],"product_cat":[15],"product_tag":[69,70,68,73,72,71],"class_list":{"0":"post-46464","1":"product","2":"type-product","3":"status-publish","4":"has-post-thumbnail","6":"product_cat-others","7":"product_tag-bale-cover","8":"product_tag-farm-storage","9":"product_tag-hay-bale-net","10":"product_tag-livestock-feed-protection","11":"product_tag-uv-resistant-mesh","12":"product_tag-weatherproof-hay-net","14":"first","15":"instock","16":"shipping-taxable","17":"product-type-simple"},"_links":{"self":[{"href":"https:\/\/fsportsnet.com\/de\/wp-json\/wp\/v2\/product\/46464","targetHints":{"allow":["GET"]}}],"collection":[{"href":"https:\/\/fsportsnet.com\/de\/wp-json\/wp\/v2\/product"}],"about":[{"href":"https:\/\/fsportsnet.com\/de\/wp-json\/wp\/v2\/types\/product"}],"wp:featuredmedia":[{"embeddable":true,"href":"https:\/\/fsportsnet.com\/de\/wp-json\/wp\/v2\/media\/46470"}],"wp:attachment":[{"href":"https:\/\/fsportsnet.com\/de\/wp-json\/wp\/v2\/media?parent=46464"}],"wp:term":[{"taxonomy":"product_brand","embeddable":true,"href":"https:\/\/fsportsnet.com\/de\/wp-json\/wp\/v2\/product_brand?post=46464"},{"taxonomy":"product_cat","embeddable":true,"href":"https:\/\/fsportsnet.com\/de\/wp-json\/wp\/v2\/product_cat?post=46464"},{"taxonomy":"product_tag","embeddable":true,"href":"https:\/\/fsportsnet.com\/de\/wp-json\/wp\/v2\/product_tag?post=46464"}],"curies":[{"name":"wp","href":"https:\/\/api.w.org\/{rel}","templated":true}]}}