{"id":46485,"date":"2025-11-10T08:04:19","date_gmt":"2025-11-10T08:04:19","guid":{"rendered":"https:\/\/fsportsnet.com\/?post_type=product&#038;p=46485"},"modified":"2025-11-10T08:04:19","modified_gmt":"2025-11-10T08:04:19","slug":"foldable-soccer-training-goal-set-with-carry-bag-and-cones","status":"publish","type":"product","link":"https:\/\/fsportsnet.com\/de\/product\/foldable-soccer-training-goal-set-with-carry-bag-and-cones\/","title":{"rendered":"Faltbares Fu\u00dfballtrainingstor mit Tragetasche und Kegeln"},"content":{"rendered":"<p>Dieses faltbare Fu\u00dfballtor-Set verwandelt jede freie Fl\u00e4che in ein Mini-Fu\u00dfballfeld. Der Rahmen ist in wenigen Minuten aufgebaut und rastet ein, um Stabilit\u00e4t auf Gras oder Rasen zu gew\u00e4hrleisten. Ein haltbares, knotenloses Netz absorbiert Schl\u00e4ge und l\u00e4sst den Ball sauber fallen, um schnelle Wiederholungen zu erm\u00f6glichen. Die mitgelieferten Markierungskegel helfen beim Aufbau von Routen, Geschicklichkeitsleitern und Schusszonen, so dass jede Trainingseinheit ein Ziel hat. Alles l\u00e4sst sich zusammenklappen und in der Tragetasche verstauen, so dass es leicht zu transportieren ist.<\/p>","protected":false},"excerpt":{"rendered":"<p>Mit diesem faltbaren Fu\u00dfballtor k\u00f6nnen Sie \u00fcberall trainieren. Die stabile Basis und das robuste Netz halten harte Sch\u00fcsse aus, und die elastische Spannung mildert Abpraller.<\/p>","protected":false},"featured_media":46489,"template":"","meta":{"_gspb_post_css":""},"product_brand":[],"product_cat":[29],"product_tag":[88,89,86,87,85,90],"class_list":{"0":"post-46485","1":"product","2":"type-product","3":"status-publish","4":"has-post-thumbnail","6":"product_cat-soccer-goal","7":"product_tag-backyard-practice","8":"product_tag-carry-bag","9":"product_tag-foldable-soccer-net","10":"product_tag-portable-goal-set","11":"product_tag-soccer-training-goal","12":"product_tag-training-cones","14":"first","15":"instock","16":"shipping-taxable","17":"product-type-simple"},"_links":{"self":[{"href":"https:\/\/fsportsnet.com\/de\/wp-json\/wp\/v2\/product\/46485","targetHints":{"allow":["GET"]}}],"collection":[{"href":"https:\/\/fsportsnet.com\/de\/wp-json\/wp\/v2\/product"}],"about":[{"href":"https:\/\/fsportsnet.com\/de\/wp-json\/wp\/v2\/types\/product"}],"wp:featuredmedia":[{"embeddable":true,"href":"https:\/\/fsportsnet.com\/de\/wp-json\/wp\/v2\/media\/46489"}],"wp:attachment":[{"href":"https:\/\/fsportsnet.com\/de\/wp-json\/wp\/v2\/media?parent=46485"}],"wp:term":[{"taxonomy":"product_brand","embeddable":true,"href":"https:\/\/fsportsnet.com\/de\/wp-json\/wp\/v2\/product_brand?post=46485"},{"taxonomy":"product_cat","embeddable":true,"href":"https:\/\/fsportsnet.com\/de\/wp-json\/wp\/v2\/product_cat?post=46485"},{"taxonomy":"product_tag","embeddable":true,"href":"https:\/\/fsportsnet.com\/de\/wp-json\/wp\/v2\/product_tag?post=46485"}],"curies":[{"name":"wp","href":"https:\/\/api.w.org\/{rel}","templated":true}]}}