{"id":46501,"date":"2025-11-10T08:09:26","date_gmt":"2025-11-10T08:09:26","guid":{"rendered":"https:\/\/fsportsnet.com\/?post_type=product&#038;p=46501"},"modified":"2025-11-10T08:09:27","modified_gmt":"2025-11-10T08:09:27","slug":"portable-volleyball-net-set-with-poles-ball-stakes-and-bag","status":"publish","type":"product","link":"https:\/\/fsportsnet.com\/de\/product\/portable-volleyball-net-set-with-poles-ball-stakes-and-bag\/","title":{"rendered":"Tragbares Volleyballnetz-Set mit Stangen, Ballstangen und Tasche"},"content":{"rendered":"<p>Dieses tragbare Volleyballnetz-Set mit Stangen, Ball, Heringen und Tasche macht Pickup-Spiele einfach. Die h\u00f6henverstellbaren Stangen sind schnell zusammengesteckt, w\u00e4hrend Spanngurte und Bodenheringe das Netz bei Wind stabil halten. Alles l\u00e4sst sich in einer kompakten Tragetasche verstauen, die in den Kofferraum oder den Schrank passt. Verwenden Sie es am Strand, im Garten oder im Park f\u00fcr Familienabende, Schulveranstaltungen oder Mannschafts\u00fcbungen. zuverl\u00e4ssig, einfach und spa\u00dfig - wo auch immer Sie die Linien setzen.<\/p>","protected":false},"excerpt":{"rendered":"<p>Mit diesem tragbaren Volleyballnetz k\u00f6nnen Sie \u00fcberall ein Spiel austragen. Die verstellbaren Stangen und Abspannleinen sorgen f\u00fcr ein straffes Netz. Im Lieferumfang enthalten sind Ball, Pumpe, Stangen und eine Tragetasche f\u00fcr einen einfachen Transport, schnellen Aufbau und eine ordentliche Aufbewahrung.<\/p>","protected":false},"featured_media":46504,"template":"","meta":{"_gspb_post_css":""},"product_brand":[],"product_cat":[31],"product_tag":[97,98,99,89,100,96],"class_list":{"0":"post-46501","1":"product","2":"type-product","3":"status-publish","4":"has-post-thumbnail","6":"product_cat-volleyball-net","7":"product_tag-adjustable-poles","8":"product_tag-backyard-games","9":"product_tag-beach-volleyball-set","10":"product_tag-carry-bag","11":"product_tag-outdoor-sports-kit","12":"product_tag-portable-volleyball-net","14":"first","15":"instock","16":"shipping-taxable","17":"product-type-simple"},"_links":{"self":[{"href":"https:\/\/fsportsnet.com\/de\/wp-json\/wp\/v2\/product\/46501","targetHints":{"allow":["GET"]}}],"collection":[{"href":"https:\/\/fsportsnet.com\/de\/wp-json\/wp\/v2\/product"}],"about":[{"href":"https:\/\/fsportsnet.com\/de\/wp-json\/wp\/v2\/types\/product"}],"wp:featuredmedia":[{"embeddable":true,"href":"https:\/\/fsportsnet.com\/de\/wp-json\/wp\/v2\/media\/46504"}],"wp:attachment":[{"href":"https:\/\/fsportsnet.com\/de\/wp-json\/wp\/v2\/media?parent=46501"}],"wp:term":[{"taxonomy":"product_brand","embeddable":true,"href":"https:\/\/fsportsnet.com\/de\/wp-json\/wp\/v2\/product_brand?post=46501"},{"taxonomy":"product_cat","embeddable":true,"href":"https:\/\/fsportsnet.com\/de\/wp-json\/wp\/v2\/product_cat?post=46501"},{"taxonomy":"product_tag","embeddable":true,"href":"https:\/\/fsportsnet.com\/de\/wp-json\/wp\/v2\/product_tag?post=46501"}],"curies":[{"name":"wp","href":"https:\/\/api.w.org\/{rel}","templated":true}]}}