{"id":46515,"date":"2025-11-10T08:17:45","date_gmt":"2025-11-10T08:17:45","guid":{"rendered":"https:\/\/fsportsnet.com\/?post_type=product&#038;p=46515"},"modified":"2025-11-10T08:17:45","modified_gmt":"2025-11-10T08:17:45","slug":"portable-rugby-training-net-with-target-and-carry-bag-set","status":"publish","type":"product","link":"https:\/\/fsportsnet.com\/de\/product\/portable-rugby-training-net-with-target-and-carry-bag-set\/","title":{"rendered":"Tragbares Rugby-Trainingsnetz mit Zielscheibe und Tragetaschen-Set"},"content":{"rendered":"<p>Dieses tragbare Rugby-Trainingsnetz mit Zielscheibe und Tragetasche verwandelt jeden Raum in eine konzentrierte Trainingszone. Ein gespanntes Netz und ein stabiler Rahmen absorbieren harte P\u00e4sse und Sch\u00fcsse und lassen die B\u00e4lle sauber in die tiefe Tasche fallen, um Zeit zu sparen und die Fenster zu sch\u00fctzen. Die aufgedruckte Zielscheibe gibt sofortiges Feedback und hilft dabei, Genauigkeit und Kraft einzustellen. Die werkzeuglose Montage dauert nur wenige Minuten, und in der kompakten Tasche sind alle Teile f\u00fcr Ausfl\u00fcge in den Park, die Schule oder den Trainingsplatz gut organisiert.<\/p>","protected":false},"excerpt":{"rendered":"<p>Mit diesem tragbaren Rugby-Trainingsnetz k\u00f6nnen Sie Ihr Passspiel und Ihre Sch\u00fcsse verbessern. Die Zielscheibe in der Mitte f\u00f6rdert die Genauigkeit, w\u00e4hrend die tiefe Tasche die B\u00e4lle schnell stoppt. Es l\u00e4sst sich schnell aufbauen, einfach zusammenlegen und in der Tasche transportieren.<\/p>","protected":false},"featured_media":46518,"template":"","meta":{"_gspb_post_css":""},"product_brand":[],"product_cat":[30],"product_tag":[107,56,105,104,108,106],"class_list":{"0":"post-46515","1":"product","2":"type-product","3":"status-publish","4":"has-post-thumbnail","6":"product_cat-football-goal","7":"product_tag-backyard-sports","8":"product_tag-carry-bag-set","9":"product_tag-portable-practice-net","10":"product_tag-rugby-training-net","11":"product_tag-solo-drills","12":"product_tag-target-net","14":"first","15":"instock","16":"shipping-taxable","17":"product-type-simple"},"_links":{"self":[{"href":"https:\/\/fsportsnet.com\/de\/wp-json\/wp\/v2\/product\/46515","targetHints":{"allow":["GET"]}}],"collection":[{"href":"https:\/\/fsportsnet.com\/de\/wp-json\/wp\/v2\/product"}],"about":[{"href":"https:\/\/fsportsnet.com\/de\/wp-json\/wp\/v2\/types\/product"}],"wp:featuredmedia":[{"embeddable":true,"href":"https:\/\/fsportsnet.com\/de\/wp-json\/wp\/v2\/media\/46518"}],"wp:attachment":[{"href":"https:\/\/fsportsnet.com\/de\/wp-json\/wp\/v2\/media?parent=46515"}],"wp:term":[{"taxonomy":"product_brand","embeddable":true,"href":"https:\/\/fsportsnet.com\/de\/wp-json\/wp\/v2\/product_brand?post=46515"},{"taxonomy":"product_cat","embeddable":true,"href":"https:\/\/fsportsnet.com\/de\/wp-json\/wp\/v2\/product_cat?post=46515"},{"taxonomy":"product_tag","embeddable":true,"href":"https:\/\/fsportsnet.com\/de\/wp-json\/wp\/v2\/product_tag?post=46515"}],"curies":[{"name":"wp","href":"https:\/\/api.w.org\/{rel}","templated":true}]}}