{"id":46521,"date":"2025-11-10T08:21:15","date_gmt":"2025-11-10T08:21:15","guid":{"rendered":"https:\/\/fsportsnet.com\/?post_type=product&#038;p=46521"},"modified":"2025-11-10T08:21:16","modified_gmt":"2025-11-10T08:21:16","slug":"heavy-duty-golf-practice-cage-with-target-sheet-and-carry-bag","status":"publish","type":"product","link":"https:\/\/fsportsnet.com\/de\/product\/heavy-duty-golf-practice-cage-with-target-sheet-and-carry-bag\/","title":{"rendered":"Heavy-Duty-Golf-\u00dcbungsk\u00e4fig mit Zielblatt und Tragetasche"},"content":{"rendered":"<p>der robuste golf-\u00dcbungsk\u00e4fig mit zielscheibe und tragetasche l\u00e4sst sie nach ihrem zeitplan trainieren. ein verst\u00e4rkter stahlrahmen tr\u00e4gt haltbare netzpaneele, die die b\u00e4lle sauber stoppen und den r\u00fcckprall reduzieren. die mittlere zielscheibe gibt sofortiges feedback \u00fcber die schlagqualit\u00e4t und hilft ihnen, die ausrichtung zu verbessern. stellen sie ihn in einer garage, im hinterhof oder im studio auf; die breite grundfl\u00e4che und die geerdeten f\u00fc\u00dfe sorgen f\u00fcr stabilit\u00e4t auf den meisten untergr\u00fcnden. der k\u00e4fig l\u00e4sst sich auch gut mit simulatorbildschirmen f\u00fcr datengesteuerte trainingseinheiten kombinieren. wenn sie fertig sind, l\u00e4sst sich der rahmen schnell abbauen und in der kompakten tasche verstauen. zuverl\u00e4ssig, sicher und bereit f\u00fcr t\u00e4gliche trainingseinheiten.<\/p>","protected":false},"excerpt":{"rendered":"<p>Mit diesem robusten Golf-\u00dcbungsk\u00e4fig k\u00f6nnen Sie Ihren Schwung \u00fcberall trainieren. Die Zielscheibe absorbiert den Aufprall, die Netzw\u00e4nde halten jeden Schlag ab und die stabile Basis bleibt an Ort und Stelle. Nach dem Training k\u00f6nnen Sie den K\u00e4fig in die Tragetasche falten.<\/p>","protected":false},"featured_media":46526,"template":"","meta":{"_gspb_post_css":""},"product_brand":[],"product_cat":[26],"product_tag":[56,109,110,112,113,111],"class_list":{"0":"post-46521","1":"product","2":"type-product","3":"status-publish","4":"has-post-thumbnail","6":"product_cat-golf-net","7":"product_tag-carry-bag-set","8":"product_tag-golf-practice-cage","9":"product_tag-golf-training-net","10":"product_tag-indoor-backyard-golf","11":"product_tag-simulator-bay","12":"product_tag-target-sheet","14":"first","15":"instock","16":"shipping-taxable","17":"product-type-simple"},"_links":{"self":[{"href":"https:\/\/fsportsnet.com\/de\/wp-json\/wp\/v2\/product\/46521","targetHints":{"allow":["GET"]}}],"collection":[{"href":"https:\/\/fsportsnet.com\/de\/wp-json\/wp\/v2\/product"}],"about":[{"href":"https:\/\/fsportsnet.com\/de\/wp-json\/wp\/v2\/types\/product"}],"wp:featuredmedia":[{"embeddable":true,"href":"https:\/\/fsportsnet.com\/de\/wp-json\/wp\/v2\/media\/46526"}],"wp:attachment":[{"href":"https:\/\/fsportsnet.com\/de\/wp-json\/wp\/v2\/media?parent=46521"}],"wp:term":[{"taxonomy":"product_brand","embeddable":true,"href":"https:\/\/fsportsnet.com\/de\/wp-json\/wp\/v2\/product_brand?post=46521"},{"taxonomy":"product_cat","embeddable":true,"href":"https:\/\/fsportsnet.com\/de\/wp-json\/wp\/v2\/product_cat?post=46521"},{"taxonomy":"product_tag","embeddable":true,"href":"https:\/\/fsportsnet.com\/de\/wp-json\/wp\/v2\/product_tag?post=46521"}],"curies":[{"name":"wp","href":"https:\/\/api.w.org\/{rel}","templated":true}]}}