{"id":46621,"date":"2025-11-10T09:28:16","date_gmt":"2025-11-10T09:28:16","guid":{"rendered":"https:\/\/fsportsnet.com\/?post_type=product&#038;p=46621"},"modified":"2025-12-04T06:20:24","modified_gmt":"2025-12-04T06:20:24","slug":"professional-multi-target-rebounder-net-with-5-accuracy-zones","status":"publish","type":"product","link":"https:\/\/fsportsnet.com\/de\/product\/professional-multi-target-rebounder-net-with-5-accuracy-zones\/","title":{"rendered":"Professionelles Multi-Target Rebounder Netz mit 5 Genauigkeitszonen"},"content":{"rendered":"<p>Der verst\u00e4rkte Stahlrahmen h\u00e4lt auch harten Sch\u00fcssen stand, und das dichte Netz sorgt f\u00fcr saubere, vorhersehbare Abpraller. F\u00fcnf markierte Zonen lenken Ihr Ziel bei P\u00e4ssen, Sch\u00fcssen und Ber\u00fchrungen. Stellen Sie die Spannung ein, befestigen Sie die Platte, und Sie trainieren in Minutenschnelle. Die breiten, stabilen F\u00fc\u00dfe passen gut auf den Rasen oder das Spielfeld, und das Ger\u00e4t l\u00e4sst sich f\u00fcr die Aufbewahrung leicht zerlegen. Die wetterfesten Materialien halten dem t\u00e4glichen Training stand und helfen den Athleten, Best\u00e4ndigkeit, schnellere Reaktionen und eine sichere Platzierung zu entwickeln, wo immer sie trainieren.<\/p>","protected":false},"excerpt":{"rendered":"<p>Mit diesem Multitarget-Rebounder k\u00f6nnen Sie noch besser zielen. F\u00fcnf Pr\u00e4zisionszonen fordern die Platzierung heraus, w\u00e4hrend der Stahlrahmen und das engmaschige Netz f\u00fcr eine optimale R\u00fcckgabe sorgen. Der Rebounder ist schnell aufgebaut und bleibt stabil, sodass Sie ihn drinnen oder drau\u00dfen verwenden k\u00f6nnen.<\/p>","protected":false},"featured_media":47051,"template":"","meta":{"_gspb_post_css":""},"product_brand":[],"product_cat":[32],"product_tag":[165,164,80,129,166,118],"class_list":{"0":"post-46621","1":"product","2":"type-product","3":"status-publish","4":"has-post-thumbnail","6":"product_cat-rebounder","7":"product_tag-accuracy-zones","8":"product_tag-multi-target-trainer","9":"product_tag-rebounder-net","10":"product_tag-solo-practice","11":"product_tag-sports-training","12":"product_tag-steel-frame","14":"first","15":"instock","16":"shipping-taxable","17":"product-type-simple"},"_links":{"self":[{"href":"https:\/\/fsportsnet.com\/de\/wp-json\/wp\/v2\/product\/46621","targetHints":{"allow":["GET"]}}],"collection":[{"href":"https:\/\/fsportsnet.com\/de\/wp-json\/wp\/v2\/product"}],"about":[{"href":"https:\/\/fsportsnet.com\/de\/wp-json\/wp\/v2\/types\/product"}],"wp:featuredmedia":[{"embeddable":true,"href":"https:\/\/fsportsnet.com\/de\/wp-json\/wp\/v2\/media\/47051"}],"wp:attachment":[{"href":"https:\/\/fsportsnet.com\/de\/wp-json\/wp\/v2\/media?parent=46621"}],"wp:term":[{"taxonomy":"product_brand","embeddable":true,"href":"https:\/\/fsportsnet.com\/de\/wp-json\/wp\/v2\/product_brand?post=46621"},{"taxonomy":"product_cat","embeddable":true,"href":"https:\/\/fsportsnet.com\/de\/wp-json\/wp\/v2\/product_cat?post=46621"},{"taxonomy":"product_tag","embeddable":true,"href":"https:\/\/fsportsnet.com\/de\/wp-json\/wp\/v2\/product_tag?post=46621"}],"curies":[{"name":"wp","href":"https:\/\/api.w.org\/{rel}","templated":true}]}}