{"id":46625,"date":"2025-11-10T09:30:22","date_gmt":"2025-11-10T09:30:22","guid":{"rendered":"https:\/\/fsportsnet.com\/?post_type=product&#038;p=46625"},"modified":"2025-11-10T09:31:42","modified_gmt":"2025-11-10T09:31:42","slug":"professional-12x6-tennis-rebounder-net-with-adjustable-frame","status":"publish","type":"product","link":"https:\/\/fsportsnet.com\/de\/product\/professional-12x6-tennis-rebounder-net-with-adjustable-frame\/","title":{"rendered":"Professionelle 12\u00d76 Tennis Rebounder Netz mit verstellbarem Rahmen"},"content":{"rendered":"<p>das professionelle 12\u00d76 tennis rebounder netz mit verstellbarem rahmen ist ein zuverl\u00e4ssiger partner f\u00fcr solo-\u00dcbungen. die robuste stahlkonstruktion bleibt steif, und das dichte netz feuert saubere rebounds f\u00fcr bodenschl\u00e4ge, volleys und aufschl\u00e4ge zur\u00fcck. stellen sie den winkel ein, um tiefe und netzfreiheit zu trainieren, und arretieren sie dann die r\u00e4der f\u00fcr eine stabile basis auf dem platz oder der einfahrt. Der Aufbau ist einfach - schieben, feststecken, spannen - und ebenso schnell wieder abgebaut und kompakt verstaut. Die wetterfesten Materialien halten t\u00e4glichen Wiederholungen stand und helfen Spielern aller Spielst\u00e4rken, Timing, Beinarbeit und Platzierung zu trainieren, ohne auf einen Partner warten zu m\u00fcssen.<\/p>","protected":false},"excerpt":{"rendered":"<p>Mit diesem 12\u00d76-Tennis-Rebounder k\u00f6nnen Sie \u00fcberall Ihren Rhythmus verbessern. Der verstellbare Rahmen erm\u00f6glicht die Einstellung der H\u00f6he und des Winkels, w\u00e4hrend das dichte Netz f\u00fcr gleichm\u00e4\u00dfige, wiederholbare Returns sorgt. Die rollenden R\u00e4der und der schnelle Aufbau machen das Training einfach.<\/p>","protected":false},"featured_media":46627,"template":"","meta":{"_gspb_post_css":""},"product_brand":[],"product_cat":[33],"product_tag":[167,168,137,169,129,135],"class_list":{"0":"post-46625","1":"product","2":"type-product","3":"status-publish","4":"has-post-thumbnail","6":"product_cat-tennis-net","7":"product_tag-12x6-training-net","8":"product_tag-adjustable-frame","9":"product_tag-backyard-tennis","10":"product_tag-locking-wheels","11":"product_tag-solo-practice","12":"product_tag-tennis-rebounder","14":"first","15":"instock","16":"shipping-taxable","17":"product-type-simple"},"_links":{"self":[{"href":"https:\/\/fsportsnet.com\/de\/wp-json\/wp\/v2\/product\/46625","targetHints":{"allow":["GET"]}}],"collection":[{"href":"https:\/\/fsportsnet.com\/de\/wp-json\/wp\/v2\/product"}],"about":[{"href":"https:\/\/fsportsnet.com\/de\/wp-json\/wp\/v2\/types\/product"}],"wp:featuredmedia":[{"embeddable":true,"href":"https:\/\/fsportsnet.com\/de\/wp-json\/wp\/v2\/media\/46627"}],"wp:attachment":[{"href":"https:\/\/fsportsnet.com\/de\/wp-json\/wp\/v2\/media?parent=46625"}],"wp:term":[{"taxonomy":"product_brand","embeddable":true,"href":"https:\/\/fsportsnet.com\/de\/wp-json\/wp\/v2\/product_brand?post=46625"},{"taxonomy":"product_cat","embeddable":true,"href":"https:\/\/fsportsnet.com\/de\/wp-json\/wp\/v2\/product_cat?post=46625"},{"taxonomy":"product_tag","embeddable":true,"href":"https:\/\/fsportsnet.com\/de\/wp-json\/wp\/v2\/product_tag?post=46625"}],"curies":[{"name":"wp","href":"https:\/\/api.w.org\/{rel}","templated":true}]}}