{"id":46632,"date":"2025-11-10T09:35:54","date_gmt":"2025-11-10T09:35:54","guid":{"rendered":"https:\/\/fsportsnet.com\/?post_type=product&#038;p=46632"},"modified":"2025-11-10T09:35:54","modified_gmt":"2025-11-10T09:35:54","slug":"adjustable-portable-volleyball-net-with-weighted-base-stands","status":"publish","type":"product","link":"https:\/\/fsportsnet.com\/de\/product\/adjustable-portable-volleyball-net-with-weighted-base-stands\/","title":{"rendered":"Verstellbares, tragbares Volleyballnetz mit beschwertem Bodenst\u00e4nder"},"content":{"rendered":"<p>Das verstellbare, tragbare Volleyballnetz mit beschwerten Standf\u00fc\u00dfen ist f\u00fcr einen schnellen Aufbau und stabile Ballwechsel ausgelegt. F\u00fcllen Sie die Standf\u00fc\u00dfe f\u00fcr einen sicheren Stand auf Pflaster-, Rasen- oder Poolb\u00f6den und spannen Sie dann die B\u00e4nder f\u00fcr ein knackiges, ebenes Oberband. Das Netz ist widerstandsf\u00e4hig gegen Ausfransen und Durchh\u00e4ngen, und Fiberglas-St\u00fctzst\u00e4be sorgen daf\u00fcr, dass das Netz auch bei gr\u00f6\u00dferen Spannweiten seine Form beh\u00e4lt. Die Montage ist ganz einfach: die Sockel aufstellen, die Pfosten einsetzen, festziehen und mit dem Spiel beginnen. Wenn das Spiel beendet ist, k\u00f6nnen die Sockel entleert oder abgenommen und der Rahmen kompakt verpackt werden.<\/p>","protected":false},"excerpt":{"rendered":"<p>Dieses verstellbare, tragbare Volleyballnetz kann \u00fcberall hin mitgenommen werden. Die beschwerten Standf\u00fc\u00dfe sorgen f\u00fcr zus\u00e4tzliche Stabilit\u00e4t, w\u00e4hrend die Spanngurte und das robuste Netz f\u00fcr eine saubere Netzlinie sorgen. Es ist schnell aufgebaut und l\u00e4sst sich leicht transportieren, um im Garten, am Strand oder am Pool zu spielen.<\/p>","protected":false},"featured_media":46633,"template":"","meta":{"_gspb_post_css":""},"product_brand":[],"product_cat":[31],"product_tag":[102,107,173,171,170,172],"class_list":{"0":"post-46632","1":"product","2":"type-product","3":"status-publish","4":"has-post-thumbnail","6":"product_cat-volleyball-net","7":"product_tag-adjustable-height","8":"product_tag-backyard-sports","9":"product_tag-beach-and-pool-games","10":"product_tag-portable-net-system","11":"product_tag-volleyball-net","12":"product_tag-weighted-base-stands","14":"first","15":"instock","16":"shipping-taxable","17":"product-type-simple"},"_links":{"self":[{"href":"https:\/\/fsportsnet.com\/de\/wp-json\/wp\/v2\/product\/46632","targetHints":{"allow":["GET"]}}],"collection":[{"href":"https:\/\/fsportsnet.com\/de\/wp-json\/wp\/v2\/product"}],"about":[{"href":"https:\/\/fsportsnet.com\/de\/wp-json\/wp\/v2\/types\/product"}],"wp:featuredmedia":[{"embeddable":true,"href":"https:\/\/fsportsnet.com\/de\/wp-json\/wp\/v2\/media\/46633"}],"wp:attachment":[{"href":"https:\/\/fsportsnet.com\/de\/wp-json\/wp\/v2\/media?parent=46632"}],"wp:term":[{"taxonomy":"product_brand","embeddable":true,"href":"https:\/\/fsportsnet.com\/de\/wp-json\/wp\/v2\/product_brand?post=46632"},{"taxonomy":"product_cat","embeddable":true,"href":"https:\/\/fsportsnet.com\/de\/wp-json\/wp\/v2\/product_cat?post=46632"},{"taxonomy":"product_tag","embeddable":true,"href":"https:\/\/fsportsnet.com\/de\/wp-json\/wp\/v2\/product_tag?post=46632"}],"curies":[{"name":"wp","href":"https:\/\/api.w.org\/{rel}","templated":true}]}}