{"id":46653,"date":"2025-11-10T09:47:33","date_gmt":"2025-11-10T09:47:33","guid":{"rendered":"https:\/\/fsportsnet.com\/?post_type=product&#038;p=46653"},"modified":"2025-11-10T09:47:33","modified_gmt":"2025-11-10T09:47:33","slug":"professional-steel-hockey-goal-goalie-target-shooting-net","status":"publish","type":"product","link":"https:\/\/fsportsnet.com\/de\/product\/professional-steel-hockey-goal-goalie-target-shooting-net\/","title":{"rendered":"Professionelle Stahl Hockey Tor Torwart Ziel Schie\u00dfen Netz"},"content":{"rendered":"<p>das professionelle stahltor f\u00fcr eishockeyspieler ist so konstruiert, dass es spielern hilft, ihre schussgenauigkeit zu verbessern. es besteht aus einem soliden stahlrahmen und einem verst\u00e4rkten, wetterfesten netz, das kraftvolle slapshots m\u00fchelos verkraftet. die realistische torabdeckung bietet spezifische torschusszonen, mit denen sie zielgerichtet sch\u00fcsse von oben, aus f\u00fcnf l\u00f6chern und aus ecken \u00fcben k\u00f6nnen. der aufbau geht schnell, und die bungee-befestigungen sorgen daf\u00fcr, dass die zielscheibe straff und reaktionsschnell bleibt. dieses tor ist ideal f\u00fcr den hinterhof, die eishockeyhalle oder die trainingsanlage. es ist ein strapazierf\u00e4higes, leistungsstarkes werkzeug, das mit jedem schuss mehr vertrauen und pr\u00e4zision vermittelt.<\/p>","protected":false},"excerpt":{"rendered":"<p>Dieses professionelle Eishockeytor aus Stahl mit Torwartnetz hilft dabei, das Zielen und die Kraft zu verfeinern. Langlebige Stahlrohre und ein detailliertes Torwartblatt f\u00fchren zu pr\u00e4zisen Sch\u00fcssen beim Einzel- oder Teamtraining.<\/p>","protected":false},"featured_media":46655,"template":"","meta":{"_gspb_post_css":""},"product_brand":[],"product_cat":[37],"product_tag":[182,57,183,120,118,106],"class_list":{"0":"post-46653","1":"product","2":"type-product","3":"status-publish","4":"has-post-thumbnail","6":"product_cat-hockey-goal","7":"product_tag-goalie-trainer","8":"product_tag-hockey-goal","9":"product_tag-shooting-practice","10":"product_tag-sports-equipment","11":"product_tag-steel-frame","12":"product_tag-target-net","14":"first","15":"instock","16":"shipping-taxable","17":"product-type-simple"},"_links":{"self":[{"href":"https:\/\/fsportsnet.com\/de\/wp-json\/wp\/v2\/product\/46653","targetHints":{"allow":["GET"]}}],"collection":[{"href":"https:\/\/fsportsnet.com\/de\/wp-json\/wp\/v2\/product"}],"about":[{"href":"https:\/\/fsportsnet.com\/de\/wp-json\/wp\/v2\/types\/product"}],"wp:featuredmedia":[{"embeddable":true,"href":"https:\/\/fsportsnet.com\/de\/wp-json\/wp\/v2\/media\/46655"}],"wp:attachment":[{"href":"https:\/\/fsportsnet.com\/de\/wp-json\/wp\/v2\/media?parent=46653"}],"wp:term":[{"taxonomy":"product_brand","embeddable":true,"href":"https:\/\/fsportsnet.com\/de\/wp-json\/wp\/v2\/product_brand?post=46653"},{"taxonomy":"product_cat","embeddable":true,"href":"https:\/\/fsportsnet.com\/de\/wp-json\/wp\/v2\/product_cat?post=46653"},{"taxonomy":"product_tag","embeddable":true,"href":"https:\/\/fsportsnet.com\/de\/wp-json\/wp\/v2\/product_tag?post=46653"}],"curies":[{"name":"wp","href":"https:\/\/api.w.org\/{rel}","templated":true}]}}