{"id":46656,"date":"2025-11-10T09:52:37","date_gmt":"2025-11-10T09:52:37","guid":{"rendered":"https:\/\/fsportsnet.com\/?post_type=product&#038;p=46656"},"modified":"2025-11-10T09:52:37","modified_gmt":"2025-11-10T09:52:37","slug":"professional-lacrosse-goal-with-heavy-duty-net-target-sheet","status":"publish","type":"product","link":"https:\/\/fsportsnet.com\/de\/product\/professional-lacrosse-goal-with-heavy-duty-net-target-sheet\/","title":{"rendered":"Professionelles Lacrosse-Tor mit strapazierf\u00e4higem Netzzielblatt"},"content":{"rendered":"<p>das professionelle lacrosse-tor mit hochbelastbarem netz ist f\u00fcr ernsthafte spieler konzipiert, die eine zuverl\u00e4ssige trainingsleistung w\u00fcnschen. es besteht aus starkem stahlrohr und hochfestem netz, das auch den h\u00e4rtesten sch\u00fcssen standh\u00e4lt. das angebrachte netzblatt definiert die wichtigsten schusszonen und hilft den spielern, w\u00e4hrend der trainingseinheiten pr\u00e4zision und konsequenz zu entwickeln. der aufbau geht schnell, da das netz mit bungee-schlaufen fest am rahmen befestigt ist. ob f\u00fcr trainingseinheiten im hinterhof oder auf dem feld, die witterungsbest\u00e4ndige bauweise sorgt f\u00fcr eine lange haltbarkeit w\u00e4hrend der ganzen saison. perfekt f\u00fcr sportler, die ihr ziel, ihre kontrolle und ihre schussst\u00e4rke mit jeder wiederholung verbessern wollen.<\/p>","protected":false},"excerpt":{"rendered":"<p>Dieses professionelle Lacrosse-Tor mit strapazierf\u00e4higem Netz und Zielscheibe hilft, die Schusskraft und -genauigkeit zu verbessern. Der robuste Rahmen, das dicke Netz und die abnehmbare Zielscheibe erm\u00f6glichen m\u00fcheloses Einzel- oder Teamtraining.<\/p>","protected":false},"featured_media":46660,"template":"","meta":{"_gspb_post_css":""},"product_brand":[],"product_cat":[38],"product_tag":[184,117,158,118,111,61],"class_list":{"0":"post-46656","1":"product","2":"type-product","3":"status-publish","4":"has-post-thumbnail","6":"product_cat-lacrosse-goal","7":"product_tag-heavy-duty-net","8":"product_tag-lacrosse-goal","9":"product_tag-outdoor-sports","10":"product_tag-steel-frame","11":"product_tag-target-sheet","12":"product_tag-training-equipment","14":"first","15":"instock","16":"shipping-taxable","17":"product-type-simple"},"_links":{"self":[{"href":"https:\/\/fsportsnet.com\/de\/wp-json\/wp\/v2\/product\/46656","targetHints":{"allow":["GET"]}}],"collection":[{"href":"https:\/\/fsportsnet.com\/de\/wp-json\/wp\/v2\/product"}],"about":[{"href":"https:\/\/fsportsnet.com\/de\/wp-json\/wp\/v2\/types\/product"}],"wp:featuredmedia":[{"embeddable":true,"href":"https:\/\/fsportsnet.com\/de\/wp-json\/wp\/v2\/media\/46660"}],"wp:attachment":[{"href":"https:\/\/fsportsnet.com\/de\/wp-json\/wp\/v2\/media?parent=46656"}],"wp:term":[{"taxonomy":"product_brand","embeddable":true,"href":"https:\/\/fsportsnet.com\/de\/wp-json\/wp\/v2\/product_brand?post=46656"},{"taxonomy":"product_cat","embeddable":true,"href":"https:\/\/fsportsnet.com\/de\/wp-json\/wp\/v2\/product_cat?post=46656"},{"taxonomy":"product_tag","embeddable":true,"href":"https:\/\/fsportsnet.com\/de\/wp-json\/wp\/v2\/product_tag?post=46656"}],"curies":[{"name":"wp","href":"https:\/\/api.w.org\/{rel}","templated":true}]}}