{"id":46689,"date":"2025-11-10T10:11:02","date_gmt":"2025-11-10T10:11:02","guid":{"rendered":"https:\/\/fsportsnet.com\/?post_type=product&#038;p=46689"},"modified":"2025-11-10T10:11:02","modified_gmt":"2025-11-10T10:11:02","slug":"professional-9-target-football-passing-accuracy-trainer-net","status":"publish","type":"product","link":"https:\/\/fsportsnet.com\/de\/product\/professional-9-target-football-passing-accuracy-trainer-net\/","title":{"rendered":"Professionelle 9-Ziel-Fu\u00dfball-Passgenauigkeit Trainer Netz"},"content":{"rendered":"<p>Dieses professionelle 9-Ziel-Fu\u00dfball-Passgenauigkeitstrainernetz verwandelt jeden offenen Raum in ein Timing- und Platzierungslabor. Neun klar nummerierte F\u00e4cher schaffen gezielte Herausforderungen f\u00fcr kurze Outs, Slants und tiefe Ecken. Der pulverbeschichtete Stahlrahmen bleibt auch bei harten W\u00fcrfen stabil, und das verst\u00e4rkte Netz l\u00e4sst den Ball sauber in jedes Fach fallen, um ein sofortiges Feedback zu erhalten. Der Aufbau ist ganz einfach: Rohre aufschieben, Stifte einrasten und loslegen. Das Ger\u00e4t l\u00e4sst sich schnell zusammenbauen, um es zu verstauen oder zu transportieren, und ist somit ideal f\u00fcr den Einsatz im Garten, auf dem \u00dcbungsplatz oder beim Aufw\u00e4rmen der Mannschaft.<\/p>","protected":false},"excerpt":{"rendered":"<p>Treffen Sie Ihre Ziele schneller. Dieser Fu\u00dfball-Passgenauigkeitstrainer mit 9 Zielen verwendet nummerierte Taschen, um das Ziel zu lenken, w\u00e4hrend ein stabiler Stahlrahmen und ein haltbares Netz jeden Ball auffangen. er ist schnell aufgebaut und steht auf jedem Untergrund.<\/p>","protected":false},"featured_media":46694,"template":"","meta":{"_gspb_post_css":""},"product_brand":[],"product_cat":[30],"product_tag":[196,174,175,197,129,118],"class_list":{"0":"post-46689","1":"product","2":"type-product","3":"status-publish","4":"has-post-thumbnail","6":"product_cat-football-goal","7":"product_tag-9-pocket-accuracy","8":"product_tag-football-trainer","9":"product_tag-passing-target-net","10":"product_tag-quarterback-drills","11":"product_tag-solo-practice","12":"product_tag-steel-frame","14":"first","15":"instock","16":"shipping-taxable","17":"product-type-simple"},"_links":{"self":[{"href":"https:\/\/fsportsnet.com\/de\/wp-json\/wp\/v2\/product\/46689","targetHints":{"allow":["GET"]}}],"collection":[{"href":"https:\/\/fsportsnet.com\/de\/wp-json\/wp\/v2\/product"}],"about":[{"href":"https:\/\/fsportsnet.com\/de\/wp-json\/wp\/v2\/types\/product"}],"wp:featuredmedia":[{"embeddable":true,"href":"https:\/\/fsportsnet.com\/de\/wp-json\/wp\/v2\/media\/46694"}],"wp:attachment":[{"href":"https:\/\/fsportsnet.com\/de\/wp-json\/wp\/v2\/media?parent=46689"}],"wp:term":[{"taxonomy":"product_brand","embeddable":true,"href":"https:\/\/fsportsnet.com\/de\/wp-json\/wp\/v2\/product_brand?post=46689"},{"taxonomy":"product_cat","embeddable":true,"href":"https:\/\/fsportsnet.com\/de\/wp-json\/wp\/v2\/product_cat?post=46689"},{"taxonomy":"product_tag","embeddable":true,"href":"https:\/\/fsportsnet.com\/de\/wp-json\/wp\/v2\/product_tag?post=46689"}],"curies":[{"name":"wp","href":"https:\/\/api.w.org\/{rel}","templated":true}]}}