{"id":46715,"date":"2025-11-10T10:23:30","date_gmt":"2025-11-10T10:23:30","guid":{"rendered":"https:\/\/fsportsnet.com\/?post_type=product&#038;p=46715"},"modified":"2025-11-10T10:23:30","modified_gmt":"2025-11-10T10:23:30","slug":"portable-regulation-pickleball-net-system-with-carry-bag","status":"publish","type":"product","link":"https:\/\/fsportsnet.com\/de\/product\/portable-regulation-pickleball-net-system-with-carry-bag\/","title":{"rendered":"Tragbares regulierbares Pickleball-Netzsystem mit Tragetasche"},"content":{"rendered":"<p>Dieses tragbare, regulierte Pickleball-Netz ist f\u00fcr den t\u00e4glichen Gebrauch konzipiert und l\u00e4sst sich schnell aufbauen. Der Stahlrahmen l\u00e4sst sich nicht verbiegen, w\u00e4hrend das knotenlose Netz glatt bleibt und nicht verrutscht. Ein wei\u00dfes Band an der Oberseite verbessert die Sichtbarkeit auf dem Spielfeld. Die flachen, ausbalancierten F\u00fc\u00dfe halten das Netz stabil, ohne den Boden in der Einfahrt oder in der Turnhalle zu besch\u00e4digen. Wenn du fertig bist, kannst du alles in der mitgelieferten Tragetasche verstauen oder in den Kofferraum werfen.<\/p>","protected":false},"excerpt":{"rendered":"<p>dieses tragbare regul\u00e4re netz verf\u00fcgt \u00fcber einen stabilen stahlrahmen und ein knotenloses netz, das f\u00fcr eine gleichm\u00e4\u00dfige sprungkraft sorgt. breite, beschwerte bodenplatten sorgen f\u00fcr stabilit\u00e4t bei leichtem wind. in der tragetasche l\u00e4sst sich alles leicht transportieren und kompakt verstauen.<\/p>","protected":false},"featured_media":46718,"template":"","meta":{"_gspb_post_css":""},"product_brand":[],"product_cat":[27],"product_tag":[163,89,159,171,160,118],"class_list":{"0":"post-46715","1":"product","2":"type-product","3":"status-publish","4":"has-post-thumbnail","6":"product_cat-pickleball-net","7":"product_tag-backyard-court","8":"product_tag-carry-bag","9":"product_tag-pickleball-net","10":"product_tag-portable-net-system","11":"product_tag-regulation-size","12":"product_tag-steel-frame","14":"first","15":"instock","16":"shipping-taxable","17":"product-type-simple"},"_links":{"self":[{"href":"https:\/\/fsportsnet.com\/de\/wp-json\/wp\/v2\/product\/46715","targetHints":{"allow":["GET"]}}],"collection":[{"href":"https:\/\/fsportsnet.com\/de\/wp-json\/wp\/v2\/product"}],"about":[{"href":"https:\/\/fsportsnet.com\/de\/wp-json\/wp\/v2\/types\/product"}],"wp:featuredmedia":[{"embeddable":true,"href":"https:\/\/fsportsnet.com\/de\/wp-json\/wp\/v2\/media\/46718"}],"wp:attachment":[{"href":"https:\/\/fsportsnet.com\/de\/wp-json\/wp\/v2\/media?parent=46715"}],"wp:term":[{"taxonomy":"product_brand","embeddable":true,"href":"https:\/\/fsportsnet.com\/de\/wp-json\/wp\/v2\/product_brand?post=46715"},{"taxonomy":"product_cat","embeddable":true,"href":"https:\/\/fsportsnet.com\/de\/wp-json\/wp\/v2\/product_cat?post=46715"},{"taxonomy":"product_tag","embeddable":true,"href":"https:\/\/fsportsnet.com\/de\/wp-json\/wp\/v2\/product_tag?post=46715"}],"curies":[{"name":"wp","href":"https:\/\/api.w.org\/{rel}","templated":true}]}}