{"id":46731,"date":"2025-11-11T01:31:40","date_gmt":"2025-11-11T01:31:40","guid":{"rendered":"https:\/\/fsportsnet.com\/?post_type=product&#038;p=46731"},"modified":"2025-11-11T01:32:25","modified_gmt":"2025-11-11T01:32:25","slug":"colorful-led-volleyball-net-with-remote-control-lighting","status":"publish","type":"product","link":"https:\/\/fsportsnet.com\/de\/product\/colorful-led-volleyball-net-with-remote-control-lighting\/","title":{"rendered":"Buntes LED-Volleyballnetz mit ferngesteuerter Beleuchtung"},"content":{"rendered":"<p>Mit diesem LED-Volleyballnetz, das f\u00fcr Pools, Terrassen und Hinterh\u00f6fe entwickelt wurde, lassen sich Freundschaftsspiele beleuchten. Die RGB-Leuchten verlaufen entlang des Randes und k\u00f6nnen per Fernbedienung umgeschaltet werden, so dass Sie feste Farben, \u00dcberblendungen oder Blinkeffekte einstellen k\u00f6nnen. Eine Dimm- und Timer-Taste hilft, bei langen Spielen Strom zu sparen. das netz besteht aus strapazierf\u00e4higem, knotenlosem maschengewebe mit verst\u00e4rkten n\u00e4hten und metall\u00f6sen f\u00fcr eine schnelle befestigung. die wetterfesten materialien halten spritzwasser, sonne und leichtem regen stand. es l\u00e4sst sich in wenigen minuten auf den meisten tragbaren oder festen st\u00e4ndern installieren. ideal f\u00fcr familienabende, partys oder trainings\u00fcbungen, wenn die sonne untergeht. einfache aufbauschritte sind auf der h\u00fclle aufgedruckt.<\/p>","protected":false},"excerpt":{"rendered":"<p>bringen sie farbe in jeden ballwechsel. dieses led-volleyballnetz leuchtet rund um den rahmen und l\u00e4sst sich per fernbedienung in verschiedenen modi steuern. schnell zu installieren, wetterfest und sicher zu dimmen. perfekt f\u00fcr poolpartys und sp\u00e4te n\u00e4chte!<\/p>","protected":false},"featured_media":46736,"template":"","meta":{"_gspb_post_css":""},"product_brand":[],"product_cat":[31],"product_tag":[212,213,216,214,215,217],"class_list":{"0":"post-46731","1":"product","2":"type-product","3":"status-publish","4":"has-post-thumbnail","6":"product_cat-volleyball-net","7":"product_tag-led-volleyball-net","8":"product_tag-light-up-sports-net","9":"product_tag-outdoor-night-games","10":"product_tag-pool-volleyball-set","11":"product_tag-remote-control-lights","12":"product_tag-waterproof-volleyball-net","14":"first","15":"instock","16":"shipping-taxable","17":"product-type-simple"},"_links":{"self":[{"href":"https:\/\/fsportsnet.com\/de\/wp-json\/wp\/v2\/product\/46731","targetHints":{"allow":["GET"]}}],"collection":[{"href":"https:\/\/fsportsnet.com\/de\/wp-json\/wp\/v2\/product"}],"about":[{"href":"https:\/\/fsportsnet.com\/de\/wp-json\/wp\/v2\/types\/product"}],"wp:featuredmedia":[{"embeddable":true,"href":"https:\/\/fsportsnet.com\/de\/wp-json\/wp\/v2\/media\/46736"}],"wp:attachment":[{"href":"https:\/\/fsportsnet.com\/de\/wp-json\/wp\/v2\/media?parent=46731"}],"wp:term":[{"taxonomy":"product_brand","embeddable":true,"href":"https:\/\/fsportsnet.com\/de\/wp-json\/wp\/v2\/product_brand?post=46731"},{"taxonomy":"product_cat","embeddable":true,"href":"https:\/\/fsportsnet.com\/de\/wp-json\/wp\/v2\/product_cat?post=46731"},{"taxonomy":"product_tag","embeddable":true,"href":"https:\/\/fsportsnet.com\/de\/wp-json\/wp\/v2\/product_tag?post=46731"}],"curies":[{"name":"wp","href":"https:\/\/api.w.org\/{rel}","templated":true}]}}