{"id":46814,"date":"2025-11-11T02:27:52","date_gmt":"2025-11-11T02:27:52","guid":{"rendered":"https:\/\/fsportsnet.com\/?post_type=product&#038;p=46814"},"modified":"2025-11-11T02:27:52","modified_gmt":"2025-11-11T02:27:52","slug":"portable-pickleball-net-system-with-yellow-rolling-frame","status":"publish","type":"product","link":"https:\/\/fsportsnet.com\/de\/product\/portable-pickleball-net-system-with-yellow-rolling-frame\/","title":{"rendered":"Tragbares Pickleball-Netzsystem mit gelbem Rollrahmen"},"content":{"rendered":"<p>Sie k\u00f6nnen \u00fcberall spielen, ohne schwere Unters\u00e4tze heben zu m\u00fcssen. Dieses tragbare Pickleball-Netzsystem besteht aus einem robusten gelben Rahmen auf leichtg\u00e4ngigen Rollen, so dass Sie es einfach herausrollen, die Bremsen feststellen und mit dem Spiel beginnen k\u00f6nnen. Das Netz h\u00e4lt eine gleichm\u00e4\u00dfige Spannung \u00fcber das obere Band und sorgt so f\u00fcr gleichm\u00e4\u00dfige Spr\u00fcnge, und die Mittelst\u00fctze sorgt f\u00fcr eine gleichm\u00e4\u00dfige H\u00f6he von Pfosten zu Pfosten. Stahlrohre und verst\u00e4rkte H\u00fclsen halten dem t\u00e4glichen Gebrauch in Turnhallen, Parks und Einfahrten stand. Wenn Sie fertig sind, l\u00e4sst sich der Rahmen schnell abbauen und in der mitgelieferten Tragetasche verstauen. Er ist eine saubere, mobile L\u00f6sung f\u00fcr den Unterricht, das Spielen im Verein oder spontane Spiele mit Freunden.<\/p>","protected":false},"excerpt":{"rendered":"<p>der leuchtend gelbe rahmen gleitet auf feststellbaren rollen und steht dann stabil, w\u00e4hrend das gespannte netz die h\u00f6he beibeh\u00e4lt. in einer robusten tasche l\u00e4sst er sich leicht verstauen und transportieren.<\/p>","protected":false},"featured_media":46815,"template":"","meta":{"_gspb_post_css":""},"product_brand":[],"product_cat":[27],"product_tag":[89,248,272,159,246,271],"class_list":{"0":"post-46814","1":"product","2":"type-product","3":"status-publish","4":"has-post-thumbnail","6":"product_cat-pickleball-net","7":"product_tag-carry-bag","8":"product_tag-indoor-outdoor-play","9":"product_tag-locking-casters","10":"product_tag-pickleball-net","11":"product_tag-portable-pickleball","12":"product_tag-rolling-frame","14":"first","15":"instock","16":"shipping-taxable","17":"product-type-simple"},"_links":{"self":[{"href":"https:\/\/fsportsnet.com\/de\/wp-json\/wp\/v2\/product\/46814","targetHints":{"allow":["GET"]}}],"collection":[{"href":"https:\/\/fsportsnet.com\/de\/wp-json\/wp\/v2\/product"}],"about":[{"href":"https:\/\/fsportsnet.com\/de\/wp-json\/wp\/v2\/types\/product"}],"wp:featuredmedia":[{"embeddable":true,"href":"https:\/\/fsportsnet.com\/de\/wp-json\/wp\/v2\/media\/46815"}],"wp:attachment":[{"href":"https:\/\/fsportsnet.com\/de\/wp-json\/wp\/v2\/media?parent=46814"}],"wp:term":[{"taxonomy":"product_brand","embeddable":true,"href":"https:\/\/fsportsnet.com\/de\/wp-json\/wp\/v2\/product_brand?post=46814"},{"taxonomy":"product_cat","embeddable":true,"href":"https:\/\/fsportsnet.com\/de\/wp-json\/wp\/v2\/product_cat?post=46814"},{"taxonomy":"product_tag","embeddable":true,"href":"https:\/\/fsportsnet.com\/de\/wp-json\/wp\/v2\/product_tag?post=46814"}],"curies":[{"name":"wp","href":"https:\/\/api.w.org\/{rel}","templated":true}]}}