{"id":46819,"date":"2025-11-11T02:39:33","date_gmt":"2025-11-11T02:39:33","guid":{"rendered":"https:\/\/fsportsnet.com\/?post_type=product&#038;p=46819"},"modified":"2025-11-11T02:39:33","modified_gmt":"2025-11-11T02:39:33","slug":"adjustable-multi-sport-net-with-rolling-base-and-casters","status":"publish","type":"product","link":"https:\/\/fsportsnet.com\/de\/product\/adjustable-multi-sport-net-with-rolling-base-and-casters\/","title":{"rendered":"Verstellbares Multisportnetz mit Rollsockel und Rollen"},"content":{"rendered":"<p>Machen Sie jeden Platz flexibel. Dieses verstellbare Multisportnetz gleitet auf feststellbaren Rollen, so dass Sie es leicht aufstellen und dann f\u00fcr das Spiel sichern k\u00f6nnen. Mit den Teleskopstangen k\u00f6nnen Sie die H\u00f6he f\u00fcr Pickleball, Tennis, Volleyball oder Badminton einstellen, und die breite Basis h\u00e4lt den Rahmen bei Ballwechseln stabil. Das strapazierf\u00e4hige Netz h\u00e4lt die Spannung gleichm\u00e4\u00dfig und kann auch als \u00dcbungswand oder Spielfeldtrenner f\u00fcr \u00dcbungen und Kurse verwendet werden. Die Montage ist einfach und ohne Werkzeug m\u00f6glich, und die einzelnen Teile lassen sich zur Lagerung schnell zerlegen. Dieses Netz ist ideal f\u00fcr Schulen, Vereine, Camps und Heimturnhallen, in denen der Platz knapp ist, und bietet einen schnellen Aufbau und einen zuverl\u00e4ssigen t\u00e4glichen Einsatz.<\/p>","protected":false},"excerpt":{"rendered":"<p>ein netz f\u00fcr viele spiele. rollen sie es aus, arretieren sie die rollen und stellen sie die h\u00f6he f\u00fcr pickleball, tennis, volleyball oder badminton ein. der rahmen l\u00e4sst sich leichtg\u00e4ngig bewegen, steht stabil und l\u00e4sst sich nach dem training schnell verstauen.<\/p>","protected":false},"featured_media":46823,"template":"","meta":{"_gspb_post_css":""},"product_brand":[],"product_cat":[27],"product_tag":[276,279,275,278,105,277],"class_list":{"0":"post-46819","1":"product","2":"type-product","3":"status-publish","4":"has-post-thumbnail","6":"product_cat-pickleball-net","7":"product_tag-adjustable-height-net","8":"product_tag-indoor-outdoor-divider","9":"product_tag-multi-sport-net","10":"product_tag-pickleball-tennis-volleyball","11":"product_tag-portable-practice-net","12":"product_tag-rolling-base-casters","14":"first","15":"instock","16":"shipping-taxable","17":"product-type-simple"},"_links":{"self":[{"href":"https:\/\/fsportsnet.com\/de\/wp-json\/wp\/v2\/product\/46819","targetHints":{"allow":["GET"]}}],"collection":[{"href":"https:\/\/fsportsnet.com\/de\/wp-json\/wp\/v2\/product"}],"about":[{"href":"https:\/\/fsportsnet.com\/de\/wp-json\/wp\/v2\/types\/product"}],"wp:featuredmedia":[{"embeddable":true,"href":"https:\/\/fsportsnet.com\/de\/wp-json\/wp\/v2\/media\/46823"}],"wp:attachment":[{"href":"https:\/\/fsportsnet.com\/de\/wp-json\/wp\/v2\/media?parent=46819"}],"wp:term":[{"taxonomy":"product_brand","embeddable":true,"href":"https:\/\/fsportsnet.com\/de\/wp-json\/wp\/v2\/product_brand?post=46819"},{"taxonomy":"product_cat","embeddable":true,"href":"https:\/\/fsportsnet.com\/de\/wp-json\/wp\/v2\/product_cat?post=46819"},{"taxonomy":"product_tag","embeddable":true,"href":"https:\/\/fsportsnet.com\/de\/wp-json\/wp\/v2\/product_tag?post=46819"}],"curies":[{"name":"wp","href":"https:\/\/api.w.org\/{rel}","templated":true}]}}