{"id":571,"date":"2023-04-05T22:24:56","date_gmt":"2023-04-05T14:24:56","guid":{"rendered":"https:\/\/fsportsnet.com\/?post_type=product&#038;p=571"},"modified":"2023-04-25T11:38:30","modified_gmt":"2023-04-25T03:38:30","slug":"7x7-factory-wholesale-high-quality-portable-pitching-hitting-baseball-net","status":"publish","type":"product","link":"https:\/\/fsportsnet.com\/de\/product\/7x7-factory-wholesale-high-quality-portable-pitching-hitting-baseball-net\/","title":{"rendered":"7\u2032 X 7\u2032 Baseball Softball Praxis Pitching Net Deluxe Tee Ball Caddy"},"content":{"rendered":"<p>1. Gesamtgr\u00f6\u00dfe: 7 x 7\u2032<br \/>\n2. Rahmen: 1\u2033 dia 1.0mm dick schwarz Farbe Eisenrohr<br \/>\n3. Stange: \u03a612.7mm solides schwarzes Fiberglas<br \/>\n4. Netz: 7 Lagen 1,75\u2033 schwarzes knotenloses Polyesternetz mit 420D Gewebebindung<br \/>\n5. Material der Tragetasche: 600D-Oxford-Gewebe<br \/>\n6. Verpacken: Jedes Set in einem K=K-Karton, 114\u00d714,8\u00d714,8cm<br \/>\n7. G.W6.2kg, N.W 5.5kg<br \/>\n8. Paket: 1 x Netz, 4 x Metallrohre, 4 x Stangen, 1 x Tragetasche, 4 x U-f\u00f6rmige Pf\u00e4hle, 1 x A4 Anleitung<\/p>\n<p>\u3010ALL IN ONE COACH BUNDLE\u3011 7\u2019x7\u2032 Baseball-Softball-\u00dcbungsnetz + Deluxe Tee (4.20 lbs) + Ball Caddy + 3 Pack Baseballs + Strike Zone Zusammen f\u00fcr Trainer verpackt, macht die ausgewiesene Strike Zone es einfacher zu schlagen, perfekt f\u00fcr Anf\u00e4nger sowie Profis zu \u00fcben; Dieses Baseball- und Softball-\u00dcbungsnetz ist ideal f\u00fcr das Familientraining und eignet sich f\u00fcr Team- oder Solo-Training, wird alles, was Sie f\u00fcr das Training Setup entweder im Freien, Hinterhof, Hof, Rasen oder \u00fcberall ben\u00f6tigen.<br \/>\n\u3010EINFACHER AUFBAU UND ULTRA TRAGBAR \u3011 Das 7\u2019x7\u2019 DLX NET l\u00e4sst sich in weniger als 2 Minuten aufbauen. Enth\u00e4lt Stahlpf\u00e4hle f\u00fcr zus\u00e4tzliche Stabilit\u00e4t. Und unsere Baseball-Netz schnell montieren und kann in einer Tragetasche f\u00fcr einfache Lagerung und Platzierung verpackt werden, leicht f\u00fcr einfaches Tragen und Transport.<br \/>\n\u3010DELUXE TEE \u3011 Gro\u00dfartig f\u00fcr jede Tee-Arbeits-Batting-Session. Funktioniert f\u00fcr jeden Athleten, das Baseball-Tee ist in der H\u00f6he von 13,8\u201d bis 37,4\u201d f\u00fcr verschiedene Bed\u00fcrfnisse einstellbar.\u3010BALL CADDY\u3011 Upgrade Rei\u00dfverschluss und tragbares Design, baut in Sekunden auf, kein Werkzeug erforderlich, vollst\u00e4ndig zusammenklappbar. Stabiler Dreibein-Ball-Caddy h\u00e4lt bis zu 50 Baseb\u00e4lle oder 30 Softb\u00e4lle so viel wie ein 5-Gallonen-Eimer. 42 \u201dH\u00f6he, mit nicht mehr b\u00fccken, um einen Ball zu greifen.<\/p>","protected":false},"excerpt":{"rendered":"<p>7\u2019x7\u2032 Baseball-Softball-\u00dcbungsnetz + Deluxe Tee (4.20 lbs) + Ball Caddy + 3 Pack Baseballs + Strike Zone Zusammen f\u00fcr Trainer verpackt, macht die bezeichnete Strike Zone es einfacher zu schlagen, perfekt f\u00fcr Anf\u00e4nger als auch Profis zu \u00fcben; Diese Baseball und Softball-\u00dcbungsnetz ist ideal f\u00fcr die Familie Ausbildung und eignet sich f\u00fcr Team oder Solo-Training, wird alles, was Sie f\u00fcr die Ausbildung Setup entweder im Freien, Hinterhof, Hof, Rasen oder \u00fcberall ben\u00f6tigen.<\/p>","protected":false},"featured_media":1430,"template":"","meta":{"_gspb_post_css":""},"product_brand":[],"product_cat":[25],"product_tag":[28],"class_list":{"0":"post-571","1":"product","2":"type-product","3":"status-publish","4":"has-post-thumbnail","6":"product_cat-baseball-net","7":"product_tag-baseball-net","9":"first","10":"instock","11":"shipping-taxable","12":"product-type-simple"},"_links":{"self":[{"href":"https:\/\/fsportsnet.com\/de\/wp-json\/wp\/v2\/product\/571","targetHints":{"allow":["GET"]}}],"collection":[{"href":"https:\/\/fsportsnet.com\/de\/wp-json\/wp\/v2\/product"}],"about":[{"href":"https:\/\/fsportsnet.com\/de\/wp-json\/wp\/v2\/types\/product"}],"wp:featuredmedia":[{"embeddable":true,"href":"https:\/\/fsportsnet.com\/de\/wp-json\/wp\/v2\/media\/1430"}],"wp:attachment":[{"href":"https:\/\/fsportsnet.com\/de\/wp-json\/wp\/v2\/media?parent=571"}],"wp:term":[{"taxonomy":"product_brand","embeddable":true,"href":"https:\/\/fsportsnet.com\/de\/wp-json\/wp\/v2\/product_brand?post=571"},{"taxonomy":"product_cat","embeddable":true,"href":"https:\/\/fsportsnet.com\/de\/wp-json\/wp\/v2\/product_cat?post=571"},{"taxonomy":"product_tag","embeddable":true,"href":"https:\/\/fsportsnet.com\/de\/wp-json\/wp\/v2\/product_tag?post=571"}],"curies":[{"name":"wp","href":"https:\/\/api.w.org\/{rel}","templated":true}]}}