{"id":728,"date":"2023-04-06T12:00:49","date_gmt":"2023-04-06T04:00:49","guid":{"rendered":"https:\/\/fsportsnet.com\/?post_type=product&#038;p=728"},"modified":"2023-04-08T21:36:26","modified_gmt":"2023-04-08T13:36:26","slug":"fsports-football-trainer-throwing-net-ft-001","status":"publish","type":"product","link":"https:\/\/fsportsnet.com\/de\/product\/fsports-football-trainer-throwing-net-ft-001\/","title":{"rendered":"Fsports Fu\u00dfball Trainer Wurfnetz FT-001"},"content":{"rendered":"<ul class=\"a-unordered-list a-vertical a-spacing-mini\">\n<li><span class=\"a-list-item\">ULTIMATIVE TRAININGSHILFE: Perfektes \u00dcbungsnetz f\u00fcr Fu\u00dfballspieler aller Leistungsklassen f\u00fcr Snapping-, Wurf-, Kurzpass-, Langpass\u00fcbungen und mehr!<\/span><\/li>\n<li><span class=\"a-list-item\">WURFNETZ: 6 Fu\u00df x 6 Fu\u00df gro\u00dfes QB-Trainingsnetz mit 3 Zieltaschen, die erstklassige Empfangsbereiche simulieren<\/span><\/li>\n<li><span class=\"a-list-item\">GENAUIGKEIT VERBESSERN: Entwickelt die F\u00e4higkeiten des Quarterbacks und der Spieler, mit P\u00e4ssen ihren Standort zu treffen, um die Abschlussquote im Spiel zu verbessern.<\/span><\/li>\n<li><span class=\"a-list-item\">SCHNELLER AUFBAU: Verst\u00e4rkte faltbare Bogen Typ Rahmen mit hoher Dichte Polyester Netz und tragbare Tragetasche; Ideal f\u00fcr Fu\u00dfballspieler, Trainer und Lager<\/span><\/li>\n<\/ul>","protected":false},"excerpt":{"rendered":"<p id=\"title\" class=\"a-size-large a-spacing-none\"><span id=\"productTitle\" class=\"a-size-large product-title-word-break\">W\u00e4hlen Sie zwischen 8 ft x 8 ft oder 6 ft x 6 ft Netzen - Verbessern Sie die QB-Wurfgenauigkeit - Inklusive faltbarem Bogenrahmen und tragbarer Tragetasche<\/span><\/p>","protected":false},"featured_media":703,"template":"","meta":{"_gspb_post_css":""},"product_brand":[],"product_cat":[30],"product_tag":[],"class_list":{"0":"post-728","1":"product","2":"type-product","3":"status-publish","4":"has-post-thumbnail","6":"product_cat-football-goal","8":"first","9":"instock","10":"shipping-taxable","11":"product-type-simple"},"_links":{"self":[{"href":"https:\/\/fsportsnet.com\/de\/wp-json\/wp\/v2\/product\/728","targetHints":{"allow":["GET"]}}],"collection":[{"href":"https:\/\/fsportsnet.com\/de\/wp-json\/wp\/v2\/product"}],"about":[{"href":"https:\/\/fsportsnet.com\/de\/wp-json\/wp\/v2\/types\/product"}],"wp:featuredmedia":[{"embeddable":true,"href":"https:\/\/fsportsnet.com\/de\/wp-json\/wp\/v2\/media\/703"}],"wp:attachment":[{"href":"https:\/\/fsportsnet.com\/de\/wp-json\/wp\/v2\/media?parent=728"}],"wp:term":[{"taxonomy":"product_brand","embeddable":true,"href":"https:\/\/fsportsnet.com\/de\/wp-json\/wp\/v2\/product_brand?post=728"},{"taxonomy":"product_cat","embeddable":true,"href":"https:\/\/fsportsnet.com\/de\/wp-json\/wp\/v2\/product_cat?post=728"},{"taxonomy":"product_tag","embeddable":true,"href":"https:\/\/fsportsnet.com\/de\/wp-json\/wp\/v2\/product_tag?post=728"}],"curies":[{"name":"wp","href":"https:\/\/api.w.org\/{rel}","templated":true}]}}