{"id":732,"date":"2023-04-06T12:04:15","date_gmt":"2023-04-06T04:04:15","guid":{"rendered":"https:\/\/fsportsnet.com\/?post_type=product&#038;p=732"},"modified":"2023-04-06T12:04:15","modified_gmt":"2023-04-06T04:04:15","slug":"disc-golf-net-football-net-ft-006","status":"publish","type":"product","link":"https:\/\/fsportsnet.com\/de\/product\/disc-golf-net-football-net-ft-006\/","title":{"rendered":"Disc Golf Netz Fu\u00dfballnetz FT-006"},"content":{"rendered":"<p>1. Gesamtgr\u00f6\u00dfe: 7 x 7ft<br \/>\n2. Rahmen: \u03a625.4mm dia 1.0mm dick schwarz Farbe Eisenrohr<br \/>\n3. Stange: \u03a62.7mm schwarzes Fiberglas<br \/>\n4. Netz: 5 Lagen 1,75\u2033 schwarzes knotenloses Polyesternetz mit 420D Gewebebindung<br \/>\n5. Tragetasche\/Sandbeutel: 600D Oxford-Gewebe<br \/>\n6. Enth\u00e4lt 1 Satz Rahmen, 1sets Netz, 1set Ziel, 9 Zahlen Ziel<\/p>","protected":false},"excerpt":{"rendered":"<h5 id=\"title\" class=\"a-size-large a-spacing-none\"><span id=\"productTitle\" class=\"a-size-large product-title-word-break\">\u00a0Tragbares Disc Golf Netz &amp; Football Trainer Wurfnetz, 7ft x 7ft knotenloses Netz zur Verbesserung der QB Wurfgenauigkeit mit 9 Zieltaschen, mit Tragetasche\u00a0<\/span><\/h5>","protected":false},"featured_media":688,"template":"","meta":{"_gspb_post_css":""},"product_brand":[],"product_cat":[30],"product_tag":[],"class_list":{"0":"post-732","1":"product","2":"type-product","3":"status-publish","4":"has-post-thumbnail","6":"product_cat-football-goal","8":"first","9":"instock","10":"shipping-taxable","11":"product-type-simple"},"_links":{"self":[{"href":"https:\/\/fsportsnet.com\/de\/wp-json\/wp\/v2\/product\/732","targetHints":{"allow":["GET"]}}],"collection":[{"href":"https:\/\/fsportsnet.com\/de\/wp-json\/wp\/v2\/product"}],"about":[{"href":"https:\/\/fsportsnet.com\/de\/wp-json\/wp\/v2\/types\/product"}],"wp:featuredmedia":[{"embeddable":true,"href":"https:\/\/fsportsnet.com\/de\/wp-json\/wp\/v2\/media\/688"}],"wp:attachment":[{"href":"https:\/\/fsportsnet.com\/de\/wp-json\/wp\/v2\/media?parent=732"}],"wp:term":[{"taxonomy":"product_brand","embeddable":true,"href":"https:\/\/fsportsnet.com\/de\/wp-json\/wp\/v2\/product_brand?post=732"},{"taxonomy":"product_cat","embeddable":true,"href":"https:\/\/fsportsnet.com\/de\/wp-json\/wp\/v2\/product_cat?post=732"},{"taxonomy":"product_tag","embeddable":true,"href":"https:\/\/fsportsnet.com\/de\/wp-json\/wp\/v2\/product_tag?post=732"}],"curies":[{"name":"wp","href":"https:\/\/api.w.org\/{rel}","templated":true}]}}