{"id":735,"date":"2023-04-06T13:59:50","date_gmt":"2023-04-06T05:59:50","guid":{"rendered":"https:\/\/fsportsnet.com\/?post_type=product&#038;p=735"},"modified":"2023-04-06T14:03:29","modified_gmt":"2023-04-06T06:03:29","slug":"multi-sports-net-football-throwing-net12ft-ft-007","status":"publish","type":"product","link":"https:\/\/fsportsnet.com\/de\/product\/multi-sports-net-football-throwing-net12ft-ft-007\/","title":{"rendered":"Multi Sports Net Fu\u00dfball Wurfnetz12ft FT-007"},"content":{"rendered":"<p>1. Gr\u00f6\u00dfe: 12x8ft<br \/>\n2. Netz: Polyester 5 Lagen 1.75\u2033 knotenloses Netz<br \/>\n3. Material: \u03a631,8mm+1,0mm Rohr<br \/>\n4. Firberglass: \u03a614mm<br \/>\n5. Stoff: 600D Oxford Tuch<br \/>\n6. Tasche: 600D Oxford+PVC Gewebe<br \/>\n7. Verpackung: 1 Satz in 1Tragetasche, 1 Satz in 1 Karton, 20,5\u00d714,5\u00d7111,5cm<\/p>","protected":false},"excerpt":{"rendered":"<p>Perfektes \u00dcbungsnetz f\u00fcr Fu\u00dfballspieler aller Leistungsklassen zum Schnappen, Werfen, Kurzpassspiel, Langpassspiel und mehr!<\/p>","protected":false},"featured_media":738,"template":"","meta":{"_gspb_post_css":""},"product_brand":[],"product_cat":[30],"product_tag":[],"class_list":{"0":"post-735","1":"product","2":"type-product","3":"status-publish","4":"has-post-thumbnail","6":"product_cat-football-goal","8":"first","9":"instock","10":"shipping-taxable","11":"product-type-simple"},"_links":{"self":[{"href":"https:\/\/fsportsnet.com\/de\/wp-json\/wp\/v2\/product\/735","targetHints":{"allow":["GET"]}}],"collection":[{"href":"https:\/\/fsportsnet.com\/de\/wp-json\/wp\/v2\/product"}],"about":[{"href":"https:\/\/fsportsnet.com\/de\/wp-json\/wp\/v2\/types\/product"}],"wp:featuredmedia":[{"embeddable":true,"href":"https:\/\/fsportsnet.com\/de\/wp-json\/wp\/v2\/media\/738"}],"wp:attachment":[{"href":"https:\/\/fsportsnet.com\/de\/wp-json\/wp\/v2\/media?parent=735"}],"wp:term":[{"taxonomy":"product_brand","embeddable":true,"href":"https:\/\/fsportsnet.com\/de\/wp-json\/wp\/v2\/product_brand?post=735"},{"taxonomy":"product_cat","embeddable":true,"href":"https:\/\/fsportsnet.com\/de\/wp-json\/wp\/v2\/product_cat?post=735"},{"taxonomy":"product_tag","embeddable":true,"href":"https:\/\/fsportsnet.com\/de\/wp-json\/wp\/v2\/product_tag?post=735"}],"curies":[{"name":"wp","href":"https:\/\/api.w.org\/{rel}","templated":true}]}}