{"id":748,"date":"2023-04-06T15:55:48","date_gmt":"2023-04-06T07:55:48","guid":{"rendered":"https:\/\/fsportsnet.com\/?post_type=product&#038;p=748"},"modified":"2023-04-06T15:58:23","modified_gmt":"2023-04-06T07:58:23","slug":"innovations-portable-football-training-net-ft-009","status":"publish","type":"product","link":"https:\/\/fsportsnet.com\/de\/product\/innovations-portable-football-training-net-ft-009\/","title":{"rendered":"Innovations Tragbares Fu\u00dfball-Trainingsnetz FT-009"},"content":{"rendered":"<p>1. Gesamtgr\u00f6\u00dfe: 7x7ft<br \/>\n2. Rahmen: \u03a625.4 dia 1.0mm dick schwarz Farbe Eisenrohr<br \/>\n3. Stange: \u03a612.7mm schwarzes Fiberglas<br \/>\n4. Netz: 5 Lagen 1,75\u2033 schwarzes knotenloses Polyesternetz mit 420D Gewebebindung<br \/>\n5. Tragetasche\/Sandbeutel: 420D Oxford-Gewebe<br \/>\n6. Verpacken: Jedes Set in einem K=K-Karton, 114\u00d714,8\u00d714,8cm<\/p>","protected":false},"excerpt":{"rendered":"<ul class=\"a-unordered-list a-vertical a-spacing-mini\">\n<li><span class=\"a-list-item\">Das Netz misst 6.9\u2019L x 6.9\u2019B x 2.5\u2019H und wird mit einer Tragetasche geliefert<\/span><\/li>\n<li><span class=\"a-list-item\">Der Rahmen ist aus robustem Stahl und die Verbindungsstangen sind aus Glasfaser<\/span><\/li>\n<li><span class=\"a-list-item\">Mit 5 eingebauten Passierzielen zur Verbesserung der Genauigkeit<\/span><\/li>\n<li><span class=\"a-list-item\">Das Netz besteht aus 5 Lagen und ist sehr langlebig.<\/span><\/li>\n<li><span class=\"a-list-item\">Von Fsports Innovations<\/span><\/li>\n<\/ul>","protected":false},"featured_media":717,"template":"","meta":{"_gspb_post_css":""},"product_brand":[],"product_cat":[30],"product_tag":[],"class_list":{"0":"post-748","1":"product","2":"type-product","3":"status-publish","4":"has-post-thumbnail","6":"product_cat-football-goal","8":"first","9":"instock","10":"shipping-taxable","11":"product-type-simple"},"_links":{"self":[{"href":"https:\/\/fsportsnet.com\/de\/wp-json\/wp\/v2\/product\/748","targetHints":{"allow":["GET"]}}],"collection":[{"href":"https:\/\/fsportsnet.com\/de\/wp-json\/wp\/v2\/product"}],"about":[{"href":"https:\/\/fsportsnet.com\/de\/wp-json\/wp\/v2\/types\/product"}],"wp:featuredmedia":[{"embeddable":true,"href":"https:\/\/fsportsnet.com\/de\/wp-json\/wp\/v2\/media\/717"}],"wp:attachment":[{"href":"https:\/\/fsportsnet.com\/de\/wp-json\/wp\/v2\/media?parent=748"}],"wp:term":[{"taxonomy":"product_brand","embeddable":true,"href":"https:\/\/fsportsnet.com\/de\/wp-json\/wp\/v2\/product_brand?post=748"},{"taxonomy":"product_cat","embeddable":true,"href":"https:\/\/fsportsnet.com\/de\/wp-json\/wp\/v2\/product_cat?post=748"},{"taxonomy":"product_tag","embeddable":true,"href":"https:\/\/fsportsnet.com\/de\/wp-json\/wp\/v2\/product_tag?post=748"}],"curies":[{"name":"wp","href":"https:\/\/api.w.org\/{rel}","templated":true}]}}