{"id":754,"date":"2023-04-06T16:26:37","date_gmt":"2023-04-06T08:26:37","guid":{"rendered":"https:\/\/fsportsnet.com\/?post_type=product&#038;p=754"},"modified":"2023-04-06T16:26:38","modified_gmt":"2023-04-06T08:26:38","slug":"football-throwing-net-football-target-ft-011","status":"publish","type":"product","link":"https:\/\/fsportsnet.com\/de\/product\/football-throwing-net-football-target-ft-011\/","title":{"rendered":"Fu\u00dfball Wurfnetz Fu\u00dfball Ziel FT-011"},"content":{"rendered":"<p>1. Gesamtgr\u00f6\u00dfe: 7 x 4ft<br \/>\n2. Rahmen: \u03a61\u2033 dia 1,2mm dicke schwarze Farbe Eisenrohr<br \/>\n3. Stange: \u03a612.7mm solides schwarzes Fiberglas<br \/>\n4. Netz: 7 Lagen 1,75\u2033 schwarzes knotenloses Polyesternetz mit 420D Gewebebindung<br \/>\n5. Tragetasche\/Sandbeutel: 600D Oxford-Gewebe<br \/>\n6. Verpacken: Jedes Set in einem K=K-Karton, 114\u00d714,8\u00d714,8cm, G.W6,8kg, N.W 5,8kg<\/p>","protected":false},"excerpt":{"rendered":"<p id=\"title\" class=\"a-size-large a-spacing-none\"><span id=\"productTitle\" class=\"a-size-large product-title-word-break\">Fu\u00dfball-Kickk\u00e4fig,Fu\u00dfballnetz,Fu\u00dfball-Wurfnetz,Fu\u00dfball-Zielnetz,Fu\u00dfball-Trainingsger\u00e4te f\u00fcr den Hinterhof,Mutil-Sports Availble (Gr\u00f6\u00dfe optional)<\/span><\/p>","protected":false},"featured_media":724,"template":"","meta":{"_gspb_post_css":""},"product_brand":[],"product_cat":[30],"product_tag":[],"class_list":{"0":"post-754","1":"product","2":"type-product","3":"status-publish","4":"has-post-thumbnail","6":"product_cat-football-goal","8":"first","9":"instock","10":"shipping-taxable","11":"product-type-simple"},"_links":{"self":[{"href":"https:\/\/fsportsnet.com\/de\/wp-json\/wp\/v2\/product\/754","targetHints":{"allow":["GET"]}}],"collection":[{"href":"https:\/\/fsportsnet.com\/de\/wp-json\/wp\/v2\/product"}],"about":[{"href":"https:\/\/fsportsnet.com\/de\/wp-json\/wp\/v2\/types\/product"}],"wp:featuredmedia":[{"embeddable":true,"href":"https:\/\/fsportsnet.com\/de\/wp-json\/wp\/v2\/media\/724"}],"wp:attachment":[{"href":"https:\/\/fsportsnet.com\/de\/wp-json\/wp\/v2\/media?parent=754"}],"wp:term":[{"taxonomy":"product_brand","embeddable":true,"href":"https:\/\/fsportsnet.com\/de\/wp-json\/wp\/v2\/product_brand?post=754"},{"taxonomy":"product_cat","embeddable":true,"href":"https:\/\/fsportsnet.com\/de\/wp-json\/wp\/v2\/product_cat?post=754"},{"taxonomy":"product_tag","embeddable":true,"href":"https:\/\/fsportsnet.com\/de\/wp-json\/wp\/v2\/product_tag?post=754"}],"curies":[{"name":"wp","href":"https:\/\/api.w.org\/{rel}","templated":true}]}}