{"id":758,"date":"2023-04-06T16:28:52","date_gmt":"2023-04-06T08:28:52","guid":{"rendered":"https:\/\/fsportsnet.com\/?post_type=product&#038;p=758"},"modified":"2023-04-06T16:28:52","modified_gmt":"2023-04-06T08:28:52","slug":"8-ft-x-4-ft-football-training-vertical-target-net-ft-012","status":"publish","type":"product","link":"https:\/\/fsportsnet.com\/de\/product\/8-ft-x-4-ft-football-training-vertical-target-net-ft-012\/","title":{"rendered":"8 ft x 4 ft Fu\u00dfballtraining Vertikales Zielnetz FT-012"},"content":{"rendered":"<p>1. Gesamtgr\u00f6\u00dfe: 8 x 4ft<br \/>\n2. Rahmen: \u03a625.4 dia 1.0mm dick schwarz Farbe Eisenrohr<br \/>\n3. Stange: \u03a612.7mm schwarzes Fiberglas<br \/>\n4. Netz: 5 Lagen 1,75\u2033 schwarzes knotenloses Polyesternetz mit 420D Gewebebindung<br \/>\n5. Tragetasche\/Sandbeutel: 420D Oxford-Gewebe<br \/>\n6. Verpacken: Jedes Set in einem K=K-Karton, 114\u00d714,8\u00d714,8cm<\/p>","protected":false},"excerpt":{"rendered":"<p id=\"title\" class=\"a-size-large a-spacing-none\"><span id=\"productTitle\" class=\"a-size-large product-title-word-break\">8 ft x 4 ft Football Training Vertical Target Net, Verbesserung der QB Wurfgenauigkeit - Inklusive faltbarem Bogenrahmen und tragbarem Tragekoffer<\/span><\/p>","protected":false},"featured_media":720,"template":"","meta":{"_gspb_post_css":""},"product_brand":[],"product_cat":[30],"product_tag":[],"class_list":{"0":"post-758","1":"product","2":"type-product","3":"status-publish","4":"has-post-thumbnail","6":"product_cat-football-goal","8":"first","9":"instock","10":"shipping-taxable","11":"product-type-simple"},"_links":{"self":[{"href":"https:\/\/fsportsnet.com\/de\/wp-json\/wp\/v2\/product\/758","targetHints":{"allow":["GET"]}}],"collection":[{"href":"https:\/\/fsportsnet.com\/de\/wp-json\/wp\/v2\/product"}],"about":[{"href":"https:\/\/fsportsnet.com\/de\/wp-json\/wp\/v2\/types\/product"}],"wp:featuredmedia":[{"embeddable":true,"href":"https:\/\/fsportsnet.com\/de\/wp-json\/wp\/v2\/media\/720"}],"wp:attachment":[{"href":"https:\/\/fsportsnet.com\/de\/wp-json\/wp\/v2\/media?parent=758"}],"wp:term":[{"taxonomy":"product_brand","embeddable":true,"href":"https:\/\/fsportsnet.com\/de\/wp-json\/wp\/v2\/product_brand?post=758"},{"taxonomy":"product_cat","embeddable":true,"href":"https:\/\/fsportsnet.com\/de\/wp-json\/wp\/v2\/product_cat?post=758"},{"taxonomy":"product_tag","embeddable":true,"href":"https:\/\/fsportsnet.com\/de\/wp-json\/wp\/v2\/product_tag?post=758"}],"curies":[{"name":"wp","href":"https:\/\/api.w.org\/{rel}","templated":true}]}}