{"id":761,"date":"2023-04-06T16:43:36","date_gmt":"2023-04-06T08:43:36","guid":{"rendered":"https:\/\/fsportsnet.com\/?post_type=product&#038;p=761"},"modified":"2023-04-06T16:49:32","modified_gmt":"2023-04-06T08:49:32","slug":"baseball-softball-pitching-batting-training-net-bs-005","status":"publish","type":"product","link":"https:\/\/fsportsnet.com\/de\/product\/baseball-softball-pitching-batting-training-net-bs-005\/","title":{"rendered":"Baseball Softball Pitching Batting Training Net BS-005"},"content":{"rendered":"<p>1. Gesamtgr\u00f6\u00dfe: 7 x 7\u2032<br \/>\n2. Rahmen: 1\u2033 dia 1.0mm dick schwarz Farbe Eisenrohr<br \/>\n3. Stange: \u03a612.7mm solides schwarzes Fiberglas<br \/>\n4. Netz: 7 Lagen 1,75\u2033 schwarzes knotenloses Polyesternetz mit 420D Gewebebindung<br \/>\n5. Tragetasche Material: 600D PU mit PVC-Oxford-Gewebe<br \/>\n6. Verpacken: Jedes Set in einem K=K-Karton, 114\u00d714,8\u00d714,8cm, G.W6kg, N.W 5,5kg<\/p>","protected":false},"excerpt":{"rendered":"<p>Einfacher Aufbau des 7\u2019x7\u2019 NET, Aufbau in weniger als 2 Minuten. Enth\u00e4lt Stahlpf\u00e4hle f\u00fcr zus\u00e4tzliche Stabilit\u00e4t. Und unsere Baseball-Netz schnell montieren und kann in einer Tragetasche f\u00fcr einfache Lagerung und Platzierung verpackt werden, leicht f\u00fcr einfaches Tragen und Transport.<\/p>","protected":false},"featured_media":764,"template":"","meta":{"_gspb_post_css":""},"product_brand":[],"product_cat":[25],"product_tag":[],"class_list":{"0":"post-761","1":"product","2":"type-product","3":"status-publish","4":"has-post-thumbnail","6":"product_cat-baseball-net","8":"first","9":"instock","10":"shipping-taxable","11":"product-type-simple"},"_links":{"self":[{"href":"https:\/\/fsportsnet.com\/de\/wp-json\/wp\/v2\/product\/761","targetHints":{"allow":["GET"]}}],"collection":[{"href":"https:\/\/fsportsnet.com\/de\/wp-json\/wp\/v2\/product"}],"about":[{"href":"https:\/\/fsportsnet.com\/de\/wp-json\/wp\/v2\/types\/product"}],"wp:featuredmedia":[{"embeddable":true,"href":"https:\/\/fsportsnet.com\/de\/wp-json\/wp\/v2\/media\/764"}],"wp:attachment":[{"href":"https:\/\/fsportsnet.com\/de\/wp-json\/wp\/v2\/media?parent=761"}],"wp:term":[{"taxonomy":"product_brand","embeddable":true,"href":"https:\/\/fsportsnet.com\/de\/wp-json\/wp\/v2\/product_brand?post=761"},{"taxonomy":"product_cat","embeddable":true,"href":"https:\/\/fsportsnet.com\/de\/wp-json\/wp\/v2\/product_cat?post=761"},{"taxonomy":"product_tag","embeddable":true,"href":"https:\/\/fsportsnet.com\/de\/wp-json\/wp\/v2\/product_tag?post=761"}],"curies":[{"name":"wp","href":"https:\/\/api.w.org\/{rel}","templated":true}]}}