{"id":784,"date":"2023-04-06T21:03:44","date_gmt":"2023-04-06T13:03:44","guid":{"rendered":"https:\/\/fsportsnet.com\/?post_type=product&#038;p=784"},"modified":"2023-04-07T11:57:09","modified_gmt":"2023-04-07T03:57:09","slug":"784","status":"publish","type":"product","link":"https:\/\/fsportsnet.com\/de\/product\/784\/","title":{"rendered":"Baseball Softball \u00dcbungsnetz"},"content":{"rendered":"<p id=\"title\" class=\"a-size-large a-spacing-none\"><span id=\"productTitle\" class=\"a-size-large product-title-word-break\">Baseball und Softball Praxis Net 5\u00d75ft, 7x7ft Portable Hitting Batting Training Net mit Ziel-Zone Bundle, gewichtete Training B\u00e4lle und Tragetasche<\/span><\/p>\n<p>1. Gesamtgr\u00f6\u00dfe: 7 x 7\u2032<br \/>\n2. Rahmen: 1\u2033 dia 1.0mm dick schwarz Farbe Eisenrohr<br \/>\n3. Stange: \u03a612.7mm solides schwarzes Fiberglas<br \/>\n4. Netz: 7 Lagen 1,75\u2033 schwarzes knotenloses Polyesternetz mit 420D Gewebebindung<br \/>\n5. Tragetasche Material: 600D PU mit PVC-Oxford-Gewebe<br \/>\n6. Verpacken: Jedes Set in einem K=K-Karton, 114\u00d714,8\u00d714,8cm, G.W6kg, N.W 5,5kg<br \/>\n7. Paket: 1 x Netz, 4 x Metallrohre, 4 x Stangen, 1 x Tragetasche, 4 x U-f\u00f6rmige Pf\u00e4hle, 1 x A4 Anleitung<\/p>\n<ul class=\"a-unordered-list a-vertical a-spacing-mini\">\n<li><span class=\"a-list-item\">GEPR\u00dcFTE HALTBARKEIT: 2 x doppelt dickes Netz, schwerer und stabiler Rahmen. Erh\u00f6hte Dicke f\u00fcgt Steifigkeit und Gewicht f\u00fcr mehr Stabilit\u00e4t beim Schlagen in das Netz.<\/span><\/li>\n<li><span class=\"a-list-item\">STOPPEN SIE DEN B\u00c4LLEN AUF DEM GARTEN: Unser einzigartiges, faltbares Design macht den Aufbau des Netzes einfach, so dass Sie innerhalb weniger Minuten mit dem Training beginnen k\u00f6nnen und weniger Zeit mit der Jagd nach B\u00e4llen verlieren.<\/span><\/li>\n<li><span class=\"a-list-item\">PERFEKT F\u00dcR DIE ENTWICKLUNG DER SCHLAGER- UND SCHLAGF\u00c4HIGKEIT: Unser superstarkes 7-lagiges knotenloses Netz und die erh\u00f6hte Rahmendicke sorgen f\u00fcr mehr Steifigkeit und Gewicht und damit f\u00fcr mehr Stabilit\u00e4t beim Schlagen und Werfen ins Netz.<\/span><\/li>\n<li><span class=\"a-list-item\">FALTBAR und EINFACH ZU TRANSPORTIEREN: Das robuste und stabile, aber dennoch leichte Netz und der Rahmen lassen sich in der mitgelieferten Tragetasche zusammenklappen und einfach transportieren und lagern.<\/span><\/li>\n<\/ul>","protected":false},"excerpt":{"rendered":"<p>BS-006<\/p>\n<p>Leicht, tragbar, sichtbare 3-Tier Strike Zone, Abmessungen sind 7\u2032 Feet x 7\u2032 feet hoch.<\/p>","protected":false},"featured_media":768,"template":"","meta":{"_gspb_post_css":""},"product_brand":[],"product_cat":[25],"product_tag":[],"class_list":{"0":"post-784","1":"product","2":"type-product","3":"status-publish","4":"has-post-thumbnail","6":"product_cat-baseball-net","8":"first","9":"instock","10":"shipping-taxable","11":"product-type-simple"},"_links":{"self":[{"href":"https:\/\/fsportsnet.com\/de\/wp-json\/wp\/v2\/product\/784","targetHints":{"allow":["GET"]}}],"collection":[{"href":"https:\/\/fsportsnet.com\/de\/wp-json\/wp\/v2\/product"}],"about":[{"href":"https:\/\/fsportsnet.com\/de\/wp-json\/wp\/v2\/types\/product"}],"wp:featuredmedia":[{"embeddable":true,"href":"https:\/\/fsportsnet.com\/de\/wp-json\/wp\/v2\/media\/768"}],"wp:attachment":[{"href":"https:\/\/fsportsnet.com\/de\/wp-json\/wp\/v2\/media?parent=784"}],"wp:term":[{"taxonomy":"product_brand","embeddable":true,"href":"https:\/\/fsportsnet.com\/de\/wp-json\/wp\/v2\/product_brand?post=784"},{"taxonomy":"product_cat","embeddable":true,"href":"https:\/\/fsportsnet.com\/de\/wp-json\/wp\/v2\/product_cat?post=784"},{"taxonomy":"product_tag","embeddable":true,"href":"https:\/\/fsportsnet.com\/de\/wp-json\/wp\/v2\/product_tag?post=784"}],"curies":[{"name":"wp","href":"https:\/\/api.w.org\/{rel}","templated":true}]}}