{"id":861,"date":"2023-04-10T11:03:46","date_gmt":"2023-04-10T03:03:46","guid":{"rendered":"https:\/\/fsportsnet.com\/?post_type=product&#038;p=861"},"modified":"2023-04-10T11:46:09","modified_gmt":"2023-04-10T03:46:09","slug":"baseball-hitting-net-a-type-softball-goal-baseball-practice-net","status":"publish","type":"product","link":"https:\/\/fsportsnet.com\/de\/product\/baseball-hitting-net-a-type-softball-goal-baseball-practice-net\/","title":{"rendered":"Baseball Hitting Net A Type Softball Goal Baseball \u00dcbungsnetz"},"content":{"rendered":"<p>1. Gr\u00f6\u00dfe: 7 ft A Typle<br \/>\n2. Polyester knotenloses Netz: 7 Lagen 1,75\u2033.<br \/>\n3. Stahlrohr: \u03a625.4mm<br \/>\n4. Dicke: 1,0 mm<br \/>\n5. Fiberglas: \u03a612.7mm<br \/>\n6. Stoffbindung: 420D<\/p>\n<ul class=\"a-unordered-list a-vertical a-spacing-mini\">\n<li><span class=\"a-list-item\">7 FT X 7 FT A SCREEN: Baseball und Softball Pitching Screen bietet eine Sicherheitsbarriere, die Pitcher von Comeback Line Drives w\u00e4hrend des Schlagtrainings sch\u00fctzt; ein Must-Have Trainingshilfe f\u00fcr Trainer und Spieler aller Qualifikationsstufen<\/span><\/li>\n<li><span class=\"a-list-item\">PREMIUM KONSTRUKTION: Verst\u00e4rkter Bogenrahmen mit hochdichtem Polyesternetz f\u00fcr maximalen Schutz<\/span><\/li>\n<li><span class=\"a-list-item\">PORTABILES DESIGN: Der Bildschirm wiegt nur 11 Pfund und wird mit einer Tragetasche geliefert, die eine einfache Aufbewahrung und den Transport erm\u00f6glicht.<\/span><\/li>\n<li><span class=\"a-list-item\">VIELSEITIGES SETUP: Geeignet f\u00fcr Rechts- und Linksh\u00e4nder; auch f\u00fcr die Verwendung mit einer Pitching-Maschine geeignet (1,5 Fu\u00df Abstand erforderlich)<\/span><\/li>\n<li><span class=\"a-list-item\">SCHNELLER AUFBAU: Der gesamte Bildschirm l\u00e4sst sich in 3 Minuten zusammenbauen (kein Werkzeug erforderlich); einfacher Transport zum und vom Einsatzort mit schnellem Auf- und Abbau<\/span><\/li>\n<\/ul>\n<p>&nbsp;<\/p>","protected":false},"excerpt":{"rendered":"<p>Hohe Qualit\u00e4t 7FT Portable Folding Baseball Hitting Net Softball Goal Baseball Praxis Net1. Gr\u00f6\u00dfe: 7 ft A typle<br \/>\n2. Polyester knotenloses Netz: 7 Lagen 1,75\u2033.<br \/>\n3. Stahlrohr: \u03a625.4mm<br \/>\n4. Dicke: 1,0 mm<br \/>\n5. Fiberglas: \u03a612.7mm<br \/>\n6. Stoffbindung: 420D<\/p>","protected":false},"featured_media":776,"template":"","meta":{"_gspb_post_css":""},"product_brand":[],"product_cat":[25],"product_tag":[],"class_list":{"0":"post-861","1":"product","2":"type-product","3":"status-publish","4":"has-post-thumbnail","6":"product_cat-baseball-net","8":"first","9":"instock","10":"shipping-taxable","11":"product-type-simple"},"_links":{"self":[{"href":"https:\/\/fsportsnet.com\/de\/wp-json\/wp\/v2\/product\/861","targetHints":{"allow":["GET"]}}],"collection":[{"href":"https:\/\/fsportsnet.com\/de\/wp-json\/wp\/v2\/product"}],"about":[{"href":"https:\/\/fsportsnet.com\/de\/wp-json\/wp\/v2\/types\/product"}],"wp:featuredmedia":[{"embeddable":true,"href":"https:\/\/fsportsnet.com\/de\/wp-json\/wp\/v2\/media\/776"}],"wp:attachment":[{"href":"https:\/\/fsportsnet.com\/de\/wp-json\/wp\/v2\/media?parent=861"}],"wp:term":[{"taxonomy":"product_brand","embeddable":true,"href":"https:\/\/fsportsnet.com\/de\/wp-json\/wp\/v2\/product_brand?post=861"},{"taxonomy":"product_cat","embeddable":true,"href":"https:\/\/fsportsnet.com\/de\/wp-json\/wp\/v2\/product_cat?post=861"},{"taxonomy":"product_tag","embeddable":true,"href":"https:\/\/fsportsnet.com\/de\/wp-json\/wp\/v2\/product_tag?post=861"}],"curies":[{"name":"wp","href":"https:\/\/api.w.org\/{rel}","templated":true}]}}