{"id":866,"date":"2023-04-10T11:52:30","date_gmt":"2023-04-10T03:52:30","guid":{"rendered":"https:\/\/fsportsnet.com\/?post_type=product&#038;p=866"},"modified":"2023-04-10T11:52:31","modified_gmt":"2023-04-10T03:52:31","slug":"12-ft-x-9-ft-sports-barrier-net-baseball-practice-hitting-net","status":"publish","type":"product","link":"https:\/\/fsportsnet.com\/de\/product\/12-ft-x-9-ft-sports-barrier-net-baseball-practice-hitting-net\/","title":{"rendered":"12 ft x 9 ft Sport Barriere Netz Baseball Praxis Hitting Net"},"content":{"rendered":"<ul>\n<li><span class=\"a-list-item\">12\u2019x9\u2032 BARRIER NET; Dieser sofortige tragbare Schutzschirm oder Backstop ist gro\u00dfartig f\u00fcr jede Sportart; Der gro\u00dfe Bogenrahmen h\u00e4lt das Netz sicher und bietet eine gro\u00dfe Schlagfl\u00e4che oder Schutzfl\u00e4che; Perfekt f\u00fcr Baseball, Lacrosse, Basketball, Fu\u00dfball, Feldhockey, Softball, Streethockey<\/span><\/li>\n<\/ul>\n<ul class=\"a-unordered-list a-vertical a-spacing-mini\">\n<li><span class=\"a-list-item\">EINFACHER SCHNELLER AUFBAU \/ ULTRA PORTABEL; das Netz ist in weniger als 3 Minuten aufgebaut; es ist kein Werkzeug erforderlich; die mitgelieferten Bodenpf\u00e4hle sorgen f\u00fcr zus\u00e4tzliche Stabilit\u00e4t; die Netze halten selbst den h\u00e4rtesten Treffern oder Sch\u00fcssen stand; die zusammenklappbaren Absperrnetze lassen sich schnell und einfach f\u00fcr einen stressfreien Aufbau zusammenbauen; das geringe Gewicht erm\u00f6glicht einen einfachen Transport und die Bef\u00f6rderung zu verschiedenen Bereichen des Spielfelds w\u00e4hrend der Trainingseinheiten; das Netz l\u00e4sst sich zusammenklappen und in einer Tragetasche verstauen, so dass es langfristig gelagert und in fast jedem Fahrzeug transportiert werden kann<\/span><\/li>\n<li><span class=\"a-list-item\">HALTBAR; Unser Netz wurde entwickelt, um den h\u00e4rtesten Schl\u00e4gen, W\u00fcrfen und Sch\u00fcssen standzuhalten. Der Stahlrahmen und die flexiblen Fiberglas-Bogenstangen bieten eine stabile Basis f\u00fcr unser knotenloses Polyesternetz mit PU-Beschichtung.<\/span><\/li>\n<li><span class=\"a-list-item\">TRAINIEREN \u00dcBERALL \/ JEDERZEIT; Ideal f\u00fcr den Einsatz im Freien und in der Halle; Perfekt f\u00fcr den Schutz von Zuschauern und Spielern, Abschlag, Schlag, Pitching, Batting, Fielding Drills; Kann als tragbarer Backstop f\u00fcr jede Sportart in der Halle oder im Freien verwendet werden; Perfekt f\u00fcr Trainingseinheiten oder Scrimmages; Ideal f\u00fcr jeden Hinterhof, Garage oder auf dem Feld; Funktioniert f\u00fcr Einzel- oder Teamtraining<\/span><\/li>\n<li><span class=\"a-list-item\">INKLUSIVE: Netz, Rahmen, Bodenpf\u00e4hle und Tragetasche aus Segeltuch<\/span><\/li>\n<\/ul>","protected":false},"excerpt":{"rendered":"<p><span id=\"productTitle\" class=\"a-size-large product-title-word-break\">12 ft x 9 ft Sport Barrier Net | 108 SqFt von Schutz | Sicherheit Backstop | Portable EZ Setup Barrikade f\u00fcr Baseball, Lacrosse, Basketball, Fu\u00dfball, Feldhockey, Softball<\/span><\/p>","protected":false},"featured_media":779,"template":"","meta":{"_gspb_post_css":""},"product_brand":[],"product_cat":[25],"product_tag":[],"class_list":{"0":"post-866","1":"product","2":"type-product","3":"status-publish","4":"has-post-thumbnail","6":"product_cat-baseball-net","8":"first","9":"instock","10":"shipping-taxable","11":"product-type-simple"},"_links":{"self":[{"href":"https:\/\/fsportsnet.com\/de\/wp-json\/wp\/v2\/product\/866","targetHints":{"allow":["GET"]}}],"collection":[{"href":"https:\/\/fsportsnet.com\/de\/wp-json\/wp\/v2\/product"}],"about":[{"href":"https:\/\/fsportsnet.com\/de\/wp-json\/wp\/v2\/types\/product"}],"wp:featuredmedia":[{"embeddable":true,"href":"https:\/\/fsportsnet.com\/de\/wp-json\/wp\/v2\/media\/779"}],"wp:attachment":[{"href":"https:\/\/fsportsnet.com\/de\/wp-json\/wp\/v2\/media?parent=866"}],"wp:term":[{"taxonomy":"product_brand","embeddable":true,"href":"https:\/\/fsportsnet.com\/de\/wp-json\/wp\/v2\/product_brand?post=866"},{"taxonomy":"product_cat","embeddable":true,"href":"https:\/\/fsportsnet.com\/de\/wp-json\/wp\/v2\/product_cat?post=866"},{"taxonomy":"product_tag","embeddable":true,"href":"https:\/\/fsportsnet.com\/de\/wp-json\/wp\/v2\/product_tag?post=866"}],"curies":[{"name":"wp","href":"https:\/\/api.w.org\/{rel}","templated":true}]}}