{"id":870,"date":"2023-04-10T11:59:40","date_gmt":"2023-04-10T03:59:40","guid":{"rendered":"https:\/\/fsportsnet.com\/?post_type=product&#038;p=870"},"modified":"2023-04-10T13:39:19","modified_gmt":"2023-04-10T05:39:19","slug":"baseball-softball-pitching-screen-pitcher-protection-net-l-screen-or-i-screen","status":"publish","type":"product","link":"https:\/\/fsportsnet.com\/de\/product\/baseball-softball-pitching-screen-pitcher-protection-net-l-screen-or-i-screen\/","title":{"rendered":"Baseball &amp; Softball Pitching Screen Pitcher Schutznetz L Screen oder I Screen"},"content":{"rendered":"<div id=\"featurebullets_feature_div\" class=\"celwidget\" data-feature-name=\"featurebullets\" data-csa-c-type=\"widget\" data-csa-c-content-id=\"featurebullets\" data-csa-c-slot-id=\"featurebullets_feature_div\" data-csa-c-asin=\"B07CNT6PST\" data-csa-c-is-in-initial-active-row=\"false\" data-csa-c-id=\"yq3rio-99vc9q-mcnje0-kdyxde\" data-cel-widget=\"featurebullets_feature_div\">\n<div id=\"feature-bullets\" class=\"a-section a-spacing-medium a-spacing-top-small\">\n<ul class=\"a-unordered-list a-vertical a-spacing-mini\">\n<li>Baseball &amp; Softball Pitching Screen Pitcher Schutznetz L Screen oder I Screen<\/li>\n<li><span class=\"a-list-item\">SICHER \u00dcBEN UND SPIELEN: Das Netz ist in erster Linie dazu gedacht, den Pitcher vor zur\u00fcckkommenden Line Drives zu sch\u00fctzen.<\/span><\/li>\n<li><span class=\"a-list-item\">PERFEKTE GR\u00d6SSE: 4 Fu\u00df breit x 7 Fu\u00df hoch - gro\u00df genug, um den Krug zu sch\u00fctzen, aber klein genug, um nicht im Weg zu sein<\/span><\/li>\n<li><span class=\"a-list-item\">PREMIUM KONSTRUKTION: Verst\u00e4rkter Bogenrahmen mit hochdichtem Polyester-Netzgewebe<\/span><\/li>\n<\/ul>\n<\/div>\n<\/div>\n<ul>\n<li data-feature-name=\"provenanceCertifications\" data-csa-c-type=\"widget\" data-csa-c-content-id=\"provenanceCertifications\" data-csa-c-slot-id=\"provenanceCertifications_feature_div\" data-csa-c-asin=\"B07CNT6PST\" data-csa-c-is-in-initial-active-row=\"false\" data-csa-c-id=\"pwf3pm-c0titc-oha08-1xl09s\" data-cel-widget=\"provenanceCertifications_feature_div\">Spezifikationen<\/li>\n<li id=\"provenanceCertifications_feature_div\" class=\"celwidget\" data-feature-name=\"provenanceCertifications\" data-csa-c-type=\"widget\" data-csa-c-content-id=\"provenanceCertifications\" data-csa-c-slot-id=\"provenanceCertifications_feature_div\" data-csa-c-asin=\"B07CNT6PST\" data-csa-c-is-in-initial-active-row=\"false\" data-csa-c-id=\"pwf3pm-c0titc-oha08-1xl09s\" data-cel-widget=\"provenanceCertifications_feature_div\">1. Gr\u00f6\u00dfe: 7 x 4\u2032<br \/>\n2. Rahmen: \u03a612.7mm Glasfaser &amp; \u03a625\u00d71.0mm Stahlrohr<br \/>\n3. Netz: 5 Lagen 1,75\u2033 schwarzes knotenloses Polyesternetz mit 420D Gewebeeinband<br \/>\n4. Verpacken: Jeder Satz in einem K=K-Karton, 114\u00d714,8\u00d714,8cm\/1 Satz, G.W:4,55kg<\/li>\n<\/ul>\n<div id=\"serviceCapabilities_feature_div\" class=\"celwidget\" data-feature-name=\"serviceCapabilities\" data-csa-c-type=\"widget\" data-csa-c-content-id=\"serviceCapabilities\" data-csa-c-slot-id=\"serviceCapabilities_feature_div\" data-csa-c-asin=\"B07CNT6PST\" data-csa-c-is-in-initial-active-row=\"false\" data-csa-c-id=\"hq48za-fwcc1u-fjabvh-4buvi5\" data-cel-widget=\"serviceCapabilities_feature_div\"><\/div>","protected":false},"excerpt":{"rendered":"<p>Baseball &amp; Softball Pitching Screen Pitcher Protection Net L Screen or I Screen SAFELY PRACTICE AND PLAY: The net is primarily designed to protect pitchers from come-back line drives PERFECT SIZE: 4 ft wide x 7 ft tall &#8211; big enough to protect the pitcher, but small enough to stay out of the way PREMIUM [&hellip;]<\/p>\n","protected":false},"featured_media":882,"template":"","meta":{"_gspb_post_css":""},"product_brand":[],"product_cat":[25],"product_tag":[],"class_list":{"0":"post-870","1":"product","2":"type-product","3":"status-publish","4":"has-post-thumbnail","6":"product_cat-baseball-net","8":"first","9":"instock","10":"shipping-taxable","11":"product-type-simple"},"_links":{"self":[{"href":"https:\/\/fsportsnet.com\/de\/wp-json\/wp\/v2\/product\/870","targetHints":{"allow":["GET"]}}],"collection":[{"href":"https:\/\/fsportsnet.com\/de\/wp-json\/wp\/v2\/product"}],"about":[{"href":"https:\/\/fsportsnet.com\/de\/wp-json\/wp\/v2\/types\/product"}],"wp:featuredmedia":[{"embeddable":true,"href":"https:\/\/fsportsnet.com\/de\/wp-json\/wp\/v2\/media\/882"}],"wp:attachment":[{"href":"https:\/\/fsportsnet.com\/de\/wp-json\/wp\/v2\/media?parent=870"}],"wp:term":[{"taxonomy":"product_brand","embeddable":true,"href":"https:\/\/fsportsnet.com\/de\/wp-json\/wp\/v2\/product_brand?post=870"},{"taxonomy":"product_cat","embeddable":true,"href":"https:\/\/fsportsnet.com\/de\/wp-json\/wp\/v2\/product_cat?post=870"},{"taxonomy":"product_tag","embeddable":true,"href":"https:\/\/fsportsnet.com\/de\/wp-json\/wp\/v2\/product_tag?post=870"}],"curies":[{"name":"wp","href":"https:\/\/api.w.org\/{rel}","templated":true}]}}