{"id":879,"date":"2023-04-10T12:03:48","date_gmt":"2023-04-10T04:03:48","guid":{"rendered":"https:\/\/fsportsnet.com\/?post_type=product&#038;p=879"},"modified":"2023-04-29T14:39:07","modified_gmt":"2023-04-29T06:39:07","slug":"baseball-softball-practice-hitting-pitching-net-similar-to-bow-framegreat-for-all-skill-levelspop-up-easy-fold-up-fiberglass-framelight-weightportableblack","status":"publish","type":"product","link":"https:\/\/fsportsnet.com\/de\/product\/baseball-softball-practice-hitting-pitching-net-similar-to-bow-framegreat-for-all-skill-levelspop-up-easy-fold-up-fiberglass-framelight-weightportableblack\/","title":{"rendered":"Baseball Softball Praxis Schlagen Pitching Netz Fiberglas"},"content":{"rendered":"<ul class=\"a-unordered-list a-vertical a-spacing-mini\">\n<li><span class=\"a-list-item\">\u2211 ULTIMATIVE TRAININGSHILFE: Perfekt f\u00fcr Spieler aller Spielst\u00e4rken f\u00fcr Schlagtraining, Pitching, Fielding, Catching und Backstop, um weniger Zeit mit dem Jagen von B\u00e4llen zu verbringen und mehr Zeit mit der Verbesserung der F\u00e4higkeiten.<\/span><\/li>\n<li><span class=\"a-list-item\">\u2211 EINFACHER UND SCHNELLER AUFBAU: Langlebiger Fiberglasrahmen im Lieferumfang enthalten, der in 90 Sekunden auf eine riesige Gr\u00f6\u00dfe von 5 Fu\u00df oder 7 Fu\u00df mit Metallpf\u00e4hlen zur Verankerung des Netzes aufgebaut werden kann, was es unglaublich robust und stabil macht; l\u00e4sst sich f\u00fcr den Transport leicht zerlegen.<\/span><\/li>\n<li><span class=\"a-list-item\">\u2211 TRAINIEREN \u00dcBERALL \/ JEDERZEIT - Gro\u00dfartig f\u00fcr den Au\u00dfen- und Innenbereich. Perfekt f\u00fcr Abschlagtraining, Schlagen, Werfen, Schlagen, Feldarbeit. Kann als tragbarer Backstop verwendet werden. Perfekt f\u00fcr Trainingseinheiten. Ideal f\u00fcr jeden Hinterhof, Garage oder auf dem Feld.<\/span><\/li>\n<li><span class=\"a-list-item\">\u2211 Inklusive Metallpf\u00e4hle zur Befestigung des Netzes auf dem Rasen oder dem Spielfeld.<\/span><\/li>\n<li>1. Gr\u00f6\u00dfe: 5x5ft<br \/>\n2. Rahmen: \u03a611x4mm leer Glasfaser Verschlei\u00df elastisch<br \/>\n3. Netz: 3 Lagen 1,5\u201d wei\u00dfes, knotenloses Polyesternetz<br \/>\n4. Zielscheibe: 1\u201d Gurtband<br \/>\n5. Stoff: 210D Oxford-Gewebe<br \/>\n6. Tasche: 210D Oxford-Gewebe<\/li>\n<\/ul>","protected":false},"excerpt":{"rendered":"<p>\u2211 ULTIMATE TRAINING AID: Perfect for players of all abilities for batting practice, pitching, fielding, catching, and backstop use spend less time chasing balls and more time honing skills. \u2211 EASY QUICK SETUP: Durable fiberglass frame included, sets up in 90 seconds to huge 5 foot or 7 foot size with metal stakes to anchor [&hellip;]<\/p>\n","protected":false},"featured_media":787,"template":"","meta":{"_gspb_post_css":""},"product_brand":[],"product_cat":[25],"product_tag":[],"class_list":{"0":"post-879","1":"product","2":"type-product","3":"status-publish","4":"has-post-thumbnail","6":"product_cat-baseball-net","8":"first","9":"instock","10":"shipping-taxable","11":"product-type-simple"},"_links":{"self":[{"href":"https:\/\/fsportsnet.com\/de\/wp-json\/wp\/v2\/product\/879","targetHints":{"allow":["GET"]}}],"collection":[{"href":"https:\/\/fsportsnet.com\/de\/wp-json\/wp\/v2\/product"}],"about":[{"href":"https:\/\/fsportsnet.com\/de\/wp-json\/wp\/v2\/types\/product"}],"wp:featuredmedia":[{"embeddable":true,"href":"https:\/\/fsportsnet.com\/de\/wp-json\/wp\/v2\/media\/787"}],"wp:attachment":[{"href":"https:\/\/fsportsnet.com\/de\/wp-json\/wp\/v2\/media?parent=879"}],"wp:term":[{"taxonomy":"product_brand","embeddable":true,"href":"https:\/\/fsportsnet.com\/de\/wp-json\/wp\/v2\/product_brand?post=879"},{"taxonomy":"product_cat","embeddable":true,"href":"https:\/\/fsportsnet.com\/de\/wp-json\/wp\/v2\/product_cat?post=879"},{"taxonomy":"product_tag","embeddable":true,"href":"https:\/\/fsportsnet.com\/de\/wp-json\/wp\/v2\/product_tag?post=879"}],"curies":[{"name":"wp","href":"https:\/\/api.w.org\/{rel}","templated":true}]}}