{"id":886,"date":"2023-04-10T13:49:27","date_gmt":"2023-04-10T05:49:27","guid":{"rendered":"https:\/\/fsportsnet.com\/?post_type=product&#038;p=886"},"modified":"2023-04-10T13:49:27","modified_gmt":"2023-04-10T05:49:27","slug":"pop-up-baseball-net-practice-net-for-kids","status":"publish","type":"product","link":"https:\/\/fsportsnet.com\/de\/product\/pop-up-baseball-net-practice-net-for-kids\/","title":{"rendered":"Pop Up Baseball Net \u00dcbungsnetz f\u00fcr Kinder"},"content":{"rendered":"<ul>\n<li><span class=\"a-list-item\">ALLZWECK-SPORTNETZ: Egal, ob Sie Baseball, Lacrosse, Hockey, Fu\u00dfball oder eine andere Sportart spielen, dieses Netz ist das perfekte Trainingsger\u00e4t, das Ihnen zur Verf\u00fcgung steht<\/span><\/li>\n<\/ul>\n<ul class=\"a-unordered-list a-vertical a-spacing-mini\">\n<li><span class=\"a-list-item\">RIESIGE GR\u00d6SSE: Mit einer H\u00f6he von 7\u2032 Fu\u00df und einer Breite von 8\u2032 Fu\u00df bietet es eine maximale Abdeckung, egal ob du einen weichen Wurf machst, auf das Netz schie\u00dft oder eine Vielzahl anderer F\u00e4higkeiten \u00fcbst.<\/span><\/li>\n<li><span class=\"a-list-item\">DAUERHAFTE KONSTRUKTION: Konstruiert aus wetterfestem Polyester-Netz und starken, flexiblen Glasfaser-St\u00fctzstangen, um eine hohe Qualit\u00e4t zu gew\u00e4hrleisten, Saison f\u00fcr Saison<\/span><\/li>\n<li><span class=\"a-list-item\">INKLUSIVE ERDN\u00c4GEL: Dieses Netz wird mit Erdn\u00e4geln geliefert, damit Sie das Netz f\u00fcr zus\u00e4tzliche Stabilit\u00e4t und Unterst\u00fctzung im Boden verankern k\u00f6nnen<\/span><\/li>\n<li><span class=\"a-list-item\">TRAGBARE TRAGETASCHE: Das leichte Design und die mitgelieferte Tragetasche machen es einfach, dieses Netz mit an den Strand, in den Park oder in den Garten zu nehmen. Au\u00dferdem ist es leicht zu verpacken und zu verstauen, wenn es nicht in Gebrauch ist.<\/span><\/li>\n<\/ul>","protected":false},"excerpt":{"rendered":"<p><span id=\"productTitle\" class=\"a-size-large product-title-word-break\">Pop Up Baseball Net - Baseball + Teeball Portable Hitting + Pitching Net - Backyard Soft Toss + Practice Net f\u00fcr Kinder - All Sport Youth Net<\/span><\/p>","protected":false},"featured_media":912,"template":"","meta":{"_gspb_post_css":""},"product_brand":[],"product_cat":[25],"product_tag":[],"class_list":{"0":"post-886","1":"product","2":"type-product","3":"status-publish","4":"has-post-thumbnail","6":"product_cat-baseball-net","8":"first","9":"instock","10":"shipping-taxable","11":"product-type-simple"},"_links":{"self":[{"href":"https:\/\/fsportsnet.com\/de\/wp-json\/wp\/v2\/product\/886","targetHints":{"allow":["GET"]}}],"collection":[{"href":"https:\/\/fsportsnet.com\/de\/wp-json\/wp\/v2\/product"}],"about":[{"href":"https:\/\/fsportsnet.com\/de\/wp-json\/wp\/v2\/types\/product"}],"wp:featuredmedia":[{"embeddable":true,"href":"https:\/\/fsportsnet.com\/de\/wp-json\/wp\/v2\/media\/912"}],"wp:attachment":[{"href":"https:\/\/fsportsnet.com\/de\/wp-json\/wp\/v2\/media?parent=886"}],"wp:term":[{"taxonomy":"product_brand","embeddable":true,"href":"https:\/\/fsportsnet.com\/de\/wp-json\/wp\/v2\/product_brand?post=886"},{"taxonomy":"product_cat","embeddable":true,"href":"https:\/\/fsportsnet.com\/de\/wp-json\/wp\/v2\/product_cat?post=886"},{"taxonomy":"product_tag","embeddable":true,"href":"https:\/\/fsportsnet.com\/de\/wp-json\/wp\/v2\/product_tag?post=886"}],"curies":[{"name":"wp","href":"https:\/\/api.w.org\/{rel}","templated":true}]}}