{"id":913,"date":"2023-04-10T13:54:04","date_gmt":"2023-04-10T05:54:04","guid":{"rendered":"https:\/\/fsportsnet.com\/?post_type=product&#038;p=913"},"modified":"2023-04-10T13:54:04","modified_gmt":"2023-04-10T05:54:04","slug":"portable-disc-golf-training-net-baseball-net","status":"publish","type":"product","link":"https:\/\/fsportsnet.com\/de\/product\/portable-disc-golf-training-net-baseball-net\/","title":{"rendered":"Tragbares Disc Golf Trainingsnetz Baseballnetz"},"content":{"rendered":"<p>1. Gesamtgr\u00f6\u00dfe: 7 x 7\u2032<br \/>\n2. Rahmen: 1\u2033 dia 1.0mm dick schwarz Farbe Eisenrohr<br \/>\n3. Stange: \u03a612.7mm solides schwarzes Fiberglas<br \/>\n4. Netz: 7 Lagen 1,75\u2033 schwarzes knotenloses Polyesternetz mit 420D Gewebebindung<br \/>\n5. Tragetasche Material: 600D PU mit PVC-Oxford-Gewebe<br \/>\n6. Verpacken: Jedes Set in einem K=K-Karton, 114\u00d714,8\u00d714,8cm, G.W6kg, N.W 5,5kg<br \/>\n7. Paket: 1 x Netz, 4 x Metallrohre, 4 x Stangen, 1 x Tragetasche, 4 x U-f\u00f6rmige Pf\u00e4hle, 1 x A4 Anleitung<\/p>\n<ul class=\"a-unordered-list a-vertical a-spacing-mini\">\n<li><span class=\"a-list-item\">EINFACHER SCHNELLER AUFBAU \/ ULTRA PORTABEL; das Netz ist in weniger als 2 Minuten aufgebaut, ohne dass Werkzeug ben\u00f6tigt wird; es ist leicht und kann w\u00e4hrend der Trainingseinheiten einfach an verschiedene Orte transportiert werden; es l\u00e4sst sich zerlegen und in einer Tragetasche verstauen, damit es langfristig gelagert und in jedem Fahrzeug transportiert werden kann<\/span><\/li>\n<li><span class=\"a-list-item\">TEAM- ODER SOLO- TRAINING; Perfektes Trainingsger\u00e4t, um alleine zu \u00fcben; Dieses Netz wird Ihnen helfen, Ihre Drives, Schl\u00e4ge oder Chips zu \u00fcben, wann immer Sie alleine zu Hause oder in einem Trainingsraum \u00fcben wollen<\/span><\/li>\n<li><span class=\"a-list-item\">HALTBAR; Konstruiert, um Saison f\u00fcr Saison zu halten<\/span><\/li>\n<li><span class=\"a-list-item\">SHOULDER STRAPS; Cinch-Schn\u00fcre dienen als leichte Schultergurte<\/span><\/li>\n<\/ul>","protected":false},"excerpt":{"rendered":"<p>1. Overall size: 7 x 7&#8242; 2. Frame: 1&#8243; dia 1.0mm thick black paint iron pipe 3. Pole: \u03a612.7mm solid black fiberglass 4. Net: 7 ply 1.75&#8243; black polyester knotless net with 420D fabric binding 5. Carry case material: 600D PU with PVC oxford fabric 6. Packing: Each set in a K=K carton, 114&#215;14.8&#215;14.8cm, G.W6kg, [&hellip;]<\/p>\n","protected":false},"featured_media":789,"template":"","meta":{"_gspb_post_css":""},"product_brand":[],"product_cat":[25],"product_tag":[],"class_list":{"0":"post-913","1":"product","2":"type-product","3":"status-publish","4":"has-post-thumbnail","6":"product_cat-baseball-net","8":"first","9":"instock","10":"shipping-taxable","11":"product-type-simple"},"_links":{"self":[{"href":"https:\/\/fsportsnet.com\/de\/wp-json\/wp\/v2\/product\/913","targetHints":{"allow":["GET"]}}],"collection":[{"href":"https:\/\/fsportsnet.com\/de\/wp-json\/wp\/v2\/product"}],"about":[{"href":"https:\/\/fsportsnet.com\/de\/wp-json\/wp\/v2\/types\/product"}],"wp:featuredmedia":[{"embeddable":true,"href":"https:\/\/fsportsnet.com\/de\/wp-json\/wp\/v2\/media\/789"}],"wp:attachment":[{"href":"https:\/\/fsportsnet.com\/de\/wp-json\/wp\/v2\/media?parent=913"}],"wp:term":[{"taxonomy":"product_brand","embeddable":true,"href":"https:\/\/fsportsnet.com\/de\/wp-json\/wp\/v2\/product_brand?post=913"},{"taxonomy":"product_cat","embeddable":true,"href":"https:\/\/fsportsnet.com\/de\/wp-json\/wp\/v2\/product_cat?post=913"},{"taxonomy":"product_tag","embeddable":true,"href":"https:\/\/fsportsnet.com\/de\/wp-json\/wp\/v2\/product_tag?post=913"}],"curies":[{"name":"wp","href":"https:\/\/api.w.org\/{rel}","templated":true}]}}