{"id":916,"date":"2023-04-10T13:54:30","date_gmt":"2023-04-10T05:54:30","guid":{"rendered":"https:\/\/fsportsnet.com\/?post_type=product&#038;p=916"},"modified":"2023-04-10T14:02:42","modified_gmt":"2023-04-10T06:02:42","slug":"7ft-portable-folding-baseball-hitting-net-softball-goal-baseball-practice-net","status":"publish","type":"product","link":"https:\/\/fsportsnet.com\/de\/product\/7ft-portable-folding-baseball-hitting-net-softball-goal-baseball-practice-net\/","title":{"rendered":"7FT Portable Folding Baseball Hitting Net Softball Goal Baseball Praxis Netz"},"content":{"rendered":"<p>1. Gr\u00f6\u00dfe: 7x7ft<br \/>\n2. Stahlrohr: \u03a625,4mm x 1,0mm<br \/>\n3. Netz: 5ply 1.75\u201d PE knotenloses Netz<br \/>\n4. Zubeh\u00f6r: 4 U-f\u00f6rmige Pfl\u00f6cke, 1 Handbuch, eine Tasche<br \/>\n5. Tasche Material: 600D PU Oxford Gewebe<br \/>\n6. CTN-Gr\u00f6\u00dfe: 112x30x13cm<br \/>\n7. N.W. 8,5kg; G.W. 9,5kg<\/p>\n<ul class=\"a-unordered-list a-vertical a-spacing-mini\">\n<li><span class=\"a-list-item\">EINFACHER SCHNELLER AUFBAU \/ ULTRA PORTABEL; das Netz ist in weniger als 2 Minuten aufgebaut, ohne dass Werkzeug ben\u00f6tigt wird; es ist leicht und kann w\u00e4hrend der Trainingseinheiten einfach an verschiedene Orte transportiert werden; es l\u00e4sst sich zerlegen und in einer Tragetasche verstauen, damit es langfristig gelagert und in jedem Fahrzeug transportiert werden kann<\/span><\/li>\n<li><span class=\"a-list-item\">TEAM- ODER SOLO- TRAINING; Perfektes Trainingsger\u00e4t, um alleine zu \u00fcben; Dieses Netz wird Ihnen helfen, Ihre Drives, Schl\u00e4ge oder Chips zu \u00fcben, wann immer Sie alleine zu Hause oder in einem Trainingsraum \u00fcben wollen<\/span><\/li>\n<li><span class=\"a-list-item\">HALTBAR; Konstruiert, um Saison f\u00fcr Saison zu halten<\/span><\/li>\n<li><span class=\"a-list-item\">SHOULDER STRAPS; Cinch-Schn\u00fcre dienen als leichte Schultergurte<\/span><\/li>\n<\/ul>","protected":false},"excerpt":{"rendered":"<p>7FT Portable Folding Baseball Hitting Net Softball Goal Baseball Praxis Netz<br \/>\nPitching Training Aids Baseball-Trainingsger\u00e4te<\/p>","protected":false},"featured_media":892,"template":"","meta":{"_gspb_post_css":""},"product_brand":[],"product_cat":[25],"product_tag":[],"class_list":{"0":"post-916","1":"product","2":"type-product","3":"status-publish","4":"has-post-thumbnail","6":"product_cat-baseball-net","8":"first","9":"instock","10":"shipping-taxable","11":"product-type-simple"},"_links":{"self":[{"href":"https:\/\/fsportsnet.com\/de\/wp-json\/wp\/v2\/product\/916","targetHints":{"allow":["GET"]}}],"collection":[{"href":"https:\/\/fsportsnet.com\/de\/wp-json\/wp\/v2\/product"}],"about":[{"href":"https:\/\/fsportsnet.com\/de\/wp-json\/wp\/v2\/types\/product"}],"wp:featuredmedia":[{"embeddable":true,"href":"https:\/\/fsportsnet.com\/de\/wp-json\/wp\/v2\/media\/892"}],"wp:attachment":[{"href":"https:\/\/fsportsnet.com\/de\/wp-json\/wp\/v2\/media?parent=916"}],"wp:term":[{"taxonomy":"product_brand","embeddable":true,"href":"https:\/\/fsportsnet.com\/de\/wp-json\/wp\/v2\/product_brand?post=916"},{"taxonomy":"product_cat","embeddable":true,"href":"https:\/\/fsportsnet.com\/de\/wp-json\/wp\/v2\/product_cat?post=916"},{"taxonomy":"product_tag","embeddable":true,"href":"https:\/\/fsportsnet.com\/de\/wp-json\/wp\/v2\/product_tag?post=916"}],"curies":[{"name":"wp","href":"https:\/\/api.w.org\/{rel}","templated":true}]}}