{"id":921,"date":"2023-04-10T14:21:32","date_gmt":"2023-04-10T06:21:32","guid":{"rendered":"https:\/\/fsportsnet.com\/?post_type=product&#038;p=921"},"modified":"2023-04-10T14:29:14","modified_gmt":"2023-04-10T06:29:14","slug":"9-hole-pitching-net-with-strike-zone","status":"publish","type":"product","link":"https:\/\/fsportsnet.com\/de\/product\/9-hole-pitching-net-with-strike-zone\/","title":{"rendered":"9-Loch-Pitching-Netz mit Strike-Zone"},"content":{"rendered":"<p>70x70cm<br \/>\n1. Stahlrohr: 32 mm<br \/>\n2. Netz\uff1a7ply polyester net<br \/>\n3. Seil: PE 75ply Seil<br \/>\n4. H\u00fclse\uff1a0,5mm PVC<br \/>\n5. die innere Schicht aus Perlenbaumwolle und die \u00e4u\u00dfere Schicht aus PVC-Netzgewebe<br \/>\n6. \u00d6se 26Stk, Riegel 4Stk<br \/>\n7. Karton Gr\u00f6\u00dfe: 82x76x9cm<\/p>\n<ul class=\"a-unordered-list a-vertical a-spacing-mini\">\n<li><span class=\"a-list-item\">Das Fsports Perfect Pitch - 9-Loch-Pitching-Netz mit Strike Zone ist tragbar, so dass Sie Ihr Pitching und Werfen ohne F\u00e4nger wie ein Profi trainieren k\u00f6nnen! Perfektes Trainingshilfsmittel f\u00fcr einen Baseball-Pitcher jeden Alters.<\/span><\/li>\n<li><span class=\"a-list-item\">ACCURATE STRIKE ZONE - Eine Standard-Baseball-Platte ist 17\u2033 breit, und unser Netz ist 20\u2033 breit (ohne Schaumstoffpolsterung), so dass eine genaue Pitcher Strike Zone mit eineinhalb Zoll extra auf jeder Seite.<\/span><\/li>\n<li><span class=\"a-list-item\">STARKER STAHLRAHMEN - Diese Wurfscheibe ist mit Schlagschaum \u00fcberzogen. Dieser robuste Rahmen wird sich nicht verbiegen oder brechen, wenn ein Ball ihn trifft. Perfekt f\u00fcr den Innen- oder Au\u00dfeneinsatz. Neun Quadrat Industrie #60 Spurweite Netz ist gebaut, um zu halten.<\/span><\/li>\n<li><span class=\"a-list-item\">SCHNELLE &amp; EINFACHE H\u00d6HENANPASSUNG - Verbringen Sie mehr Zeit mit dem Werfen von Strikes und weniger Zeit mit der Anpassung Ihrer Baseball- und Softball-Trainingsausr\u00fcstung. Ziehen Sie den Stift und die Schraube heraus und w\u00e4hlen Sie ein neues Loch im Rahmen. Einfach! Schnelle Montage - setzen Sie die Beine ein und Sie sind bereit, in nur 1 Minute zu werfen!<\/span><\/li>\n<li><span class=\"a-list-item\">PRAXIS MACHT PERMANENT - Perfekte \u00dcbung macht den Meister. Dieses Pitching-\u00dcbungsnetz ist die perfekte Pitcher-Ausr\u00fcstung f\u00fcr Ihr Fast-Pitch-Softball- oder Baseball-Team oder f\u00fcr ein paar zus\u00e4tzliche W\u00fcrfe in Ihrem eigenen Hinterhof.<\/span><\/li>\n<\/ul>","protected":false},"excerpt":{"rendered":"<p>Tragbares faltbares Baseball-Schlagnetz Softball-Ziel Baseball-\u00dcbungsnetz Pitching-Trainingshilfen Baseball-Trainingsger\u00e4te<\/p>","protected":false},"featured_media":923,"template":"","meta":{"_gspb_post_css":""},"product_brand":[],"product_cat":[25],"product_tag":[],"class_list":{"0":"post-921","1":"product","2":"type-product","3":"status-publish","4":"has-post-thumbnail","6":"product_cat-baseball-net","8":"first","9":"instock","10":"shipping-taxable","11":"product-type-simple"},"_links":{"self":[{"href":"https:\/\/fsportsnet.com\/de\/wp-json\/wp\/v2\/product\/921","targetHints":{"allow":["GET"]}}],"collection":[{"href":"https:\/\/fsportsnet.com\/de\/wp-json\/wp\/v2\/product"}],"about":[{"href":"https:\/\/fsportsnet.com\/de\/wp-json\/wp\/v2\/types\/product"}],"wp:featuredmedia":[{"embeddable":true,"href":"https:\/\/fsportsnet.com\/de\/wp-json\/wp\/v2\/media\/923"}],"wp:attachment":[{"href":"https:\/\/fsportsnet.com\/de\/wp-json\/wp\/v2\/media?parent=921"}],"wp:term":[{"taxonomy":"product_brand","embeddable":true,"href":"https:\/\/fsportsnet.com\/de\/wp-json\/wp\/v2\/product_brand?post=921"},{"taxonomy":"product_cat","embeddable":true,"href":"https:\/\/fsportsnet.com\/de\/wp-json\/wp\/v2\/product_cat?post=921"},{"taxonomy":"product_tag","embeddable":true,"href":"https:\/\/fsportsnet.com\/de\/wp-json\/wp\/v2\/product_tag?post=921"}],"curies":[{"name":"wp","href":"https:\/\/api.w.org\/{rel}","templated":true}]}}