{"id":926,"date":"2023-04-10T14:29:31","date_gmt":"2023-04-10T06:29:31","guid":{"rendered":"https:\/\/fsportsnet.com\/?post_type=product&#038;p=926"},"modified":"2023-04-10T14:33:34","modified_gmt":"2023-04-10T06:33:34","slug":"baseball-9-hole-pitching-net-target","status":"publish","type":"product","link":"https:\/\/fsportsnet.com\/de\/product\/baseball-9-hole-pitching-net-target\/","title":{"rendered":"Baseball 9-Loch Pitching Net Target"},"content":{"rendered":"<p>110x126cm<br \/>\n1. Stahlrohr: \u03a61\u201d x 1,0mm<br \/>\n2. Netz: 5lagiges 1,5\u201d-Polyesternetz<br \/>\n3. Fiberglas: \u03a614mm<br \/>\n4. Zubeh\u00f6r: 4 U-f\u00f6rmige Pfl\u00f6cke, 1 Handbuch, eine Tasche<br \/>\n5. \u00c4rmel: 420D Oxford-Gewebe<br \/>\n6. Tasche Material: 600D PU Oxford Gewebe<br \/>\n7. Verpackung: 1set in einem Karton<br \/>\n8. CTN-Gr\u00f6\u00dfe: 114x14x14cm\/1 Satz<\/p>\n<ul class=\"a-unordered-list a-vertical a-spacing-mini\">\n<li><span class=\"a-list-item\">\u3010Premium Material\u3011Hergestellt aus hochwertigem, neu aufger\u00fcstetem Polyester-Faser-Material, unser Baseball-Pitching-Netz r\u00fchmt sich mit ausgezeichneter Elastizit\u00e4t und kann starken Angriffen standhalten. Mit einer robusten Basis und Glasfaserst\u00e4ben, k\u00f6nnen Sie sicher sein, dass dieses 9-Loch-Pitching-Netz gebaut ist, um zu halten.<\/span><\/li>\n<li><span class=\"a-list-item\">\u3010Einfache Montage\u3011Der Aufbau unseres Baseball-Pitching-Netzes ist ein Kinderspiel und nimmt nur ein paar Minuten Ihrer Zeit in Anspruch. Sobald Sie mit dem Training fertig sind, ist der Abbau des Netzes genauso einfach, und Sie k\u00f6nnen es in unserer kostenlosen Aufbewahrungstasche verstauen, was es unglaublich praktisch f\u00fcr die Lagerung und den Transport macht.<\/span><\/li>\n<li><span class=\"a-list-item\">9 Target Strike Zone\u3011Das einzigartige 9-Taschen-Design des Netzes verbessert Ihre Genauigkeit und Richtungsgenauigkeit beim Schlagen und Werfen von Zielen und erm\u00f6glicht ein ununterbrochenes Training f\u00fcr Einzelspieler. Mit unserem Baseball-Softball-\u00dcbungsnetz haben Sie die perfekte Trainingskoordinationsausr\u00fcstung an Ihren Fingerspitzen.<\/span><\/li>\n<li><span class=\"a-list-item\">\u3010Ideale Trainingsausr\u00fcstung\u3011Sowohl f\u00fcr Jugendliche als auch f\u00fcr Erwachsene geeignet, egal ob Sie ein Anf\u00e4nger oder ein Profi sind, unser Baseball Pitching Net ist perfekt, um Ihre F\u00e4higkeiten zu verfeinern und Ihre Schlagfertigkeit schneller zu verbessern.<\/span><\/li>\n<li><span class=\"a-list-item\">\u3010Portabel und praktisch\u3011Unser Baseball-Pitching-Netz wird mit einer kostenlosen tragbaren Aufbewahrungstasche geliefert, die nur wenig Platz einnimmt. Nach einer schnellen und m\u00fchelosen Demontage k\u00f6nnen Sie das 9-Loch-Pitching-Netz in Ihren Hof, auf den Platz oder ins Stadion mitnehmen, um jederzeit und \u00fcberall individuell oder im Team zu trainieren. Es ist die ultimative Baseball-Trainingsausr\u00fcstung.<\/span><\/li>\n<\/ul>","protected":false},"excerpt":{"rendered":"<p id=\"title\" class=\"a-size-large a-spacing-none\"><span id=\"productTitle\" class=\"a-size-large product-title-word-break\">Baseball Pitching Net, Baseball Pitching Target, Baseball Pitching Mound, Baseball 9-Loch Pitching Net, 9-Loch Pitching Net f\u00fcr Hitting und Pitching mit Strike Zone, Pitching Nets f\u00fcr Baseball und Softball<\/span><\/p>","protected":false},"featured_media":922,"template":"","meta":{"_gspb_post_css":""},"product_brand":[],"product_cat":[25],"product_tag":[],"class_list":{"0":"post-926","1":"product","2":"type-product","3":"status-publish","4":"has-post-thumbnail","6":"product_cat-baseball-net","8":"first","9":"instock","10":"shipping-taxable","11":"product-type-simple"},"_links":{"self":[{"href":"https:\/\/fsportsnet.com\/de\/wp-json\/wp\/v2\/product\/926","targetHints":{"allow":["GET"]}}],"collection":[{"href":"https:\/\/fsportsnet.com\/de\/wp-json\/wp\/v2\/product"}],"about":[{"href":"https:\/\/fsportsnet.com\/de\/wp-json\/wp\/v2\/types\/product"}],"wp:featuredmedia":[{"embeddable":true,"href":"https:\/\/fsportsnet.com\/de\/wp-json\/wp\/v2\/media\/922"}],"wp:attachment":[{"href":"https:\/\/fsportsnet.com\/de\/wp-json\/wp\/v2\/media?parent=926"}],"wp:term":[{"taxonomy":"product_brand","embeddable":true,"href":"https:\/\/fsportsnet.com\/de\/wp-json\/wp\/v2\/product_brand?post=926"},{"taxonomy":"product_cat","embeddable":true,"href":"https:\/\/fsportsnet.com\/de\/wp-json\/wp\/v2\/product_cat?post=926"},{"taxonomy":"product_tag","embeddable":true,"href":"https:\/\/fsportsnet.com\/de\/wp-json\/wp\/v2\/product_tag?post=926"}],"curies":[{"name":"wp","href":"https:\/\/api.w.org\/{rel}","templated":true}]}}