{"id":927,"date":"2023-04-10T14:33:51","date_gmt":"2023-04-10T06:33:51","guid":{"rendered":"https:\/\/fsportsnet.com\/?post_type=product&#038;p=927"},"modified":"2023-04-10T15:17:47","modified_gmt":"2023-04-10T07:17:47","slug":"baseball-and-softball-batting-cage-net-and-frame","status":"publish","type":"product","link":"https:\/\/fsportsnet.com\/de\/product\/baseball-and-softball-batting-cage-net-and-frame\/","title":{"rendered":"Baseball- und Softball-Schlagk\u00e4fignetz und Rahmen"},"content":{"rendered":"<p>Baseball-Schl\u00e4gerk\u00e4fig<br \/>\n1. Gr\u00f6\u00dfe: 20x10x3m<br \/>\n2. Polyester knotenloses Netz: 5ply 1.75\u2033<br \/>\n3. Stahlrohr: \u03a631.8mm<br \/>\n4. Dicke: 0,8 mm<\/p>\n<ul class=\"a-unordered-list a-vertical a-spacing-mini\">\n<li><span class=\"a-list-item\">Perfekte Batting Cage f\u00fcr jede Gr\u00f6\u00dfe Yard und verwendet von Spielern von 4 bis Erwachsenen.<\/span><\/li>\n<li><span class=\"a-list-item\">ALLES IN EINEM PAKET - Beinhaltet Heavy Duty Ground Stakes 1\/2\u2033 Fiberglas Stangen, 1\u2033 Strong Nylon Netting, und Built-In Batting Cage Harness, um jede Heater Sports Pitching Machine zu befestigen.<\/span><\/li>\n<li><span class=\"a-list-item\">VERBESSERT IHRE REAKTION - Da der K\u00e4fig 22 Fu\u00df gro\u00df ist, wird ein mit 50 MPH geworfener Ball bei 46 Fu\u00df wie ein 104 MPH-Wurf simuliert. Stellen Sie sich vor, wie einfach ein Pitch im Spiel nach der Verwendung von Fsports sein wird!<\/span><\/li>\n<li><span class=\"a-list-item\">EINFACHER AUF- UND ABBAU - Glasfaserstangen und leichtes Netz machen den Fsports zum einfachsten und bequemsten Batting Cage auf dem Markt. Auf- und Abbau in wenigen Minuten!<\/span><\/li>\n<li><span class=\"a-list-item\">Eingebauter Maschinengurt f\u00fcr Sicherheit - Ein eingebauter Batting Cage-Gurt erm\u00f6glicht es, dass die Pitching-Maschine zusammen mit dem Bediener f\u00fcr Sicherheit und Bequemlichkeit drau\u00dfen bleibt.<\/span><\/li>\n<\/ul>","protected":false},"excerpt":{"rendered":"<p id=\"title\" class=\"a-size-large a-spacing-none\">Perfekte Batting Cage f\u00fcr jede Gr\u00f6\u00dfe Yard und verwendet von Spielern von 4 bis Erwachsenen.<\/p>","protected":false},"featured_media":900,"template":"","meta":{"_gspb_post_css":""},"product_brand":[],"product_cat":[25],"product_tag":[],"class_list":{"0":"post-927","1":"product","2":"type-product","3":"status-publish","4":"has-post-thumbnail","6":"product_cat-baseball-net","8":"first","9":"instock","10":"shipping-taxable","11":"product-type-simple"},"_links":{"self":[{"href":"https:\/\/fsportsnet.com\/de\/wp-json\/wp\/v2\/product\/927","targetHints":{"allow":["GET"]}}],"collection":[{"href":"https:\/\/fsportsnet.com\/de\/wp-json\/wp\/v2\/product"}],"about":[{"href":"https:\/\/fsportsnet.com\/de\/wp-json\/wp\/v2\/types\/product"}],"wp:featuredmedia":[{"embeddable":true,"href":"https:\/\/fsportsnet.com\/de\/wp-json\/wp\/v2\/media\/900"}],"wp:attachment":[{"href":"https:\/\/fsportsnet.com\/de\/wp-json\/wp\/v2\/media?parent=927"}],"wp:term":[{"taxonomy":"product_brand","embeddable":true,"href":"https:\/\/fsportsnet.com\/de\/wp-json\/wp\/v2\/product_brand?post=927"},{"taxonomy":"product_cat","embeddable":true,"href":"https:\/\/fsportsnet.com\/de\/wp-json\/wp\/v2\/product_cat?post=927"},{"taxonomy":"product_tag","embeddable":true,"href":"https:\/\/fsportsnet.com\/de\/wp-json\/wp\/v2\/product_tag?post=927"}],"curies":[{"name":"wp","href":"https:\/\/api.w.org\/{rel}","templated":true}]}}